{"id":22851,"date":"2026-04-30T20:58:09","date_gmt":"2026-04-30T20:58:09","guid":{"rendered":"https:\/\/continent.lv\/product\/makita-ud2500\/"},"modified":"2026-04-30T22:10:13","modified_gmt":"2026-04-30T22:10:13","slug":"makita-ud2500","status":"publish","type":"product","link":"https:\/\/continent.lv\/ru\/product\/makita-ud2500\/","title":{"rendered":"Makita UD2500"},"content":{"rendered":"<p>\u041e\u043f\u0438\u0441\u0430\u043d\u0438\u0435<\/p>\n<p>\u0422\u0438\u0445\u0430\u044f \u0438 \u043c\u043e\u0449\u043d\u0430\u044f \u0434\u0440\u043e\u0431\u0438\u043b\u043a\u0430 \u0432\u0435\u0442\u043e\u043a \u0434\u043b\u044f \u044d\u0444\u0444\u0435\u043a\u0442\u0438\u0432\u043d\u043e\u0433\u043e \u0438\u0437\u043c\u0435\u043b\u044c\u0447\u0435\u043d\u0438\u044f \u0432\u0435\u0442\u0432\u0435\u0439. \u041c\u043e\u0449\u043d\u043e\u0441\u0442\u044c 2500 W \u0438 \u043c\u0430\u043a\u0441\u0438\u043c\u0430\u043b\u044c\u043d\u044b\u0439 \u0434\u0438\u0430\u043c\u0435\u0442\u0440 \u0432\u0435\u0442\u043e\u043a 45 \u043c\u043c. \u041e\u0431\u044a\u0435\u043c \u043a\u043e\u043d\u0442\u0435\u0439\u043d\u0435\u0440\u0430 \u0434\u043b\u044f \u043e\u0442\u0445\u043e\u0434\u043e\u0432 \u2014 67 \u043b. \u0411\u043e\u043b\u044c\u0448\u0438\u0435 \u0440\u0435\u0437\u0438\u043d\u043e\u0432\u044b\u0435 \u043a\u043e\u043b\u0435\u0441\u0430 \u0434\u043b\u044f \u0443\u0434\u043e\u0431\u0441\u0442\u0432\u0430 \u043f\u0435\u0440\u0435\u043c\u0435\u0449\u0435\u043d\u0438\u044f.<br \/>\u041f\u0440\u0435\u0438\u043c\u0443\u0449\u0435\u0441\u0442\u0432\u0430 \u0434\u043b\u044f \u043f\u043e\u043b\u044c\u0437\u043e\u0432\u0430\u0442\u0435\u043b\u044f:<\/p>\n<p>\u00a0\u00a0\u00a0 \u0410\u0432\u0442\u043e\u043c\u0430\u0442\u0438\u0447\u0435\u0441\u043a\u0430\u044f \u043e\u0447\u0438\u0441\u0442\u043a\u0430 \u043e\u0442 \u0437\u0430\u0441\u043e\u0440\u043e\u0432<br \/>\u00a0\u00a0\u00a0 \u0411\u043e\u043b\u044c\u0448\u0438\u0435 \u0440\u0435\u0437\u0438\u043d\u043e\u0432\u044b\u0435 \u043a\u043e\u043b\u0435\u0441\u0430 \u0438 \u043a\u0440\u044e\u043a \u043e\u0431\u043b\u0435\u0433\u0447\u0430\u044e\u0442 \u0442\u0440\u0430\u043d\u0441\u043f\u043e\u0440\u0442\u0438\u0440\u043e\u0432\u043a\u0443.<br \/>\u00a0\u00a0\u00a0 \u0420\u0435\u0436\u0438\u043c \u0440\u0435\u0432\u0435\u0440\u0441\u0430.<\/p>\n<p>\u0422\u0435\u0445\u043d\u0438\u0447\u0435\u0441\u043a\u0438\u0435 \u0445\u0430\u0440\u0430\u043a\u0442\u0435\u0440\u0438\u0441\u0442\u0438\u043a\u0438<br \/>Jauda\u00a0\u00a0\u00a0\u00a0 2500 W<br \/>Maks. koka grie\u0161anas kapacit\u0101te ( 90\u00b0)\u00a0\u00a0\u00a0\u00a0 45 mm<br \/>Maks. v\u0101rpstas \u0101trums\u00a0\u00a0\u00a0\u00a0 40 min\u207b\u00b9<br \/>Produkta izm\u0113ri (G x P x A)\u00a0\u00a0\u00a0\u00a0 650 x 500 x 880 mm<br \/>Produkta svars\u00a0\u00a0\u00a0\u00a0 27,60 kg<br \/>Sav\u0101k\u0161anas kastes kapacit\u0101te\u00a0\u00a0\u00a0\u00a0 67 L<br \/>Ska\u0146as jaudas l\u012bmenis (LWA)\u00a0\u00a0\u00a0\u00a0 93,49 dB(A)<br \/>Ska\u0146as spiediena l\u012bmenis (LpA)\u00a0\u00a0\u00a0\u00a0 84,4 dB(A)<br \/>\u0414\u043e\u043f\u043e\u043b\u043d\u0438\u0442\u0435\u043b\u044c\u043d\u0430\u044f \u0438\u043d\u0444\u043e\u0440\u043c\u0430\u0446\u0438\u044f<br \/>Svars\u00a0\u00a0\u00a0\u00a0 35 kg<br \/>Dimensijas\u00a0\u00a0\u00a0\u00a0 650 \u00d7 500 \u00d7 880 mm<br \/>Ra\u017eot\u0101js\u00a0\u00a0\u00a0 \u00a0<\/p>\n<p>Makita<\/p><\/p>","protected":false},"excerpt":{"rendered":"<p>Apraksts Kluss un jaud\u012bgs zaru smalcin\u0101t\u0101js efekt\u012bvai zaru sadal\u012b\u0161anai. 2500 W \u0123ener\u0113t\u0101 jauda un 45 mm maks. zaru diametrs. Zaru atlikumu tvertnes ietilp\u012bba \u2014 67 l. Lieli gumijoti rite\u0146i \u0113rtai p\u0101rvieto\u0161anai.Lietot\u0101ja priek\u0161roc\u012bbas: \u00a0\u00a0\u00a0 Autom\u0101tiska aizs\u0113r\u0113juma t\u012br\u012b\u0161ana\u00a0\u00a0\u00a0 Lieli gumijas rite\u0146i un \u0101\u0137is atvieglo p\u0101rvieto\u0161anu.\u00a0\u00a0\u00a0 Virzienmai\u0146a. Tehnisk\u0101 specifik\u0101cijaJauda\u00a0\u00a0\u00a0\u00a0 2500 WMaks. koka grie\u0161anas kapacit\u0101te ( 90\u00b0)\u00a0\u00a0\u00a0\u00a0 45 mmMaks. [&hellip;]<\/p>\n","protected":false},"featured_media":24379,"comment_status":"open","ping_status":"closed","template":"","meta":{"_joinchat":[]},"product_brand":[],"product_cat":[337],"product_tag":[],"class_list":{"0":"post-22851","1":"product","2":"type-product","3":"status-publish","4":"has-post-thumbnail","6":"product_cat-darza-tehnika-zaru-smalcinataji","8":"first","9":"instock","10":"shipping-taxable","11":"purchasable","12":"product-type-simple"},"yoast_head":"<!-- This site is optimized with the Yoast SEO plugin v27.5 - https:\/\/yoast.com\/product\/yoast-seo-wordpress\/ -->\n<title>Makita UD2500 - Continent.lv<\/title>\n<meta name=\"robots\" content=\"index, follow, max-snippet:-1, max-image-preview:large, max-video-preview:-1\" \/>\n<link rel=\"canonical\" href=\"https:\/\/continent.lv\/ru\/product\/makita-ud2500\/\" \/>\n<meta property=\"og:locale\" content=\"ru_RU\" \/>\n<meta property=\"og:type\" content=\"article\" \/>\n<meta property=\"og:title\" content=\"Makita UD2500 - Continent.lv\" \/>\n<meta property=\"og:description\" content=\"Apraksts Kluss un jaud\u012bgs zaru smalcin\u0101t\u0101js efekt\u012bvai zaru sadal\u012b\u0161anai. 2500 W \u0123ener\u0113t\u0101 jauda un 45 mm maks. zaru diametrs. Zaru atlikumu tvertnes ietilp\u012bba \u2014 67 l. Lieli gumijoti rite\u0146i \u0113rtai p\u0101rvieto\u0161anai.Lietot\u0101ja priek\u0161roc\u012bbas: \u00a0\u00a0\u00a0 Autom\u0101tiska aizs\u0113r\u0113juma t\u012br\u012b\u0161ana\u00a0\u00a0\u00a0 Lieli gumijas rite\u0146i un \u0101\u0137is atvieglo p\u0101rvieto\u0161anu.\u00a0\u00a0\u00a0 Virzienmai\u0146a. Tehnisk\u0101 specifik\u0101cijaJauda\u00a0\u00a0\u00a0\u00a0 2500 WMaks. koka grie\u0161anas kapacit\u0101te ( 90\u00b0)\u00a0\u00a0\u00a0\u00a0 45 mmMaks. [&hellip;]\" \/>\n<meta property=\"og:url\" content=\"https:\/\/continent.lv\/ru\/product\/makita-ud2500\/\" \/>\n<meta property=\"og:site_name\" content=\"Continent.lv\" \/>\n<meta property=\"article:modified_time\" content=\"2026-04-30T22:10:13+00:00\" \/>\n<meta property=\"og:image\" content=\"https:\/\/continent.lv\/wp-content\/uploads\/2026\/04\/21_r3wy-yg-1.jpeg\" \/>\n\t<meta property=\"og:image:width\" content=\"870\" \/>\n\t<meta property=\"og:image:height\" content=\"870\" \/>\n\t<meta property=\"og:image:type\" content=\"image\/jpeg\" \/>\n<meta name=\"twitter:card\" content=\"summary_large_image\" \/>\n<meta name=\"twitter:label1\" content=\"\u041f\u0440\u0438\u043c\u0435\u0440\u043d\u043e\u0435 \u0432\u0440\u0435\u043c\u044f \u0434\u043b\u044f \u0447\u0442\u0435\u043d\u0438\u044f\" \/>\n\t<meta name=\"twitter:data1\" content=\"1 \u043c\u0438\u043d\u0443\u0442\u0430\" \/>\n<script type=\"application\/ld+json\" class=\"yoast-schema-graph\">{\"@context\":\"https:\\\/\\\/schema.org\",\"@graph\":[{\"@type\":\"WebPage\",\"@id\":\"https:\\\/\\\/continent.lv\\\/product\\\/makita-ud2500\\\/\",\"url\":\"https:\\\/\\\/continent.lv\\\/product\\\/makita-ud2500\\\/\",\"name\":\"Makita UD2500 - Continent.lv\",\"isPartOf\":{\"@id\":\"https:\\\/\\\/continent.lv\\\/#website\"},\"primaryImageOfPage\":{\"@id\":\"https:\\\/\\\/continent.lv\\\/product\\\/makita-ud2500\\\/#primaryimage\"},\"image\":{\"@id\":\"https:\\\/\\\/continent.lv\\\/product\\\/makita-ud2500\\\/#primaryimage\"},\"thumbnailUrl\":\"https:\\\/\\\/continent.lv\\\/wp-content\\\/uploads\\\/2026\\\/04\\\/21_r3wy-yg-1.jpeg\",\"datePublished\":\"2026-04-30T20:58:09+00:00\",\"dateModified\":\"2026-04-30T22:10:13+00:00\",\"breadcrumb\":{\"@id\":\"https:\\\/\\\/continent.lv\\\/product\\\/makita-ud2500\\\/#breadcrumb\"},\"inLanguage\":\"ru-RU\",\"potentialAction\":[{\"@type\":\"ReadAction\",\"target\":[\"https:\\\/\\\/continent.lv\\\/product\\\/makita-ud2500\\\/\"]}]},{\"@type\":\"ImageObject\",\"inLanguage\":\"ru-RU\",\"@id\":\"https:\\\/\\\/continent.lv\\\/product\\\/makita-ud2500\\\/#primaryimage\",\"url\":\"https:\\\/\\\/continent.lv\\\/wp-content\\\/uploads\\\/2026\\\/04\\\/21_r3wy-yg-1.jpeg\",\"contentUrl\":\"https:\\\/\\\/continent.lv\\\/wp-content\\\/uploads\\\/2026\\\/04\\\/21_r3wy-yg-1.jpeg\",\"width\":870,\"height\":870},{\"@type\":\"BreadcrumbList\",\"@id\":\"https:\\\/\\\/continent.lv\\\/product\\\/makita-ud2500\\\/#breadcrumb\",\"itemListElement\":[{\"@type\":\"ListItem\",\"position\":1,\"name\":\"Home\",\"item\":\"https:\\\/\\\/continent.lv\\\/\"},{\"@type\":\"ListItem\",\"position\":2,\"name\":\"Veikals\",\"item\":\"https:\\\/\\\/continent.lv\\\/shop\\\/\"},{\"@type\":\"ListItem\",\"position\":3,\"name\":\"Makita UD2500\"}]},{\"@type\":\"WebSite\",\"@id\":\"https:\\\/\\\/continent.lv\\\/#website\",\"url\":\"https:\\\/\\\/continent.lv\\\/\",\"name\":\"Continent.lv\",\"description\":\"Sadz\u012bves pre\u010du internetveikals\",\"publisher\":{\"@id\":\"https:\\\/\\\/continent.lv\\\/#organization\"},\"potentialAction\":[{\"@type\":\"SearchAction\",\"target\":{\"@type\":\"EntryPoint\",\"urlTemplate\":\"https:\\\/\\\/continent.lv\\\/?s={search_term_string}\"},\"query-input\":{\"@type\":\"PropertyValueSpecification\",\"valueRequired\":true,\"valueName\":\"search_term_string\"}}],\"inLanguage\":\"ru-RU\"},{\"@type\":\"Organization\",\"@id\":\"https:\\\/\\\/continent.lv\\\/#organization\",\"name\":\"Continent.lv\",\"url\":\"https:\\\/\\\/continent.lv\\\/\",\"logo\":{\"@type\":\"ImageObject\",\"inLanguage\":\"ru-RU\",\"@id\":\"https:\\\/\\\/continent.lv\\\/#\\\/schema\\\/logo\\\/image\\\/\",\"url\":\"https:\\\/\\\/continent.lv\\\/wp-content\\\/uploads\\\/2026\\\/05\\\/logo_continent_5nwv-jh.jpg\",\"contentUrl\":\"https:\\\/\\\/continent.lv\\\/wp-content\\\/uploads\\\/2026\\\/05\\\/logo_continent_5nwv-jh.jpg\",\"width\":221,\"height\":50,\"caption\":\"Continent.lv\"},\"image\":{\"@id\":\"https:\\\/\\\/continent.lv\\\/#\\\/schema\\\/logo\\\/image\\\/\"}}]}<\/script>\n<!-- \/ Yoast SEO plugin. -->","yoast_head_json":{"title":"Makita UD2500 - Continent.lv","robots":{"index":"index","follow":"follow","max-snippet":"max-snippet:-1","max-image-preview":"max-image-preview:large","max-video-preview":"max-video-preview:-1"},"canonical":"https:\/\/continent.lv\/ru\/product\/makita-ud2500\/","og_locale":"ru_RU","og_type":"article","og_title":"Makita UD2500 - Continent.lv","og_description":"Apraksts Kluss un jaud\u012bgs zaru smalcin\u0101t\u0101js efekt\u012bvai zaru sadal\u012b\u0161anai. 2500 W \u0123ener\u0113t\u0101 jauda un 45 mm maks. zaru diametrs. Zaru atlikumu tvertnes ietilp\u012bba \u2014 67 l. Lieli gumijoti rite\u0146i \u0113rtai p\u0101rvieto\u0161anai.Lietot\u0101ja priek\u0161roc\u012bbas: \u00a0\u00a0\u00a0 Autom\u0101tiska aizs\u0113r\u0113juma t\u012br\u012b\u0161ana\u00a0\u00a0\u00a0 Lieli gumijas rite\u0146i un \u0101\u0137is atvieglo p\u0101rvieto\u0161anu.\u00a0\u00a0\u00a0 Virzienmai\u0146a. Tehnisk\u0101 specifik\u0101cijaJauda\u00a0\u00a0\u00a0\u00a0 2500 WMaks. koka grie\u0161anas kapacit\u0101te ( 90\u00b0)\u00a0\u00a0\u00a0\u00a0 45 mmMaks. [&hellip;]","og_url":"https:\/\/continent.lv\/ru\/product\/makita-ud2500\/","og_site_name":"Continent.lv","article_modified_time":"2026-04-30T22:10:13+00:00","og_image":[{"width":870,"height":870,"url":"https:\/\/continent.lv\/wp-content\/uploads\/2026\/04\/21_r3wy-yg-1.jpeg","type":"image\/jpeg"}],"twitter_card":"summary_large_image","twitter_misc":{"\u041f\u0440\u0438\u043c\u0435\u0440\u043d\u043e\u0435 \u0432\u0440\u0435\u043c\u044f \u0434\u043b\u044f \u0447\u0442\u0435\u043d\u0438\u044f":"1 \u043c\u0438\u043d\u0443\u0442\u0430"},"schema":{"@context":"https:\/\/schema.org","@graph":[{"@type":"WebPage","@id":"https:\/\/continent.lv\/product\/makita-ud2500\/","url":"https:\/\/continent.lv\/product\/makita-ud2500\/","name":"Makita UD2500 - Continent.lv","isPartOf":{"@id":"https:\/\/continent.lv\/#website"},"primaryImageOfPage":{"@id":"https:\/\/continent.lv\/product\/makita-ud2500\/#primaryimage"},"image":{"@id":"https:\/\/continent.lv\/product\/makita-ud2500\/#primaryimage"},"thumbnailUrl":"https:\/\/continent.lv\/wp-content\/uploads\/2026\/04\/21_r3wy-yg-1.jpeg","datePublished":"2026-04-30T20:58:09+00:00","dateModified":"2026-04-30T22:10:13+00:00","breadcrumb":{"@id":"https:\/\/continent.lv\/product\/makita-ud2500\/#breadcrumb"},"inLanguage":"ru-RU","potentialAction":[{"@type":"ReadAction","target":["https:\/\/continent.lv\/product\/makita-ud2500\/"]}]},{"@type":"ImageObject","inLanguage":"ru-RU","@id":"https:\/\/continent.lv\/product\/makita-ud2500\/#primaryimage","url":"https:\/\/continent.lv\/wp-content\/uploads\/2026\/04\/21_r3wy-yg-1.jpeg","contentUrl":"https:\/\/continent.lv\/wp-content\/uploads\/2026\/04\/21_r3wy-yg-1.jpeg","width":870,"height":870},{"@type":"BreadcrumbList","@id":"https:\/\/continent.lv\/product\/makita-ud2500\/#breadcrumb","itemListElement":[{"@type":"ListItem","position":1,"name":"Home","item":"https:\/\/continent.lv\/"},{"@type":"ListItem","position":2,"name":"Veikals","item":"https:\/\/continent.lv\/shop\/"},{"@type":"ListItem","position":3,"name":"Makita UD2500"}]},{"@type":"WebSite","@id":"https:\/\/continent.lv\/#website","url":"https:\/\/continent.lv\/","name":"Continent.lv","description":"Sadz\u012bves pre\u010du internetveikals","publisher":{"@id":"https:\/\/continent.lv\/#organization"},"potentialAction":[{"@type":"SearchAction","target":{"@type":"EntryPoint","urlTemplate":"https:\/\/continent.lv\/?s={search_term_string}"},"query-input":{"@type":"PropertyValueSpecification","valueRequired":true,"valueName":"search_term_string"}}],"inLanguage":"ru-RU"},{"@type":"Organization","@id":"https:\/\/continent.lv\/#organization","name":"Continent.lv","url":"https:\/\/continent.lv\/","logo":{"@type":"ImageObject","inLanguage":"ru-RU","@id":"https:\/\/continent.lv\/#\/schema\/logo\/image\/","url":"https:\/\/continent.lv\/wp-content\/uploads\/2026\/05\/logo_continent_5nwv-jh.jpg","contentUrl":"https:\/\/continent.lv\/wp-content\/uploads\/2026\/05\/logo_continent_5nwv-jh.jpg","width":221,"height":50,"caption":"Continent.lv"},"image":{"@id":"https:\/\/continent.lv\/#\/schema\/logo\/image\/"}}]}},"_links":{"self":[{"href":"https:\/\/continent.lv\/ru\/wp-json\/wp\/v2\/product\/22851","targetHints":{"allow":["GET"]}}],"collection":[{"href":"https:\/\/continent.lv\/ru\/wp-json\/wp\/v2\/product"}],"about":[{"href":"https:\/\/continent.lv\/ru\/wp-json\/wp\/v2\/types\/product"}],"replies":[{"embeddable":true,"href":"https:\/\/continent.lv\/ru\/wp-json\/wp\/v2\/comments?post=22851"}],"wp:featuredmedia":[{"embeddable":true,"href":"https:\/\/continent.lv\/ru\/wp-json\/wp\/v2\/media\/24379"}],"wp:attachment":[{"href":"https:\/\/continent.lv\/ru\/wp-json\/wp\/v2\/media?parent=22851"}],"wp:term":[{"taxonomy":"product_brand","embeddable":true,"href":"https:\/\/continent.lv\/ru\/wp-json\/wp\/v2\/product_brand?post=22851"},{"taxonomy":"product_cat","embeddable":true,"href":"https:\/\/continent.lv\/ru\/wp-json\/wp\/v2\/product_cat?post=22851"},{"taxonomy":"product_tag","embeddable":true,"href":"https:\/\/continent.lv\/ru\/wp-json\/wp\/v2\/product_tag?post=22851"}],"curies":[{"name":"wp","href":"https:\/\/api.w.org\/{rel}","templated":true}]}}