{"id":22801,"date":"2026-04-30T20:57:02","date_gmt":"2026-04-30T20:57:02","guid":{"rendered":"https:\/\/continent.lv\/product\/lg-gsxv90mcae-no-frost-side-by-side-179cm\/"},"modified":"2026-04-30T22:09:09","modified_gmt":"2026-04-30T22:09:09","slug":"lg-gsxv90mcae-no-frost-side-by-side-179cm","status":"publish","type":"product","link":"https:\/\/continent.lv\/ru\/product\/lg-gsxv90mcae-no-frost-side-by-side-179cm\/","title":{"rendered":"LG GSXV90MCAE No Frost Side by Side 179cm"},"content":{"rendered":"<\/p>\n<p>\u0422\u0438\u043f \u0445\u043e\u043b\u043e\u0434\u0438\u043b\u044c\u043d\u0438\u043a\u0430: Side-by-Side<br \/>\u041c\u0435\u0442\u043e\u0434 \u0440\u0430\u0437\u043c\u043e\u0440\u0430\u0436\u0438\u0432\u0430\u043d\u0438\u044f: No Frost (\u0431\u0435\u0437 \u0438\u043d\u0435\u044f)<br \/>\u0426\u0432\u0435\u0442: \u0447\u0435\u0440\u043d\u044b\u0439 (\u043c\u0430\u0442\u043e\u0432\u044b\u0439)<br \/>\u041a\u043b\u0430\u0441\u0441 \u044d\u043d\u0435\u0440\u0433\u043e\u043f\u043e\u0442\u0440\u0435\u0431\u043b\u0435\u043d\u0438\u044f: E<br \/>\u0423\u0440\u043e\u0432\u0435\u043d\u044c \u0448\u0443\u043c\u0430 (\u0434\u0411) 36<br \/>\u0423\u0440\u043e\u0432\u0435\u043d\u044c \u0448\u0443\u043c\u0430 (\u043a\u043b\u0430\u0441\u0441 C).<br \/>\u0413\u043e\u0434\u043e\u0432\u043e\u0435 \u043f\u043e\u0442\u0440\u0435\u0431\u043b\u0435\u043d\u0438\u0435 \u044d\u043d\u0435\u0440\u0433\u0438\u0438 (\u043a\u0412\u0442\u00b7\u0447) 348<br \/>\u041e\u0431\u044a\u0435\u043c \u0445\u043e\u043b\u043e\u0434\u0438\u043b\u044c\u043d\u043e\u0439 \u043a\u0430\u043c\u0435\u0440\u044b, \u043d\u0435\u0442\u0442\u043e (\u043b) 416<br \/>\u041e\u0431\u044a\u0435\u043c \u043c\u043e\u0440\u043e\u0437\u0438\u043b\u044c\u043d\u043e\u0439 \u043a\u0430\u043c\u0435\u0440\u044b, \u043d\u0435\u0442\u0442\u043e (\u043b) 219<br \/>\u041e\u0431\u0449\u0438\u0439 \u043e\u0431\u044a\u0435\u043c, \u043d\u0435\u0442\u0442\u043e (\u043b) 635<br \/>\u041c\u043e\u0449\u043d\u043e\u0441\u0442\u044c \u0437\u0430\u043c\u043e\u0440\u0430\u0436\u0438\u0432\u0430\u043d\u0438\u044f (\u043a\u0433 \/ 24\u0447): 12<br \/>\u041e\u0442\u0434\u0435\u043b\u044c\u043d\u043e\u0435 \u0445\u0440\u0430\u043d\u0435\u043d\u0438\u0435 \u0442\u0435\u043c\u043f\u0435\u0440\u0430\u0442\u0443\u0440\u044b (\u0447): 2<br \/>\u0422\u0438\u043f \u043e\u0441\u0432\u0435\u0449\u0435\u043d\u0438\u044f: LED<br \/>\u041c\u0430\u0442\u0435\u0440\u0438\u0430\u043b \u043f\u043e\u043b\u043e\u043a: \u0441\u0442\u0435\u043a\u043b\u044f\u043d\u043d\u044b\u0435 \u043f\u043e\u043b\u043a\u0438<br \/>\u041f\u0440\u0438\u0433\u043e\u0442\u043e\u0432\u043b\u0435\u043d\u0438\u0435 \u043a\u0443\u0431\u0438\u043a\u043e\u0432 \u043b\u044c\u0434\u0430 +<br \/>\u0414\u043e\u0437\u0430\u0442\u043e\u0440 \u0432\u043e\u0434\u044b +<br \/>\u0412\u044b\u0441\u043e\u0442\u0430 (\u0441\u043c) 179<br \/>\u0428\u0438\u0440\u0438\u043d\u0430 (\u0441\u043c) 91,3<br \/>\u0413\u043b\u0443\u0431\u0438\u043d\u0430 (\u0441\u043c) 73,5<br \/>\u0412\u0435\u0441 (\u043a\u0433) 137<br \/>\u0412\u0435\u0441 \u0441 \u0443\u043f\u0430\u043a\u043e\u0432\u043a\u043e\u0439 (\u043a\u0433) 148<br \/>\u041e\u0441\u043e\u0431\u044b\u0435 \u0444\u0443\u043d\u043a\u0446\u0438\u0438:<br \/>InstaViewThinQ \u2122 \u2013 veiciet dubultsk\u0101rienu un re\u0123istr\u0113jiet, UVnano \u2122 \u2013 ikdienas rumbas sprauslu atjaunin\u0101\u0161ana, LINEARCooling \u2122, DoorCooling + \u2122, FRESHBalancer \u2122, Metal Fresh \u2122, Craft Ice \u2122 \u2013 l\u0113ni k\u016bsto\u0161a ledus bumbi\u0146as, vied\u0101 vad\u012bba, WiFi, invertora line\u0101rais kompresors Compressor \u2122<\/p>","protected":false},"excerpt":{"rendered":"<p>Ledusskapja tips: Side-by-SideAtkaus\u0113\u0161anas metode: No Frost (Frost free)Kr\u0101sa: Melna (mat\u0113ta)Energoefektivit\u0101tes klase: ETrok\u0161\u0146a l\u012bmenis (dB) 36Trok\u0161\u0146a l\u012bmenis (C klase).Ener\u0123ijas pat\u0113ri\u0146\u0161 gad\u0101 (KW\/H) 348Dzes\u0113\u0161anas kameras tilpums, neto (L) 416Sald\u0113tavas tilpums, neto (L) 219Kop\u0113jais apjoms, neto (L) 635Sald\u0113\u0161anas jauda (kg \/ 24h): 12Atsevi\u0161\u0137a temperat\u016bras uzglab\u0101\u0161ana (H): 2Apgaismojuma veids: LEDPlauktu materi\u0101ls: Stikls PlauktiLedus kubi\u0146u gatavo\u0161ana +\u016adens dozators +Augstums (cm) [&hellip;]<\/p>\n","protected":false},"featured_media":24330,"comment_status":"open","ping_status":"closed","template":"","meta":{"_joinchat":[]},"product_brand":[112],"product_cat":[272],"product_tag":[],"class_list":{"0":"post-22801","1":"product","2":"type-product","3":"status-publish","4":"has-post-thumbnail","6":"product_brand-lg","7":"product_cat-sadzives-tehnika-ledusskapji","9":"first","10":"instock","11":"shipping-taxable","12":"purchasable","13":"product-type-simple"},"yoast_head":"<!-- This site is optimized with the Yoast SEO plugin v27.5 - https:\/\/yoast.com\/product\/yoast-seo-wordpress\/ -->\n<title>LG GSXV90MCAE No Frost Side by Side 179cm - Continent.lv<\/title>\n<meta name=\"robots\" content=\"index, follow, max-snippet:-1, max-image-preview:large, max-video-preview:-1\" \/>\n<link rel=\"canonical\" href=\"https:\/\/continent.lv\/ru\/product\/lg-gsxv90mcae-no-frost-side-by-side-179cm\/\" \/>\n<meta property=\"og:locale\" content=\"ru_RU\" \/>\n<meta property=\"og:type\" content=\"article\" \/>\n<meta property=\"og:title\" content=\"LG GSXV90MCAE No Frost Side by Side 179cm - Continent.lv\" \/>\n<meta property=\"og:description\" content=\"Ledusskapja tips: Side-by-SideAtkaus\u0113\u0161anas metode: No Frost (Frost free)Kr\u0101sa: Melna (mat\u0113ta)Energoefektivit\u0101tes klase: ETrok\u0161\u0146a l\u012bmenis (dB) 36Trok\u0161\u0146a l\u012bmenis (C klase).Ener\u0123ijas pat\u0113ri\u0146\u0161 gad\u0101 (KW\/H) 348Dzes\u0113\u0161anas kameras tilpums, neto (L) 416Sald\u0113tavas tilpums, neto (L) 219Kop\u0113jais apjoms, neto (L) 635Sald\u0113\u0161anas jauda (kg \/ 24h): 12Atsevi\u0161\u0137a temperat\u016bras uzglab\u0101\u0161ana (H): 2Apgaismojuma veids: LEDPlauktu materi\u0101ls: Stikls PlauktiLedus kubi\u0146u gatavo\u0161ana +\u016adens dozators +Augstums (cm) [&hellip;]\" \/>\n<meta property=\"og:url\" content=\"https:\/\/continent.lv\/ru\/product\/lg-gsxv90mcae-no-frost-side-by-side-179cm\/\" \/>\n<meta property=\"og:site_name\" content=\"Continent.lv\" \/>\n<meta property=\"article:modified_time\" content=\"2026-04-30T22:09:09+00:00\" \/>\n<meta property=\"og:image\" content=\"https:\/\/continent.lv\/wp-content\/uploads\/2026\/04\/GSXV90MCAE-7.jpg\" \/>\n\t<meta property=\"og:image:width\" content=\"1200\" \/>\n\t<meta property=\"og:image:height\" content=\"1372\" \/>\n\t<meta property=\"og:image:type\" content=\"image\/jpeg\" \/>\n<meta name=\"twitter:card\" content=\"summary_large_image\" \/>\n<meta name=\"twitter:label1\" content=\"\u041f\u0440\u0438\u043c\u0435\u0440\u043d\u043e\u0435 \u0432\u0440\u0435\u043c\u044f \u0434\u043b\u044f \u0447\u0442\u0435\u043d\u0438\u044f\" \/>\n\t<meta name=\"twitter:data1\" content=\"1 \u043c\u0438\u043d\u0443\u0442\u0430\" \/>\n<script type=\"application\/ld+json\" class=\"yoast-schema-graph\">{\"@context\":\"https:\\\/\\\/schema.org\",\"@graph\":[{\"@type\":\"WebPage\",\"@id\":\"https:\\\/\\\/continent.lv\\\/product\\\/lg-gsxv90mcae-no-frost-side-by-side-179cm\\\/\",\"url\":\"https:\\\/\\\/continent.lv\\\/product\\\/lg-gsxv90mcae-no-frost-side-by-side-179cm\\\/\",\"name\":\"LG GSXV90MCAE No Frost Side by Side 179cm - Continent.lv\",\"isPartOf\":{\"@id\":\"https:\\\/\\\/continent.lv\\\/#website\"},\"primaryImageOfPage\":{\"@id\":\"https:\\\/\\\/continent.lv\\\/product\\\/lg-gsxv90mcae-no-frost-side-by-side-179cm\\\/#primaryimage\"},\"image\":{\"@id\":\"https:\\\/\\\/continent.lv\\\/product\\\/lg-gsxv90mcae-no-frost-side-by-side-179cm\\\/#primaryimage\"},\"thumbnailUrl\":\"https:\\\/\\\/continent.lv\\\/wp-content\\\/uploads\\\/2026\\\/04\\\/GSXV90MCAE-7.jpg\",\"datePublished\":\"2026-04-30T20:57:02+00:00\",\"dateModified\":\"2026-04-30T22:09:09+00:00\",\"breadcrumb\":{\"@id\":\"https:\\\/\\\/continent.lv\\\/product\\\/lg-gsxv90mcae-no-frost-side-by-side-179cm\\\/#breadcrumb\"},\"inLanguage\":\"ru-RU\",\"potentialAction\":[{\"@type\":\"ReadAction\",\"target\":[\"https:\\\/\\\/continent.lv\\\/product\\\/lg-gsxv90mcae-no-frost-side-by-side-179cm\\\/\"]}]},{\"@type\":\"ImageObject\",\"inLanguage\":\"ru-RU\",\"@id\":\"https:\\\/\\\/continent.lv\\\/product\\\/lg-gsxv90mcae-no-frost-side-by-side-179cm\\\/#primaryimage\",\"url\":\"https:\\\/\\\/continent.lv\\\/wp-content\\\/uploads\\\/2026\\\/04\\\/GSXV90MCAE-7.jpg\",\"contentUrl\":\"https:\\\/\\\/continent.lv\\\/wp-content\\\/uploads\\\/2026\\\/04\\\/GSXV90MCAE-7.jpg\",\"width\":1200,\"height\":1372},{\"@type\":\"BreadcrumbList\",\"@id\":\"https:\\\/\\\/continent.lv\\\/product\\\/lg-gsxv90mcae-no-frost-side-by-side-179cm\\\/#breadcrumb\",\"itemListElement\":[{\"@type\":\"ListItem\",\"position\":1,\"name\":\"Home\",\"item\":\"https:\\\/\\\/continent.lv\\\/\"},{\"@type\":\"ListItem\",\"position\":2,\"name\":\"Veikals\",\"item\":\"https:\\\/\\\/continent.lv\\\/shop\\\/\"},{\"@type\":\"ListItem\",\"position\":3,\"name\":\"LG GSXV90MCAE No Frost Side by Side 179cm\"}]},{\"@type\":\"WebSite\",\"@id\":\"https:\\\/\\\/continent.lv\\\/#website\",\"url\":\"https:\\\/\\\/continent.lv\\\/\",\"name\":\"Continent.lv\",\"description\":\"Sadz\u012bves pre\u010du internetveikals\",\"publisher\":{\"@id\":\"https:\\\/\\\/continent.lv\\\/#organization\"},\"potentialAction\":[{\"@type\":\"SearchAction\",\"target\":{\"@type\":\"EntryPoint\",\"urlTemplate\":\"https:\\\/\\\/continent.lv\\\/?s={search_term_string}\"},\"query-input\":{\"@type\":\"PropertyValueSpecification\",\"valueRequired\":true,\"valueName\":\"search_term_string\"}}],\"inLanguage\":\"ru-RU\"},{\"@type\":\"Organization\",\"@id\":\"https:\\\/\\\/continent.lv\\\/#organization\",\"name\":\"Continent.lv\",\"url\":\"https:\\\/\\\/continent.lv\\\/\",\"logo\":{\"@type\":\"ImageObject\",\"inLanguage\":\"ru-RU\",\"@id\":\"https:\\\/\\\/continent.lv\\\/#\\\/schema\\\/logo\\\/image\\\/\",\"url\":\"https:\\\/\\\/continent.lv\\\/wp-content\\\/uploads\\\/2026\\\/05\\\/logo_continent_5nwv-jh.jpg\",\"contentUrl\":\"https:\\\/\\\/continent.lv\\\/wp-content\\\/uploads\\\/2026\\\/05\\\/logo_continent_5nwv-jh.jpg\",\"width\":221,\"height\":50,\"caption\":\"Continent.lv\"},\"image\":{\"@id\":\"https:\\\/\\\/continent.lv\\\/#\\\/schema\\\/logo\\\/image\\\/\"}}]}<\/script>\n<!-- \/ Yoast SEO plugin. -->","yoast_head_json":{"title":"LG GSXV90MCAE No Frost Side by Side 179cm - Continent.lv","robots":{"index":"index","follow":"follow","max-snippet":"max-snippet:-1","max-image-preview":"max-image-preview:large","max-video-preview":"max-video-preview:-1"},"canonical":"https:\/\/continent.lv\/ru\/product\/lg-gsxv90mcae-no-frost-side-by-side-179cm\/","og_locale":"ru_RU","og_type":"article","og_title":"LG GSXV90MCAE No Frost Side by Side 179cm - Continent.lv","og_description":"Ledusskapja tips: Side-by-SideAtkaus\u0113\u0161anas metode: No Frost (Frost free)Kr\u0101sa: Melna (mat\u0113ta)Energoefektivit\u0101tes klase: ETrok\u0161\u0146a l\u012bmenis (dB) 36Trok\u0161\u0146a l\u012bmenis (C klase).Ener\u0123ijas pat\u0113ri\u0146\u0161 gad\u0101 (KW\/H) 348Dzes\u0113\u0161anas kameras tilpums, neto (L) 416Sald\u0113tavas tilpums, neto (L) 219Kop\u0113jais apjoms, neto (L) 635Sald\u0113\u0161anas jauda (kg \/ 24h): 12Atsevi\u0161\u0137a temperat\u016bras uzglab\u0101\u0161ana (H): 2Apgaismojuma veids: LEDPlauktu materi\u0101ls: Stikls PlauktiLedus kubi\u0146u gatavo\u0161ana +\u016adens dozators +Augstums (cm) [&hellip;]","og_url":"https:\/\/continent.lv\/ru\/product\/lg-gsxv90mcae-no-frost-side-by-side-179cm\/","og_site_name":"Continent.lv","article_modified_time":"2026-04-30T22:09:09+00:00","og_image":[{"width":1200,"height":1372,"url":"https:\/\/continent.lv\/wp-content\/uploads\/2026\/04\/GSXV90MCAE-7.jpg","type":"image\/jpeg"}],"twitter_card":"summary_large_image","twitter_misc":{"\u041f\u0440\u0438\u043c\u0435\u0440\u043d\u043e\u0435 \u0432\u0440\u0435\u043c\u044f \u0434\u043b\u044f \u0447\u0442\u0435\u043d\u0438\u044f":"1 \u043c\u0438\u043d\u0443\u0442\u0430"},"schema":{"@context":"https:\/\/schema.org","@graph":[{"@type":"WebPage","@id":"https:\/\/continent.lv\/product\/lg-gsxv90mcae-no-frost-side-by-side-179cm\/","url":"https:\/\/continent.lv\/product\/lg-gsxv90mcae-no-frost-side-by-side-179cm\/","name":"LG GSXV90MCAE No Frost Side by Side 179cm - Continent.lv","isPartOf":{"@id":"https:\/\/continent.lv\/#website"},"primaryImageOfPage":{"@id":"https:\/\/continent.lv\/product\/lg-gsxv90mcae-no-frost-side-by-side-179cm\/#primaryimage"},"image":{"@id":"https:\/\/continent.lv\/product\/lg-gsxv90mcae-no-frost-side-by-side-179cm\/#primaryimage"},"thumbnailUrl":"https:\/\/continent.lv\/wp-content\/uploads\/2026\/04\/GSXV90MCAE-7.jpg","datePublished":"2026-04-30T20:57:02+00:00","dateModified":"2026-04-30T22:09:09+00:00","breadcrumb":{"@id":"https:\/\/continent.lv\/product\/lg-gsxv90mcae-no-frost-side-by-side-179cm\/#breadcrumb"},"inLanguage":"ru-RU","potentialAction":[{"@type":"ReadAction","target":["https:\/\/continent.lv\/product\/lg-gsxv90mcae-no-frost-side-by-side-179cm\/"]}]},{"@type":"ImageObject","inLanguage":"ru-RU","@id":"https:\/\/continent.lv\/product\/lg-gsxv90mcae-no-frost-side-by-side-179cm\/#primaryimage","url":"https:\/\/continent.lv\/wp-content\/uploads\/2026\/04\/GSXV90MCAE-7.jpg","contentUrl":"https:\/\/continent.lv\/wp-content\/uploads\/2026\/04\/GSXV90MCAE-7.jpg","width":1200,"height":1372},{"@type":"BreadcrumbList","@id":"https:\/\/continent.lv\/product\/lg-gsxv90mcae-no-frost-side-by-side-179cm\/#breadcrumb","itemListElement":[{"@type":"ListItem","position":1,"name":"Home","item":"https:\/\/continent.lv\/"},{"@type":"ListItem","position":2,"name":"Veikals","item":"https:\/\/continent.lv\/shop\/"},{"@type":"ListItem","position":3,"name":"LG GSXV90MCAE No Frost Side by Side 179cm"}]},{"@type":"WebSite","@id":"https:\/\/continent.lv\/#website","url":"https:\/\/continent.lv\/","name":"Continent.lv","description":"Sadz\u012bves pre\u010du internetveikals","publisher":{"@id":"https:\/\/continent.lv\/#organization"},"potentialAction":[{"@type":"SearchAction","target":{"@type":"EntryPoint","urlTemplate":"https:\/\/continent.lv\/?s={search_term_string}"},"query-input":{"@type":"PropertyValueSpecification","valueRequired":true,"valueName":"search_term_string"}}],"inLanguage":"ru-RU"},{"@type":"Organization","@id":"https:\/\/continent.lv\/#organization","name":"Continent.lv","url":"https:\/\/continent.lv\/","logo":{"@type":"ImageObject","inLanguage":"ru-RU","@id":"https:\/\/continent.lv\/#\/schema\/logo\/image\/","url":"https:\/\/continent.lv\/wp-content\/uploads\/2026\/05\/logo_continent_5nwv-jh.jpg","contentUrl":"https:\/\/continent.lv\/wp-content\/uploads\/2026\/05\/logo_continent_5nwv-jh.jpg","width":221,"height":50,"caption":"Continent.lv"},"image":{"@id":"https:\/\/continent.lv\/#\/schema\/logo\/image\/"}}]}},"_links":{"self":[{"href":"https:\/\/continent.lv\/ru\/wp-json\/wp\/v2\/product\/22801","targetHints":{"allow":["GET"]}}],"collection":[{"href":"https:\/\/continent.lv\/ru\/wp-json\/wp\/v2\/product"}],"about":[{"href":"https:\/\/continent.lv\/ru\/wp-json\/wp\/v2\/types\/product"}],"replies":[{"embeddable":true,"href":"https:\/\/continent.lv\/ru\/wp-json\/wp\/v2\/comments?post=22801"}],"wp:featuredmedia":[{"embeddable":true,"href":"https:\/\/continent.lv\/ru\/wp-json\/wp\/v2\/media\/24330"}],"wp:attachment":[{"href":"https:\/\/continent.lv\/ru\/wp-json\/wp\/v2\/media?parent=22801"}],"wp:term":[{"taxonomy":"product_brand","embeddable":true,"href":"https:\/\/continent.lv\/ru\/wp-json\/wp\/v2\/product_brand?post=22801"},{"taxonomy":"product_cat","embeddable":true,"href":"https:\/\/continent.lv\/ru\/wp-json\/wp\/v2\/product_cat?post=22801"},{"taxonomy":"product_tag","embeddable":true,"href":"https:\/\/continent.lv\/ru\/wp-json\/wp\/v2\/product_tag?post=22801"}],"curies":[{"name":"wp","href":"https:\/\/api.w.org\/{rel}","templated":true}]}}