{"id":22642,"date":"2026-04-30T20:51:19","date_gmt":"2026-04-30T20:51:19","guid":{"rendered":"https:\/\/continent.lv\/product\/delonghi-kbov2001bk\/"},"modified":"2026-04-30T22:05:32","modified_gmt":"2026-04-30T22:05:32","slug":"delonghi-kbov2001bk","status":"publish","type":"product","link":"https:\/\/continent.lv\/ru\/product\/delonghi-kbov2001bk\/","title":{"rendered":"De'Longhi KBOV2001BK"},"content":{"rendered":"<\/p>\n<p class=\"translation-block\"><p><\/p><p><\/p><p><span class=\"VIiyi\" lang=\"lv\"><span class=\"JLqJ4b ChMk0b\" data-language-for-alternatives=\"lv\" data-language-to-translate-into=\"ru\" data-phrase-index=\"0\" data-number-of-phrases=\"9\">\u0427\u0435\u0440\u043d\u044b\u0439 \u0446\u0432\u0435\u0442<\/span><span class=\"JLqJ4b\" data-language-for-alternatives=\"lv\" data-language-to-translate-into=\"ru\" data-phrase-index=\"1\" data-number-of-phrases=\"9\"><br><\/span><span class=\"JLqJ4b ChMk0b\" data-language-for-alternatives=\"lv\" data-language-to-translate-into=\"ru\" data-phrase-index=\"2\" data-number-of-phrases=\"9\">\u042d\u043d\u0435\u0440\u0433\u0438\u044f<\/span><span class=\"JLqJ4b\" data-language-for-alternatives=\"lv\" data-language-to-translate-into=\"ru\" data-phrase-index=\"3\" data-number-of-phrases=\"9\"><br><\/span><span class=\"JLqJ4b ChMk0b\" data-language-for-alternatives=\"lv\" data-language-to-translate-into=\"ru\" data-phrase-index=\"4\" data-number-of-phrases=\"9\">\u041c\u043e\u0449\u043d\u043e\u0441\u0442\u044c (W) 2000<\/span><span class=\"JLqJ4b\" data-language-for-alternatives=\"lv\" data-language-to-translate-into=\"ru\" data-phrase-index=\"5\" data-number-of-phrases=\"9\"><br><\/span><span class=\"JLqJ4b ChMk0b\" data-language-for-alternatives=\"lv\" data-language-to-translate-into=\"ru\" data-phrase-index=\"6\" data-number-of-phrases=\"9\">\u0427\u0430\u0439\u043d\u0438\u043a<\/span><span class=\"JLqJ4b\" data-language-for-alternatives=\"lv\" data-language-to-translate-into=\"ru\" data-phrase-index=\"7\" data-number-of-phrases=\"9\"><br><\/span><span class=\"JLqJ4b ChMk0b\" data-language-for-alternatives=\"lv\" data-language-to-translate-into=\"ru\" data-phrase-index=\"8\" data-number-of-phrases=\"9\">\u041e\u0431\u044a\u0435\u043c (L) 1.7<\/span><\/span><\/p><p><\/p><\/p><\/p>","protected":false},"excerpt":{"rendered":"<p class=\"translation-block\"><p><\/p><p><\/p><p><span class=\"VIiyi\" lang=\"lv\"><span class=\"JLqJ4b ChMk0b\" data-language-for-alternatives=\"lv\" data-language-to-translate-into=\"ru\" data-phrase-index=\"0\" data-number-of-phrases=\"9\">\u0427\u0435\u0440\u043d\u044b\u0439 \u0446\u0432\u0435\u0442<\/span><span class=\"JLqJ4b\" data-language-for-alternatives=\"lv\" data-language-to-translate-into=\"ru\" data-phrase-index=\"1\" data-number-of-phrases=\"9\"><br><\/span><span class=\"JLqJ4b ChMk0b\" data-language-for-alternatives=\"lv\" data-language-to-translate-into=\"ru\" data-phrase-index=\"2\" data-number-of-phrases=\"9\">\u042d\u043d\u0435\u0440\u0433\u0438\u044f<\/span><span class=\"JLqJ4b\" data-language-for-alternatives=\"lv\" data-language-to-translate-into=\"ru\" data-phrase-index=\"3\" data-number-of-phrases=\"9\"><br><\/span><span class=\"JLqJ4b ChMk0b\" data-language-for-alternatives=\"lv\" data-language-to-translate-into=\"ru\" data-phrase-index=\"4\" data-number-of-phrases=\"9\">\u041c\u043e\u0449\u043d\u043e\u0441\u0442\u044c (W) 2000<\/span><span class=\"JLqJ4b\" data-language-for-alternatives=\"lv\" data-language-to-translate-into=\"ru\" data-phrase-index=\"5\" data-number-of-phrases=\"9\"><br><\/span><span class=\"JLqJ4b ChMk0b\" data-language-for-alternatives=\"lv\" data-language-to-translate-into=\"ru\" data-phrase-index=\"6\" data-number-of-phrases=\"9\">\u0427\u0430\u0439\u043d\u0438\u043a<\/span><span class=\"JLqJ4b\" data-language-for-alternatives=\"lv\" data-language-to-translate-into=\"ru\" data-phrase-index=\"7\" data-number-of-phrases=\"9\"><br><\/span><span class=\"JLqJ4b ChMk0b\" data-language-for-alternatives=\"lv\" data-language-to-translate-into=\"ru\" data-phrase-index=\"8\" data-number-of-phrases=\"9\">\u041e\u0431\u044a\u0435\u043c (L) 1.7<\/span><\/span><\/p><p><\/p><\/p>","protected":false},"featured_media":24219,"comment_status":"open","ping_status":"closed","template":"","meta":{"_joinchat":[]},"product_brand":[],"product_cat":[333],"product_tag":[],"class_list":{"0":"post-22642","1":"product","2":"type-product","3":"status-publish","4":"has-post-thumbnail","6":"product_cat-maza-sadzives-tehnika-elektriskas-tejkannas","8":"first","9":"instock","10":"shipping-taxable","11":"purchasable","12":"product-type-simple"},"yoast_head":"<!-- This site is optimized with the Yoast SEO plugin v27.5 - https:\/\/yoast.com\/product\/yoast-seo-wordpress\/ -->\n<title>De&#039;Longhi KBOV2001BK - Continent.lv<\/title>\n<meta name=\"robots\" content=\"index, follow, max-snippet:-1, max-image-preview:large, max-video-preview:-1\" \/>\n<link rel=\"canonical\" href=\"https:\/\/continent.lv\/ru\/product\/delonghi-kbov2001bk\/\" \/>\n<meta property=\"og:locale\" content=\"ru_RU\" \/>\n<meta property=\"og:type\" content=\"article\" \/>\n<meta property=\"og:title\" content=\"De&#039;Longhi KBOV2001BK - Continent.lv\" \/>\n<meta property=\"og:description\" content=\"Melna kr\u0101saEner\u0123ijaJauda (W) 2000T\u0113jkannasTilpums (L) 1.7\" \/>\n<meta property=\"og:url\" content=\"https:\/\/continent.lv\/ru\/product\/delonghi-kbov2001bk\/\" \/>\n<meta property=\"og:site_name\" content=\"Continent.lv\" \/>\n<meta property=\"article:modified_time\" content=\"2026-04-30T22:05:32+00:00\" \/>\n<meta property=\"og:image\" content=\"https:\/\/continent.lv\/wp-content\/uploads\/2026\/04\/KBOV2001BK-1.jpg\" \/>\n\t<meta property=\"og:image:width\" content=\"1200\" \/>\n\t<meta property=\"og:image:height\" content=\"1372\" \/>\n\t<meta property=\"og:image:type\" content=\"image\/jpeg\" \/>\n<meta name=\"twitter:card\" content=\"summary_large_image\" \/>\n<script type=\"application\/ld+json\" class=\"yoast-schema-graph\">{\"@context\":\"https:\\\/\\\/schema.org\",\"@graph\":[{\"@type\":\"WebPage\",\"@id\":\"https:\\\/\\\/continent.lv\\\/product\\\/delonghi-kbov2001bk\\\/\",\"url\":\"https:\\\/\\\/continent.lv\\\/product\\\/delonghi-kbov2001bk\\\/\",\"name\":\"De'Longhi KBOV2001BK - Continent.lv\",\"isPartOf\":{\"@id\":\"https:\\\/\\\/continent.lv\\\/#website\"},\"primaryImageOfPage\":{\"@id\":\"https:\\\/\\\/continent.lv\\\/product\\\/delonghi-kbov2001bk\\\/#primaryimage\"},\"image\":{\"@id\":\"https:\\\/\\\/continent.lv\\\/product\\\/delonghi-kbov2001bk\\\/#primaryimage\"},\"thumbnailUrl\":\"https:\\\/\\\/continent.lv\\\/wp-content\\\/uploads\\\/2026\\\/04\\\/KBOV2001BK-1.jpg\",\"datePublished\":\"2026-04-30T20:51:19+00:00\",\"dateModified\":\"2026-04-30T22:05:32+00:00\",\"breadcrumb\":{\"@id\":\"https:\\\/\\\/continent.lv\\\/product\\\/delonghi-kbov2001bk\\\/#breadcrumb\"},\"inLanguage\":\"ru-RU\",\"potentialAction\":[{\"@type\":\"ReadAction\",\"target\":[\"https:\\\/\\\/continent.lv\\\/product\\\/delonghi-kbov2001bk\\\/\"]}]},{\"@type\":\"ImageObject\",\"inLanguage\":\"ru-RU\",\"@id\":\"https:\\\/\\\/continent.lv\\\/product\\\/delonghi-kbov2001bk\\\/#primaryimage\",\"url\":\"https:\\\/\\\/continent.lv\\\/wp-content\\\/uploads\\\/2026\\\/04\\\/KBOV2001BK-1.jpg\",\"contentUrl\":\"https:\\\/\\\/continent.lv\\\/wp-content\\\/uploads\\\/2026\\\/04\\\/KBOV2001BK-1.jpg\",\"width\":1200,\"height\":1372},{\"@type\":\"BreadcrumbList\",\"@id\":\"https:\\\/\\\/continent.lv\\\/product\\\/delonghi-kbov2001bk\\\/#breadcrumb\",\"itemListElement\":[{\"@type\":\"ListItem\",\"position\":1,\"name\":\"Home\",\"item\":\"https:\\\/\\\/continent.lv\\\/\"},{\"@type\":\"ListItem\",\"position\":2,\"name\":\"Veikals\",\"item\":\"https:\\\/\\\/continent.lv\\\/shop\\\/\"},{\"@type\":\"ListItem\",\"position\":3,\"name\":\"De&#8217;Longhi KBOV2001BK\"}]},{\"@type\":\"WebSite\",\"@id\":\"https:\\\/\\\/continent.lv\\\/#website\",\"url\":\"https:\\\/\\\/continent.lv\\\/\",\"name\":\"Continent.lv\",\"description\":\"Sadz\u012bves pre\u010du internetveikals\",\"publisher\":{\"@id\":\"https:\\\/\\\/continent.lv\\\/#organization\"},\"potentialAction\":[{\"@type\":\"SearchAction\",\"target\":{\"@type\":\"EntryPoint\",\"urlTemplate\":\"https:\\\/\\\/continent.lv\\\/?s={search_term_string}\"},\"query-input\":{\"@type\":\"PropertyValueSpecification\",\"valueRequired\":true,\"valueName\":\"search_term_string\"}}],\"inLanguage\":\"ru-RU\"},{\"@type\":\"Organization\",\"@id\":\"https:\\\/\\\/continent.lv\\\/#organization\",\"name\":\"Continent.lv\",\"url\":\"https:\\\/\\\/continent.lv\\\/\",\"logo\":{\"@type\":\"ImageObject\",\"inLanguage\":\"ru-RU\",\"@id\":\"https:\\\/\\\/continent.lv\\\/#\\\/schema\\\/logo\\\/image\\\/\",\"url\":\"https:\\\/\\\/continent.lv\\\/wp-content\\\/uploads\\\/2026\\\/05\\\/logo_continent_5nwv-jh.jpg\",\"contentUrl\":\"https:\\\/\\\/continent.lv\\\/wp-content\\\/uploads\\\/2026\\\/05\\\/logo_continent_5nwv-jh.jpg\",\"width\":221,\"height\":50,\"caption\":\"Continent.lv\"},\"image\":{\"@id\":\"https:\\\/\\\/continent.lv\\\/#\\\/schema\\\/logo\\\/image\\\/\"}}]}<\/script>\n<!-- \/ Yoast SEO plugin. -->","yoast_head_json":{"title":"De'Longhi KBOV2001BK - Continent.lv","robots":{"index":"index","follow":"follow","max-snippet":"max-snippet:-1","max-image-preview":"max-image-preview:large","max-video-preview":"max-video-preview:-1"},"canonical":"https:\/\/continent.lv\/ru\/product\/delonghi-kbov2001bk\/","og_locale":"ru_RU","og_type":"article","og_title":"De'Longhi KBOV2001BK - Continent.lv","og_description":"Melna kr\u0101saEner\u0123ijaJauda (W) 2000T\u0113jkannasTilpums (L) 1.7","og_url":"https:\/\/continent.lv\/ru\/product\/delonghi-kbov2001bk\/","og_site_name":"Continent.lv","article_modified_time":"2026-04-30T22:05:32+00:00","og_image":[{"width":1200,"height":1372,"url":"https:\/\/continent.lv\/wp-content\/uploads\/2026\/04\/KBOV2001BK-1.jpg","type":"image\/jpeg"}],"twitter_card":"summary_large_image","schema":{"@context":"https:\/\/schema.org","@graph":[{"@type":"WebPage","@id":"https:\/\/continent.lv\/product\/delonghi-kbov2001bk\/","url":"https:\/\/continent.lv\/product\/delonghi-kbov2001bk\/","name":"De'Longhi KBOV2001BK - Continent.lv","isPartOf":{"@id":"https:\/\/continent.lv\/#website"},"primaryImageOfPage":{"@id":"https:\/\/continent.lv\/product\/delonghi-kbov2001bk\/#primaryimage"},"image":{"@id":"https:\/\/continent.lv\/product\/delonghi-kbov2001bk\/#primaryimage"},"thumbnailUrl":"https:\/\/continent.lv\/wp-content\/uploads\/2026\/04\/KBOV2001BK-1.jpg","datePublished":"2026-04-30T20:51:19+00:00","dateModified":"2026-04-30T22:05:32+00:00","breadcrumb":{"@id":"https:\/\/continent.lv\/product\/delonghi-kbov2001bk\/#breadcrumb"},"inLanguage":"ru-RU","potentialAction":[{"@type":"ReadAction","target":["https:\/\/continent.lv\/product\/delonghi-kbov2001bk\/"]}]},{"@type":"ImageObject","inLanguage":"ru-RU","@id":"https:\/\/continent.lv\/product\/delonghi-kbov2001bk\/#primaryimage","url":"https:\/\/continent.lv\/wp-content\/uploads\/2026\/04\/KBOV2001BK-1.jpg","contentUrl":"https:\/\/continent.lv\/wp-content\/uploads\/2026\/04\/KBOV2001BK-1.jpg","width":1200,"height":1372},{"@type":"BreadcrumbList","@id":"https:\/\/continent.lv\/product\/delonghi-kbov2001bk\/#breadcrumb","itemListElement":[{"@type":"ListItem","position":1,"name":"Home","item":"https:\/\/continent.lv\/"},{"@type":"ListItem","position":2,"name":"Veikals","item":"https:\/\/continent.lv\/shop\/"},{"@type":"ListItem","position":3,"name":"De&#8217;Longhi KBOV2001BK"}]},{"@type":"WebSite","@id":"https:\/\/continent.lv\/#website","url":"https:\/\/continent.lv\/","name":"Continent.lv","description":"Sadz\u012bves pre\u010du internetveikals","publisher":{"@id":"https:\/\/continent.lv\/#organization"},"potentialAction":[{"@type":"SearchAction","target":{"@type":"EntryPoint","urlTemplate":"https:\/\/continent.lv\/?s={search_term_string}"},"query-input":{"@type":"PropertyValueSpecification","valueRequired":true,"valueName":"search_term_string"}}],"inLanguage":"ru-RU"},{"@type":"Organization","@id":"https:\/\/continent.lv\/#organization","name":"Continent.lv","url":"https:\/\/continent.lv\/","logo":{"@type":"ImageObject","inLanguage":"ru-RU","@id":"https:\/\/continent.lv\/#\/schema\/logo\/image\/","url":"https:\/\/continent.lv\/wp-content\/uploads\/2026\/05\/logo_continent_5nwv-jh.jpg","contentUrl":"https:\/\/continent.lv\/wp-content\/uploads\/2026\/05\/logo_continent_5nwv-jh.jpg","width":221,"height":50,"caption":"Continent.lv"},"image":{"@id":"https:\/\/continent.lv\/#\/schema\/logo\/image\/"}}]}},"_links":{"self":[{"href":"https:\/\/continent.lv\/ru\/wp-json\/wp\/v2\/product\/22642","targetHints":{"allow":["GET"]}}],"collection":[{"href":"https:\/\/continent.lv\/ru\/wp-json\/wp\/v2\/product"}],"about":[{"href":"https:\/\/continent.lv\/ru\/wp-json\/wp\/v2\/types\/product"}],"replies":[{"embeddable":true,"href":"https:\/\/continent.lv\/ru\/wp-json\/wp\/v2\/comments?post=22642"}],"wp:featuredmedia":[{"embeddable":true,"href":"https:\/\/continent.lv\/ru\/wp-json\/wp\/v2\/media\/24219"}],"wp:attachment":[{"href":"https:\/\/continent.lv\/ru\/wp-json\/wp\/v2\/media?parent=22642"}],"wp:term":[{"taxonomy":"product_brand","embeddable":true,"href":"https:\/\/continent.lv\/ru\/wp-json\/wp\/v2\/product_brand?post=22642"},{"taxonomy":"product_cat","embeddable":true,"href":"https:\/\/continent.lv\/ru\/wp-json\/wp\/v2\/product_cat?post=22642"},{"taxonomy":"product_tag","embeddable":true,"href":"https:\/\/continent.lv\/ru\/wp-json\/wp\/v2\/product_tag?post=22642"}],"curies":[{"name":"wp","href":"https:\/\/api.w.org\/{rel}","templated":true}]}}