{"id":21825,"date":"2026-04-30T20:27:45","date_gmt":"2026-04-30T20:27:45","guid":{"rendered":"https:\/\/continent.lv\/product\/bosch-pvq811f15e\/"},"modified":"2026-04-30T21:48:19","modified_gmt":"2026-04-30T21:48:19","slug":"bosch-pvq811f15e","status":"publish","type":"product","link":"https:\/\/continent.lv\/ru\/product\/bosch-pvq811f15e\/","title":{"rendered":"Bosch PVQ811F15E"},"content":{"rendered":"<\/p>\n<p><span class=\"jCAhz ChMk0b\"><span class=\"ryNqvb\">\u041f\u0440\u043e\u0438\u0437\u0432\u043e\u0434\u0438\u0442\u0435\u043b\u044c Bosch<\/span><\/span><span class=\"jCAhz\"><span class=\"ryNqvb\"><br \/><\/span><\/span><span class=\"jCAhz ChMk0b\"><span class=\"ryNqvb\">\u0422\u0438\u043f \u0418\u043d\u0434\u0443\u043a\u0446\u0438\u044f<\/span><\/span><span class=\"jCAhz\"><span class=\"ryNqvb\"><br \/><\/span><\/span><span class=\"jCAhz ChMk0b\"><span class=\"ryNqvb\">\u041f\u043e\u0432\u0435\u0440\u0445\u043d\u043e\u0441\u0442\u044c \u0421\u0442\u0435\u043a\u043b\u043e\u043a\u0435\u0440\u0430\u043c\u0438\u043a\u0430<\/span><\/span><span class=\"jCAhz\"><span class=\"ryNqvb\"><br \/><\/span><\/span><span class=\"jCAhz ChMk0b\"><span class=\"ryNqvb\">\u0427\u0435\u0440\u043d\u044b\u0439 \u0446\u0432\u0435\u0442<\/span><\/span><span class=\"jCAhz\"><span class=\"ryNqvb\"><br \/><\/span><\/span><span class=\"jCAhz ChMk0b\"><span class=\"ryNqvb\">\u041a\u043e\u043b\u0438\u0447\u0435\u0441\u0442\u0432\u043e \u0433\u043e\u0440\u0435\u043b\u043e\u043a 4<\/span><\/span><span class=\"jCAhz\"><span class=\"ryNqvb\"><br \/><\/span><\/span><span class=\"jCAhz ChMk0b\"><span class=\"ryNqvb\">EAN\u00a04242005218851<\/span><\/span><span class=\"jCAhz\"><span class=\"ryNqvb\"><br \/><\/span><\/span><span class=\"jCAhz ChMk0b\"><span class=\"ryNqvb\">\u0423\u043f\u0440\u0430\u0432\u043b\u0435\u043d\u0438\u0435<\/span><\/span><span class=\"jCAhz\"><span class=\"ryNqvb\"><br \/><\/span><\/span><span class=\"jCAhz ChMk0b\"><span class=\"ryNqvb\">\u0422\u0438\u043f \u0443\u043f\u0440\u0430\u0432\u043b\u0435\u043d\u0438\u044f \u042d\u043b\u0435\u043a\u0442\u0440\u043e\u043d\u043d\u043e\u0435<\/span><\/span><span class=\"jCAhz\"><span class=\"ryNqvb\"><br \/><\/span><\/span><span class=\"jCAhz ChMk0b\"><span class=\"ryNqvb\">\u041f\u0430\u043d\u0435\u043b\u044c \u0443\u043f\u0440\u0430\u0432\u043b\u0435\u043d\u0438\u044f \u0421\u0435\u043d\u0441\u043e\u0440\u043d\u0430\u044f<\/span><\/span><span class=\"jCAhz\"><span class=\"ryNqvb\"><br \/><\/span><\/span><span class=\"jCAhz ChMk0b\"><span class=\"ryNqvb\">\u0420\u0430\u0437\u043c\u0435\u0440\u044b, \u0432\u0435\u0441<\/span><\/span><span class=\"jCAhz\"><span class=\"ryNqvb\"><br \/><\/span><\/span><span class=\"jCAhz ChMk0b\"><span class=\"ryNqvb\">Izm\u0113ri, cm 22,3\u00d780,2\u00d752,2<\/span><\/span><span class=\"jCAhz\"><span class=\"ryNqvb\"><br \/><\/span><\/span><span class=\"jCAhz ChMk0b\"><span class=\"ryNqvb\">\u0412\u0435\u0441 (\u0431\u0435\u0437 \u0443\u043f\u0430\u043a\u043e\u0432\u043a\u0438) 25,7 \u043a\u0433<\/span><\/span><span class=\"jCAhz\"><span class=\"ryNqvb\"><br \/><\/span><\/span><span class=\"jCAhz ChMk0b\"><span class=\"ryNqvb\">\u0411\u0420\u0423\u0422\u041e \u0432\u0435\u0441 (\u0432\u0435\u0441 \u0443\u043f\u0430\u043a\u043e\u0432\u043a\u0438) 30,6 \u043a\u0433<\/span><\/span><span class=\"jCAhz\"><span class=\"ryNqvb\"><br \/><\/span><\/span><span class=\"jCAhz ChMk0b\"><span class=\"ryNqvb\">\u0414\u043e\u043f\u043e\u043b\u043d\u0438\u0442\u0435\u043b\u044c\u043d\u044b\u0435 \u0444\u0443\u043d\u043a\u0446\u0438\u0438<\/span><\/span><span class=\"jCAhz\"><span class=\"ryNqvb\"><br \/><\/span><\/span><span class=\"jCAhz ChMk0b\"><span class=\"ryNqvb\">\u0420\u0430\u043c\u043a\u0430 \u041d\u0435\u0442<\/span><\/span><span class=\"jCAhz\"><span class=\"ryNqvb\"><br \/><\/span><\/span><span class=\"jCAhz ChMk0b\"><span class=\"ryNqvb\">\u0422\u0430\u0439\u043c\u0435\u0440<\/span><\/span><span class=\"jCAhz\"><span class=\"ryNqvb\"><br \/><\/span><\/span><span class=\"jCAhz ChMk0b\"><span class=\"ryNqvb\">\u0414\u0435\u0442\u0441\u043a\u0430\u044f \u0431\u043b\u043e\u043a\u0438\u0440\u043e\u0432\u043a\u0430 \u0443\u043f\u0440\u0430\u0432\u043b\u0435\u043d\u0438\u044f<\/span><\/span><span class=\"jCAhz\"><span class=\"ryNqvb\"><br \/><\/span><\/span><span class=\"jCAhz ChMk0b\"><span class=\"ryNqvb\">\u041e\u0431\u0449\u0430\u044f \u043c\u043e\u0449\u043d\u043e\u0441\u0442\u044c 7,4 \u043a\u0412\u0442<\/span><\/span><\/p><\/p>","protected":false},"excerpt":{"rendered":"<p>Ra\u017eot\u0101js BoschTips IndukcijaVirsma Stikla keramikaMelna kr\u0101saDeg\u013cu skaits 4EAN\u00a04242005218851KontroleVad\u012bbas veids ElektroniskaVad\u012bbas panelis Sk\u0101rienjut\u012bgsIzm\u0113ri, svarsIzm\u0113ri, cm 22,3\u00d780,2\u00d752,2Svars (bez iepakojuma) 25,7 kgBRUTO svars (iepakojuma svars) 30,6 kgPapildu iesp\u0113jasR\u0101mis NrTaimerisB\u0113rnu sl\u0113dzenes kontroleKop\u0113j\u0101 jauda 7,4 kW<\/p>","protected":false},"featured_media":23590,"comment_status":"open","ping_status":"closed","template":"","meta":{"_joinchat":[]},"product_brand":[281],"product_cat":[264],"product_tag":[],"class_list":{"0":"post-21825","1":"product","2":"type-product","3":"status-publish","4":"has-post-thumbnail","6":"product_brand-bosch","7":"product_cat-iebuvejama-sadzives-tehnika-iebuvejamas-elektriskas-plits-virsmas","9":"first","10":"instock","11":"shipping-taxable","12":"purchasable","13":"product-type-simple"},"yoast_head":"<!-- This site is optimized with the Yoast SEO plugin v27.5 - https:\/\/yoast.com\/product\/yoast-seo-wordpress\/ -->\n<title>Bosch PVQ811F15E - Continent.lv<\/title>\n<meta name=\"robots\" content=\"index, follow, max-snippet:-1, max-image-preview:large, max-video-preview:-1\" \/>\n<link rel=\"canonical\" href=\"https:\/\/continent.lv\/ru\/product\/bosch-pvq811f15e\/\" \/>\n<meta property=\"og:locale\" content=\"ru_RU\" \/>\n<meta property=\"og:type\" content=\"article\" \/>\n<meta property=\"og:title\" content=\"Bosch PVQ811F15E - Continent.lv\" \/>\n<meta property=\"og:description\" content=\"Ra\u017eot\u0101js BoschTips IndukcijaVirsma Stikla keramikaMelna kr\u0101saDeg\u013cu skaits 4EAN\u00a04242005218851KontroleVad\u012bbas veids ElektroniskaVad\u012bbas panelis Sk\u0101rienjut\u012bgsIzm\u0113ri, svarsIzm\u0113ri, cm 22,3\u00d780,2\u00d752,2Svars (bez iepakojuma) 25,7 kgBRUTO svars (iepakojuma svars) 30,6 kgPapildu iesp\u0113jasR\u0101mis NrTaimerisB\u0113rnu sl\u0113dzenes kontroleKop\u0113j\u0101 jauda 7,4 kW\" \/>\n<meta property=\"og:url\" content=\"https:\/\/continent.lv\/ru\/product\/bosch-pvq811f15e\/\" \/>\n<meta property=\"og:site_name\" content=\"Continent.lv\" \/>\n<meta property=\"article:modified_time\" content=\"2026-04-30T21:48:19+00:00\" \/>\n<meta property=\"og:image\" content=\"https:\/\/continent.lv\/wp-content\/uploads\/2026\/04\/Bosch_PVQ811F15E-1.jpeg\" \/>\n\t<meta property=\"og:image:width\" content=\"1024\" \/>\n\t<meta property=\"og:image:height\" content=\"662\" \/>\n\t<meta property=\"og:image:type\" content=\"image\/jpeg\" \/>\n<meta name=\"twitter:card\" content=\"summary_large_image\" \/>\n<script type=\"application\/ld+json\" class=\"yoast-schema-graph\">{\"@context\":\"https:\\\/\\\/schema.org\",\"@graph\":[{\"@type\":\"WebPage\",\"@id\":\"https:\\\/\\\/continent.lv\\\/product\\\/bosch-pvq811f15e\\\/\",\"url\":\"https:\\\/\\\/continent.lv\\\/product\\\/bosch-pvq811f15e\\\/\",\"name\":\"Bosch PVQ811F15E - Continent.lv\",\"isPartOf\":{\"@id\":\"https:\\\/\\\/continent.lv\\\/#website\"},\"primaryImageOfPage\":{\"@id\":\"https:\\\/\\\/continent.lv\\\/product\\\/bosch-pvq811f15e\\\/#primaryimage\"},\"image\":{\"@id\":\"https:\\\/\\\/continent.lv\\\/product\\\/bosch-pvq811f15e\\\/#primaryimage\"},\"thumbnailUrl\":\"https:\\\/\\\/continent.lv\\\/wp-content\\\/uploads\\\/2026\\\/04\\\/Bosch_PVQ811F15E-1.jpeg\",\"datePublished\":\"2026-04-30T20:27:45+00:00\",\"dateModified\":\"2026-04-30T21:48:19+00:00\",\"breadcrumb\":{\"@id\":\"https:\\\/\\\/continent.lv\\\/product\\\/bosch-pvq811f15e\\\/#breadcrumb\"},\"inLanguage\":\"ru-RU\",\"potentialAction\":[{\"@type\":\"ReadAction\",\"target\":[\"https:\\\/\\\/continent.lv\\\/product\\\/bosch-pvq811f15e\\\/\"]}]},{\"@type\":\"ImageObject\",\"inLanguage\":\"ru-RU\",\"@id\":\"https:\\\/\\\/continent.lv\\\/product\\\/bosch-pvq811f15e\\\/#primaryimage\",\"url\":\"https:\\\/\\\/continent.lv\\\/wp-content\\\/uploads\\\/2026\\\/04\\\/Bosch_PVQ811F15E-1.jpeg\",\"contentUrl\":\"https:\\\/\\\/continent.lv\\\/wp-content\\\/uploads\\\/2026\\\/04\\\/Bosch_PVQ811F15E-1.jpeg\",\"width\":1024,\"height\":662},{\"@type\":\"BreadcrumbList\",\"@id\":\"https:\\\/\\\/continent.lv\\\/product\\\/bosch-pvq811f15e\\\/#breadcrumb\",\"itemListElement\":[{\"@type\":\"ListItem\",\"position\":1,\"name\":\"Home\",\"item\":\"https:\\\/\\\/continent.lv\\\/\"},{\"@type\":\"ListItem\",\"position\":2,\"name\":\"Veikals\",\"item\":\"https:\\\/\\\/continent.lv\\\/shop\\\/\"},{\"@type\":\"ListItem\",\"position\":3,\"name\":\"Bosch PVQ811F15E\"}]},{\"@type\":\"WebSite\",\"@id\":\"https:\\\/\\\/continent.lv\\\/#website\",\"url\":\"https:\\\/\\\/continent.lv\\\/\",\"name\":\"Continent.lv\",\"description\":\"Sadz\u012bves pre\u010du internetveikals\",\"publisher\":{\"@id\":\"https:\\\/\\\/continent.lv\\\/#organization\"},\"potentialAction\":[{\"@type\":\"SearchAction\",\"target\":{\"@type\":\"EntryPoint\",\"urlTemplate\":\"https:\\\/\\\/continent.lv\\\/?s={search_term_string}\"},\"query-input\":{\"@type\":\"PropertyValueSpecification\",\"valueRequired\":true,\"valueName\":\"search_term_string\"}}],\"inLanguage\":\"ru-RU\"},{\"@type\":\"Organization\",\"@id\":\"https:\\\/\\\/continent.lv\\\/#organization\",\"name\":\"Continent.lv\",\"url\":\"https:\\\/\\\/continent.lv\\\/\",\"logo\":{\"@type\":\"ImageObject\",\"inLanguage\":\"ru-RU\",\"@id\":\"https:\\\/\\\/continent.lv\\\/#\\\/schema\\\/logo\\\/image\\\/\",\"url\":\"https:\\\/\\\/continent.lv\\\/wp-content\\\/uploads\\\/2026\\\/05\\\/logo_continent_5nwv-jh.jpg\",\"contentUrl\":\"https:\\\/\\\/continent.lv\\\/wp-content\\\/uploads\\\/2026\\\/05\\\/logo_continent_5nwv-jh.jpg\",\"width\":221,\"height\":50,\"caption\":\"Continent.lv\"},\"image\":{\"@id\":\"https:\\\/\\\/continent.lv\\\/#\\\/schema\\\/logo\\\/image\\\/\"}}]}<\/script>\n<!-- \/ Yoast SEO plugin. -->","yoast_head_json":{"title":"Bosch PVQ811F15E - Continent.lv","robots":{"index":"index","follow":"follow","max-snippet":"max-snippet:-1","max-image-preview":"max-image-preview:large","max-video-preview":"max-video-preview:-1"},"canonical":"https:\/\/continent.lv\/ru\/product\/bosch-pvq811f15e\/","og_locale":"ru_RU","og_type":"article","og_title":"Bosch PVQ811F15E - Continent.lv","og_description":"Ra\u017eot\u0101js BoschTips IndukcijaVirsma Stikla keramikaMelna kr\u0101saDeg\u013cu skaits 4EAN\u00a04242005218851KontroleVad\u012bbas veids ElektroniskaVad\u012bbas panelis Sk\u0101rienjut\u012bgsIzm\u0113ri, svarsIzm\u0113ri, cm 22,3\u00d780,2\u00d752,2Svars (bez iepakojuma) 25,7 kgBRUTO svars (iepakojuma svars) 30,6 kgPapildu iesp\u0113jasR\u0101mis NrTaimerisB\u0113rnu sl\u0113dzenes kontroleKop\u0113j\u0101 jauda 7,4 kW","og_url":"https:\/\/continent.lv\/ru\/product\/bosch-pvq811f15e\/","og_site_name":"Continent.lv","article_modified_time":"2026-04-30T21:48:19+00:00","og_image":[{"width":1024,"height":662,"url":"https:\/\/continent.lv\/wp-content\/uploads\/2026\/04\/Bosch_PVQ811F15E-1.jpeg","type":"image\/jpeg"}],"twitter_card":"summary_large_image","schema":{"@context":"https:\/\/schema.org","@graph":[{"@type":"WebPage","@id":"https:\/\/continent.lv\/product\/bosch-pvq811f15e\/","url":"https:\/\/continent.lv\/product\/bosch-pvq811f15e\/","name":"Bosch PVQ811F15E - Continent.lv","isPartOf":{"@id":"https:\/\/continent.lv\/#website"},"primaryImageOfPage":{"@id":"https:\/\/continent.lv\/product\/bosch-pvq811f15e\/#primaryimage"},"image":{"@id":"https:\/\/continent.lv\/product\/bosch-pvq811f15e\/#primaryimage"},"thumbnailUrl":"https:\/\/continent.lv\/wp-content\/uploads\/2026\/04\/Bosch_PVQ811F15E-1.jpeg","datePublished":"2026-04-30T20:27:45+00:00","dateModified":"2026-04-30T21:48:19+00:00","breadcrumb":{"@id":"https:\/\/continent.lv\/product\/bosch-pvq811f15e\/#breadcrumb"},"inLanguage":"ru-RU","potentialAction":[{"@type":"ReadAction","target":["https:\/\/continent.lv\/product\/bosch-pvq811f15e\/"]}]},{"@type":"ImageObject","inLanguage":"ru-RU","@id":"https:\/\/continent.lv\/product\/bosch-pvq811f15e\/#primaryimage","url":"https:\/\/continent.lv\/wp-content\/uploads\/2026\/04\/Bosch_PVQ811F15E-1.jpeg","contentUrl":"https:\/\/continent.lv\/wp-content\/uploads\/2026\/04\/Bosch_PVQ811F15E-1.jpeg","width":1024,"height":662},{"@type":"BreadcrumbList","@id":"https:\/\/continent.lv\/product\/bosch-pvq811f15e\/#breadcrumb","itemListElement":[{"@type":"ListItem","position":1,"name":"Home","item":"https:\/\/continent.lv\/"},{"@type":"ListItem","position":2,"name":"Veikals","item":"https:\/\/continent.lv\/shop\/"},{"@type":"ListItem","position":3,"name":"Bosch PVQ811F15E"}]},{"@type":"WebSite","@id":"https:\/\/continent.lv\/#website","url":"https:\/\/continent.lv\/","name":"Continent.lv","description":"Sadz\u012bves pre\u010du internetveikals","publisher":{"@id":"https:\/\/continent.lv\/#organization"},"potentialAction":[{"@type":"SearchAction","target":{"@type":"EntryPoint","urlTemplate":"https:\/\/continent.lv\/?s={search_term_string}"},"query-input":{"@type":"PropertyValueSpecification","valueRequired":true,"valueName":"search_term_string"}}],"inLanguage":"ru-RU"},{"@type":"Organization","@id":"https:\/\/continent.lv\/#organization","name":"Continent.lv","url":"https:\/\/continent.lv\/","logo":{"@type":"ImageObject","inLanguage":"ru-RU","@id":"https:\/\/continent.lv\/#\/schema\/logo\/image\/","url":"https:\/\/continent.lv\/wp-content\/uploads\/2026\/05\/logo_continent_5nwv-jh.jpg","contentUrl":"https:\/\/continent.lv\/wp-content\/uploads\/2026\/05\/logo_continent_5nwv-jh.jpg","width":221,"height":50,"caption":"Continent.lv"},"image":{"@id":"https:\/\/continent.lv\/#\/schema\/logo\/image\/"}}]}},"_links":{"self":[{"href":"https:\/\/continent.lv\/ru\/wp-json\/wp\/v2\/product\/21825","targetHints":{"allow":["GET"]}}],"collection":[{"href":"https:\/\/continent.lv\/ru\/wp-json\/wp\/v2\/product"}],"about":[{"href":"https:\/\/continent.lv\/ru\/wp-json\/wp\/v2\/types\/product"}],"replies":[{"embeddable":true,"href":"https:\/\/continent.lv\/ru\/wp-json\/wp\/v2\/comments?post=21825"}],"wp:featuredmedia":[{"embeddable":true,"href":"https:\/\/continent.lv\/ru\/wp-json\/wp\/v2\/media\/23590"}],"wp:attachment":[{"href":"https:\/\/continent.lv\/ru\/wp-json\/wp\/v2\/media?parent=21825"}],"wp:term":[{"taxonomy":"product_brand","embeddable":true,"href":"https:\/\/continent.lv\/ru\/wp-json\/wp\/v2\/product_brand?post=21825"},{"taxonomy":"product_cat","embeddable":true,"href":"https:\/\/continent.lv\/ru\/wp-json\/wp\/v2\/product_cat?post=21825"},{"taxonomy":"product_tag","embeddable":true,"href":"https:\/\/continent.lv\/ru\/wp-json\/wp\/v2\/product_tag?post=21825"}],"curies":[{"name":"wp","href":"https:\/\/api.w.org\/{rel}","templated":true}]}}