{"id":21820,"date":"2026-04-30T20:27:38","date_gmt":"2026-04-30T20:27:38","guid":{"rendered":"https:\/\/continent.lv\/product\/philips-xd3110-09\/"},"modified":"2026-04-30T21:48:13","modified_gmt":"2026-04-30T21:48:13","slug":"philips-xd3110-09","status":"publish","type":"product","link":"https:\/\/continent.lv\/ru\/product\/philips-xd3110-09\/","title":{"rendered":"Philips XD3110\/09"},"content":{"rendered":"<p>Produkta veids\u00a0 \u00a0 \u00a0Putek\u013cu s\u016bc\u0113ji<\/p>\n<p>Z\u012bmols\u00a0 \u00a0 \u00a0Philips<br \/>Modelis\u00a0 \u00a0 \u00a03000 Series XD3110\/09<br \/>Vakuuma s\u016bk\u0146a tips\u00a0 \u00a0 Maisi\u0146\u0161<br \/>Putek\u013cu tvertnes tilpums\u00a0 \u00a0 \u00a03 l<br \/>\u042d\u043d\u0435\u0440\u0433\u043e\u043f\u043e\u0442\u0440\u0435\u0431\u043b\u0435\u043d\u0438\u0435<br \/>Trok\u0161\u0146a l\u012bmenis\u00a0 \u00a0 \u00a079 dB<br \/>\u041c\u043e\u0449\u043d\u043e\u0441\u0442\u044c \u0438 \u0443\u043f\u0440\u0430\u0432\u043b\u0435\u043d\u0438\u0435<br \/>Jauda\u00a0 \u00a0 900 W<br \/>Jaudas regul\u0113\u0161ana\u00a0 \u00a0 \u00a0Uz putek\u013cu s\u016bc\u0113ja<br \/>Jaudas regul\u0113\u0161ana\u00a0 \u00a0 \u00a0J\u0101<br \/>\u0422\u0440\u0443\u0431\u043a\u0430, \u0449\u0435\u0442\u043a\u0430 \u0438 \u0434\u043e\u043f\u043e\u043b\u043d\u0438\u0442\u0435\u043b\u044c\u043d\u044b\u0435 \u043d\u0430\u0441\u0430\u0434\u043a\u0438<br \/>Caurules tips\u00a0 \u00a0 Teleskopisks<br \/>Uzga\u013cu skaits\u00a0 \u00a0 \u00a03<br \/>Filtrs\u00a0 \u00a0 Allergy, HEPA 13<br \/>Uzga\u013ca p\u0101rsl\u0113g\u0161ana (gr\u012bda\/pakl\u0101js)\u00a0 \u00a0 J\u0101<br \/>Uzgalis spraug\u0101m\u00a0 \u00a0 J\u0101<br \/>Uzgalis m\u0113bel\u0113m\u00a0 \u00a0 N\u0113<br \/>Uzgalis pakl\u0101jam\u00a0 \u00a0 J\u0101<br \/>Uzgalis putek\u013ciem\u00a0 \u00a0 J\u0101<br \/>\u0420\u0430\u0437\u043c\u0435\u0440\u044b, \u0432\u0435\u0441 \u0438 \u0446\u0432\u0435\u0442<br \/>Garums\u00a0 \u00a0 \u00a0400 mm<br \/>Platums\u00a0 \u00a0 \u00a0282 mm<br \/>Augstums\u00a0 \u00a0 \u00a0251 mm<br \/>Svars\u00a0 \u00a0 \u00a04.6 kg<br \/>Kr\u0101sa\u00a0 \u00a0 \u00a0Zila<br \/>\u0414\u043e\u043f\u043e\u043b\u043d\u0438\u0442\u0435\u043b\u044c\u043d\u043e<br \/>Vada garums\u00a0 \u00a0 6 m<br \/>Darb\u012bbas r\u0101diuss\u00a0 \u00a0 \u00a09 m<br \/>Komplekts\u00a0 \u00a0 \u00a0Komplekt\u0101 iek\u013cauti piederumi: \u0160aur\u0101s viet\u0101s ievietojams uzgalis, ieb\u016bv\u0113ta m\u012bksts birste, \u201cTriActive\u201d uzgalis. Rokturis p\u0101rvieto\u0161anai: Priek\u0161puse<br \/>Papildus inform\u0101cija\u00a0 \u00a0 \u00a0Allergy H13 filtru sist\u0113ma aiztur > 99,9 % smalko putek\u013cu da\u013ci\u0146u, tostarp putek\u0161\u0146us, m\u0101jdz\u012bvnieku spalvas un putek\u013cu \u0113rc\u012btes \u2013 ide\u0101li piem\u0113rots aler\u0123iju slimniekiem. Modern\u0101 AirflowMax tehnolo\u0123ija nodro\u0161ina sp\u0113c\u012bgu ies\u016bk\u0161anu (20 kPa).<br \/>Izcelsmes valsts\u00a0 \u00a0 \u00a0\u0136\u012bna\u00a0<\/p><\/p>","protected":false},"excerpt":{"rendered":"<p>Produkta veids\u00a0 \u00a0 \u00a0Putek\u013cu s\u016bc\u0113ji Z\u012bmols\u00a0 \u00a0 \u00a0PhilipsModelis\u00a0 \u00a0 \u00a03000 Series XD3110\/09Vakuuma s\u016bk\u0146a tips\u00a0 \u00a0 Maisi\u0146\u0161Putek\u013cu tvertnes tilpums\u00a0 \u00a0 \u00a03 lEner\u0123ijas pat\u0113ri\u0146\u0161Trok\u0161\u0146a l\u012bmenis\u00a0 \u00a0 \u00a079 dBJauda un vad\u012bbaJauda\u00a0 \u00a0 900 WJaudas regul\u0113\u0161ana\u00a0 \u00a0 \u00a0Uz putek\u013cu s\u016bc\u0113jaJaudas regul\u0113\u0161ana\u00a0 \u00a0 \u00a0J\u0101K\u0101ts, birste un papildus uzga\u013ciCaurules tips\u00a0 \u00a0 TeleskopisksUzga\u013cu skaits\u00a0 \u00a0 \u00a03Filtrs\u00a0 \u00a0 Allergy, HEPA 13Uzga\u013ca p\u0101rsl\u0113g\u0161ana (gr\u012bda\/pakl\u0101js)\u00a0 [&hellip;]<\/p>\n","protected":false},"featured_media":23584,"comment_status":"open","ping_status":"closed","template":"","meta":{"_joinchat":[]},"product_brand":[307],"product_cat":[282],"product_tag":[],"class_list":{"0":"post-21820","1":"product","2":"type-product","3":"status-publish","4":"has-post-thumbnail","6":"product_brand-philips","7":"product_cat-sadzives-tehnika-puteklu-suceji","9":"first","10":"instock","11":"shipping-taxable","12":"purchasable","13":"product-type-simple"},"yoast_head":"<!-- This site is optimized with the Yoast SEO plugin v27.5 - https:\/\/yoast.com\/product\/yoast-seo-wordpress\/ -->\n<title>Philips XD3110\/09 - Continent.lv<\/title>\n<meta name=\"robots\" content=\"index, follow, max-snippet:-1, max-image-preview:large, max-video-preview:-1\" \/>\n<link rel=\"canonical\" href=\"https:\/\/continent.lv\/ru\/product\/philips-xd3110-09\/\" \/>\n<meta property=\"og:locale\" content=\"ru_RU\" \/>\n<meta property=\"og:type\" content=\"article\" \/>\n<meta property=\"og:title\" content=\"Philips XD3110\/09 - Continent.lv\" \/>\n<meta property=\"og:description\" content=\"Produkta veids\u00a0 \u00a0 \u00a0Putek\u013cu s\u016bc\u0113ji Z\u012bmols\u00a0 \u00a0 \u00a0PhilipsModelis\u00a0 \u00a0 \u00a03000 Series XD3110\/09Vakuuma s\u016bk\u0146a tips\u00a0 \u00a0 Maisi\u0146\u0161Putek\u013cu tvertnes tilpums\u00a0 \u00a0 \u00a03 lEner\u0123ijas pat\u0113ri\u0146\u0161Trok\u0161\u0146a l\u012bmenis\u00a0 \u00a0 \u00a079 dBJauda un vad\u012bbaJauda\u00a0 \u00a0 900 WJaudas regul\u0113\u0161ana\u00a0 \u00a0 \u00a0Uz putek\u013cu s\u016bc\u0113jaJaudas regul\u0113\u0161ana\u00a0 \u00a0 \u00a0J\u0101K\u0101ts, birste un papildus uzga\u013ciCaurules tips\u00a0 \u00a0 TeleskopisksUzga\u013cu skaits\u00a0 \u00a0 \u00a03Filtrs\u00a0 \u00a0 Allergy, HEPA 13Uzga\u013ca p\u0101rsl\u0113g\u0161ana (gr\u012bda\/pakl\u0101js)\u00a0 [&hellip;]\" \/>\n<meta property=\"og:url\" content=\"https:\/\/continent.lv\/ru\/product\/philips-xd3110-09\/\" \/>\n<meta property=\"og:site_name\" content=\"Continent.lv\" \/>\n<meta property=\"article:modified_time\" content=\"2026-04-30T21:48:13+00:00\" \/>\n<meta property=\"og:image\" content=\"https:\/\/continent.lv\/wp-content\/uploads\/2026\/04\/21_jyl3-x6-1.jpeg\" \/>\n\t<meta property=\"og:image:width\" content=\"2000\" \/>\n\t<meta property=\"og:image:height\" content=\"2321\" \/>\n\t<meta property=\"og:image:type\" content=\"image\/jpeg\" \/>\n<meta name=\"twitter:card\" content=\"summary_large_image\" \/>\n<meta name=\"twitter:label1\" content=\"\u041f\u0440\u0438\u043c\u0435\u0440\u043d\u043e\u0435 \u0432\u0440\u0435\u043c\u044f \u0434\u043b\u044f \u0447\u0442\u0435\u043d\u0438\u044f\" \/>\n\t<meta name=\"twitter:data1\" content=\"1 \u043c\u0438\u043d\u0443\u0442\u0430\" \/>\n<script type=\"application\/ld+json\" class=\"yoast-schema-graph\">{\"@context\":\"https:\\\/\\\/schema.org\",\"@graph\":[{\"@type\":\"WebPage\",\"@id\":\"https:\\\/\\\/continent.lv\\\/product\\\/philips-xd3110-09\\\/\",\"url\":\"https:\\\/\\\/continent.lv\\\/product\\\/philips-xd3110-09\\\/\",\"name\":\"Philips XD3110\\\/09 - Continent.lv\",\"isPartOf\":{\"@id\":\"https:\\\/\\\/continent.lv\\\/#website\"},\"primaryImageOfPage\":{\"@id\":\"https:\\\/\\\/continent.lv\\\/product\\\/philips-xd3110-09\\\/#primaryimage\"},\"image\":{\"@id\":\"https:\\\/\\\/continent.lv\\\/product\\\/philips-xd3110-09\\\/#primaryimage\"},\"thumbnailUrl\":\"https:\\\/\\\/continent.lv\\\/wp-content\\\/uploads\\\/2026\\\/04\\\/21_jyl3-x6-1.jpeg\",\"datePublished\":\"2026-04-30T20:27:38+00:00\",\"dateModified\":\"2026-04-30T21:48:13+00:00\",\"breadcrumb\":{\"@id\":\"https:\\\/\\\/continent.lv\\\/product\\\/philips-xd3110-09\\\/#breadcrumb\"},\"inLanguage\":\"ru-RU\",\"potentialAction\":[{\"@type\":\"ReadAction\",\"target\":[\"https:\\\/\\\/continent.lv\\\/product\\\/philips-xd3110-09\\\/\"]}]},{\"@type\":\"ImageObject\",\"inLanguage\":\"ru-RU\",\"@id\":\"https:\\\/\\\/continent.lv\\\/product\\\/philips-xd3110-09\\\/#primaryimage\",\"url\":\"https:\\\/\\\/continent.lv\\\/wp-content\\\/uploads\\\/2026\\\/04\\\/21_jyl3-x6-1.jpeg\",\"contentUrl\":\"https:\\\/\\\/continent.lv\\\/wp-content\\\/uploads\\\/2026\\\/04\\\/21_jyl3-x6-1.jpeg\",\"width\":2000,\"height\":2321},{\"@type\":\"BreadcrumbList\",\"@id\":\"https:\\\/\\\/continent.lv\\\/product\\\/philips-xd3110-09\\\/#breadcrumb\",\"itemListElement\":[{\"@type\":\"ListItem\",\"position\":1,\"name\":\"Home\",\"item\":\"https:\\\/\\\/continent.lv\\\/\"},{\"@type\":\"ListItem\",\"position\":2,\"name\":\"Veikals\",\"item\":\"https:\\\/\\\/continent.lv\\\/shop\\\/\"},{\"@type\":\"ListItem\",\"position\":3,\"name\":\"Philips XD3110\\\/09\"}]},{\"@type\":\"WebSite\",\"@id\":\"https:\\\/\\\/continent.lv\\\/#website\",\"url\":\"https:\\\/\\\/continent.lv\\\/\",\"name\":\"Continent.lv\",\"description\":\"Sadz\u012bves pre\u010du internetveikals\",\"publisher\":{\"@id\":\"https:\\\/\\\/continent.lv\\\/#organization\"},\"potentialAction\":[{\"@type\":\"SearchAction\",\"target\":{\"@type\":\"EntryPoint\",\"urlTemplate\":\"https:\\\/\\\/continent.lv\\\/?s={search_term_string}\"},\"query-input\":{\"@type\":\"PropertyValueSpecification\",\"valueRequired\":true,\"valueName\":\"search_term_string\"}}],\"inLanguage\":\"ru-RU\"},{\"@type\":\"Organization\",\"@id\":\"https:\\\/\\\/continent.lv\\\/#organization\",\"name\":\"Continent.lv\",\"url\":\"https:\\\/\\\/continent.lv\\\/\",\"logo\":{\"@type\":\"ImageObject\",\"inLanguage\":\"ru-RU\",\"@id\":\"https:\\\/\\\/continent.lv\\\/#\\\/schema\\\/logo\\\/image\\\/\",\"url\":\"https:\\\/\\\/continent.lv\\\/wp-content\\\/uploads\\\/2026\\\/05\\\/logo_continent_5nwv-jh.jpg\",\"contentUrl\":\"https:\\\/\\\/continent.lv\\\/wp-content\\\/uploads\\\/2026\\\/05\\\/logo_continent_5nwv-jh.jpg\",\"width\":221,\"height\":50,\"caption\":\"Continent.lv\"},\"image\":{\"@id\":\"https:\\\/\\\/continent.lv\\\/#\\\/schema\\\/logo\\\/image\\\/\"}}]}<\/script>\n<!-- \/ Yoast SEO plugin. -->","yoast_head_json":{"title":"Philips XD3110\/09 - Continent.lv","robots":{"index":"index","follow":"follow","max-snippet":"max-snippet:-1","max-image-preview":"max-image-preview:large","max-video-preview":"max-video-preview:-1"},"canonical":"https:\/\/continent.lv\/ru\/product\/philips-xd3110-09\/","og_locale":"ru_RU","og_type":"article","og_title":"Philips XD3110\/09 - Continent.lv","og_description":"Produkta veids\u00a0 \u00a0 \u00a0Putek\u013cu s\u016bc\u0113ji Z\u012bmols\u00a0 \u00a0 \u00a0PhilipsModelis\u00a0 \u00a0 \u00a03000 Series XD3110\/09Vakuuma s\u016bk\u0146a tips\u00a0 \u00a0 Maisi\u0146\u0161Putek\u013cu tvertnes tilpums\u00a0 \u00a0 \u00a03 lEner\u0123ijas pat\u0113ri\u0146\u0161Trok\u0161\u0146a l\u012bmenis\u00a0 \u00a0 \u00a079 dBJauda un vad\u012bbaJauda\u00a0 \u00a0 900 WJaudas regul\u0113\u0161ana\u00a0 \u00a0 \u00a0Uz putek\u013cu s\u016bc\u0113jaJaudas regul\u0113\u0161ana\u00a0 \u00a0 \u00a0J\u0101K\u0101ts, birste un papildus uzga\u013ciCaurules tips\u00a0 \u00a0 TeleskopisksUzga\u013cu skaits\u00a0 \u00a0 \u00a03Filtrs\u00a0 \u00a0 Allergy, HEPA 13Uzga\u013ca p\u0101rsl\u0113g\u0161ana (gr\u012bda\/pakl\u0101js)\u00a0 [&hellip;]","og_url":"https:\/\/continent.lv\/ru\/product\/philips-xd3110-09\/","og_site_name":"Continent.lv","article_modified_time":"2026-04-30T21:48:13+00:00","og_image":[{"width":2000,"height":2321,"url":"https:\/\/continent.lv\/wp-content\/uploads\/2026\/04\/21_jyl3-x6-1.jpeg","type":"image\/jpeg"}],"twitter_card":"summary_large_image","twitter_misc":{"\u041f\u0440\u0438\u043c\u0435\u0440\u043d\u043e\u0435 \u0432\u0440\u0435\u043c\u044f \u0434\u043b\u044f \u0447\u0442\u0435\u043d\u0438\u044f":"1 \u043c\u0438\u043d\u0443\u0442\u0430"},"schema":{"@context":"https:\/\/schema.org","@graph":[{"@type":"WebPage","@id":"https:\/\/continent.lv\/product\/philips-xd3110-09\/","url":"https:\/\/continent.lv\/product\/philips-xd3110-09\/","name":"Philips XD3110\/09 - Continent.lv","isPartOf":{"@id":"https:\/\/continent.lv\/#website"},"primaryImageOfPage":{"@id":"https:\/\/continent.lv\/product\/philips-xd3110-09\/#primaryimage"},"image":{"@id":"https:\/\/continent.lv\/product\/philips-xd3110-09\/#primaryimage"},"thumbnailUrl":"https:\/\/continent.lv\/wp-content\/uploads\/2026\/04\/21_jyl3-x6-1.jpeg","datePublished":"2026-04-30T20:27:38+00:00","dateModified":"2026-04-30T21:48:13+00:00","breadcrumb":{"@id":"https:\/\/continent.lv\/product\/philips-xd3110-09\/#breadcrumb"},"inLanguage":"ru-RU","potentialAction":[{"@type":"ReadAction","target":["https:\/\/continent.lv\/product\/philips-xd3110-09\/"]}]},{"@type":"ImageObject","inLanguage":"ru-RU","@id":"https:\/\/continent.lv\/product\/philips-xd3110-09\/#primaryimage","url":"https:\/\/continent.lv\/wp-content\/uploads\/2026\/04\/21_jyl3-x6-1.jpeg","contentUrl":"https:\/\/continent.lv\/wp-content\/uploads\/2026\/04\/21_jyl3-x6-1.jpeg","width":2000,"height":2321},{"@type":"BreadcrumbList","@id":"https:\/\/continent.lv\/product\/philips-xd3110-09\/#breadcrumb","itemListElement":[{"@type":"ListItem","position":1,"name":"Home","item":"https:\/\/continent.lv\/"},{"@type":"ListItem","position":2,"name":"Veikals","item":"https:\/\/continent.lv\/shop\/"},{"@type":"ListItem","position":3,"name":"Philips XD3110\/09"}]},{"@type":"WebSite","@id":"https:\/\/continent.lv\/#website","url":"https:\/\/continent.lv\/","name":"Continent.lv","description":"Sadz\u012bves pre\u010du internetveikals","publisher":{"@id":"https:\/\/continent.lv\/#organization"},"potentialAction":[{"@type":"SearchAction","target":{"@type":"EntryPoint","urlTemplate":"https:\/\/continent.lv\/?s={search_term_string}"},"query-input":{"@type":"PropertyValueSpecification","valueRequired":true,"valueName":"search_term_string"}}],"inLanguage":"ru-RU"},{"@type":"Organization","@id":"https:\/\/continent.lv\/#organization","name":"Continent.lv","url":"https:\/\/continent.lv\/","logo":{"@type":"ImageObject","inLanguage":"ru-RU","@id":"https:\/\/continent.lv\/#\/schema\/logo\/image\/","url":"https:\/\/continent.lv\/wp-content\/uploads\/2026\/05\/logo_continent_5nwv-jh.jpg","contentUrl":"https:\/\/continent.lv\/wp-content\/uploads\/2026\/05\/logo_continent_5nwv-jh.jpg","width":221,"height":50,"caption":"Continent.lv"},"image":{"@id":"https:\/\/continent.lv\/#\/schema\/logo\/image\/"}}]}},"_links":{"self":[{"href":"https:\/\/continent.lv\/ru\/wp-json\/wp\/v2\/product\/21820","targetHints":{"allow":["GET"]}}],"collection":[{"href":"https:\/\/continent.lv\/ru\/wp-json\/wp\/v2\/product"}],"about":[{"href":"https:\/\/continent.lv\/ru\/wp-json\/wp\/v2\/types\/product"}],"replies":[{"embeddable":true,"href":"https:\/\/continent.lv\/ru\/wp-json\/wp\/v2\/comments?post=21820"}],"wp:featuredmedia":[{"embeddable":true,"href":"https:\/\/continent.lv\/ru\/wp-json\/wp\/v2\/media\/23584"}],"wp:attachment":[{"href":"https:\/\/continent.lv\/ru\/wp-json\/wp\/v2\/media?parent=21820"}],"wp:term":[{"taxonomy":"product_brand","embeddable":true,"href":"https:\/\/continent.lv\/ru\/wp-json\/wp\/v2\/product_brand?post=21820"},{"taxonomy":"product_cat","embeddable":true,"href":"https:\/\/continent.lv\/ru\/wp-json\/wp\/v2\/product_cat?post=21820"},{"taxonomy":"product_tag","embeddable":true,"href":"https:\/\/continent.lv\/ru\/wp-json\/wp\/v2\/product_tag?post=21820"}],"curies":[{"name":"wp","href":"https:\/\/api.w.org\/{rel}","templated":true}]}}