{"id":21756,"date":"2026-04-30T20:25:44","date_gmt":"2026-04-30T20:25:44","guid":{"rendered":"https:\/\/continent.lv\/product\/scheppach-sg2500i-invertora-generators-2000-w\/"},"modified":"2026-04-30T21:46:25","modified_gmt":"2026-04-30T21:46:25","slug":"scheppach-sg2500i-invertora-generators-2000-w","status":"publish","type":"product","link":"https:\/\/continent.lv\/ru\/product\/scheppach-sg2500i-invertora-generators-2000-w\/","title":{"rendered":"\u0418\u043d\u0432\u0435\u0440\u0442\u043e\u0440\u043d\u044b\u0439 \u0433\u0435\u043d\u0435\u0440\u0430\u0442\u043e\u0440 Scheppach SG2500i 2000 \u0412\u0442"},"content":{"rendered":"<p>SPECIFIK\u0100CIJAS \u2013 MOTORS<\/p>\n<p>\u041c\u043e\u0434\u0435\u043b\u044c: \u043e\u0434\u043d\u043e\u0446\u0438\u043b\u0438\u043d\u0434\u0440\u043e\u0432\u044b\u0439; 4-\u0442\u0430\u043a\u0442\u043d\u044b\u0439 \u0431\u0435\u043d\u0437\u0438\u043d\u043e\u0432\u044b\u0439 \u0434\u0432\u0438\u0433\u0430\u0442\u0435\u043b\u044c<br \/>\u041c\u0430\u043a\u0441. \u043c\u043e\u0449\u043d\u043e\u0441\u0442\u044c \u0434\u0432\u0438\u0433\u0430\u0442\u0435\u043b\u044f: 3 \u043b.\u0441.<br \/>\u0420\u0430\u0431\u043e\u0447\u0438\u0439 \u043e\u0431\u044a\u0435\u043c: 79 \u0441\u043c\u00b3<br \/>\u0421\u0438\u0441\u0442\u0435\u043c\u0430 \u0437\u0430\u043f\u0443\u0441\u043a\u0430: \u0440\u0443\u0447\u043d\u043e\u0439 \u0441\u0442\u0430\u0440\u0442\u0435\u0440<br \/>\u041e\u0431\u044a\u0435\u043c \u0431\u0430\u043a\u0430: 4,1 \u043b<\/p>\n<p>SPECIFIK\u0100CIJAS \u2013 \u0122ENERATORS<br \/>\u0420\u0430\u0437\u043c\u0435\u0440\u044b \u0414 x \u0428 x \u0412: 520 x 270 x 440 \u043c\u043c<br \/>\u0420\u0435\u0433\u0443\u043b\u0438\u0440\u043e\u0432\u043a\u0430 \u043d\u0430\u043f\u0440\u044f\u0436\u0435\u043d\u0438\u044f: \u0438\u043d\u0432\u0435\u0440\u0442\u043e\u0440<br \/>\u041d\u043e\u043c\u0438\u043d\u0430\u043b\u044c\u043d\u0430\u044f \/ \u043c\u0430\u043a\u0441\u0438\u043c\u0430\u043b\u044c\u043d\u0430\u044f \u043c\u043e\u0449\u043d\u043e\u0441\u0442\u044c: 1600\/2000 \u0412\u0442<br \/>\u0412\u044b\u0445\u043e\u0434\u043d\u043e\u0435 \u043d\u0430\u043f\u0440\u044f\u0436\u0435\u043d\u0438\u0435: 230 \u0412 ~<br \/>\u0427\u0430\u0441\u0442\u043e\u0442\u0430 \u043f\u0435\u0440\u0435\u043c\u0435\u043d\u043d\u043e\u0433\u043e \u0442\u043e\u043a\u0430: 50 \u0413\u0446<br \/>\u0417\u0430\u0449\u0438\u0442\u0430 \u043e\u0442 \u043f\u0435\u0440\u0435\u0433\u0440\u0443\u0437\u043a\u0438: \u0414\u0430<br \/>\u041f\u0440\u0435\u0434\u0443\u043f\u0440\u0435\u0436\u0434\u0435\u043d\u0438\u0435 \u043e \u043d\u0438\u0437\u043a\u043e\u043c \u0443\u0440\u043e\u0432\u043d\u0435 \u043c\u0430\u0441\u043b\u0430: \u0414\u0430<\/p>\n<p>\u041c\u0430\u043a\u0441\u0438\u043c\u0430\u043b\u044c\u043d\u0430\u044f \u043c\u043e\u0449\u043d\u043e\u0441\u0442\u044c 2000 \u0412\u0442 \u0434\u043b\u044f \u0443\u0441\u0442\u0440\u043e\u0439\u0441\u0442\u0432 \u0441 \u0447\u0443\u0432\u0441\u0442\u0432\u0438\u0442\u0435\u043b\u044c\u043d\u043e\u0439 \u044d\u043b\u0435\u043a\u0442\u0440\u043e\u043d\u0438\u043a\u043e\u0439, \u044d\u043b\u0435\u043a\u0442\u0440\u043e\u0438\u043d\u0441\u0442\u0440\u0443\u043c\u0435\u043d\u0442\u043e\u0432 \u0438 \u0442.\u043f.<br \/>\u041e\u0441\u043d\u0430\u0449\u0435\u043d \u0434\u0432\u0443\u043c\u044f \u0440\u043e\u0437\u0435\u0442\u043a\u0430\u043c\u0438 230 \u0412 ~ \u0438 \u0434\u0432\u0443\u043c\u044f USB-\u043f\u043e\u0440\u0442\u0430\u043c\u0438 2,1 \u0410 (\u0431\u044b\u0441\u0442\u0440\u0430\u044f \u0437\u0430\u0440\u044f\u0434\u043a\u0430)<br \/>\u0420\u0430\u0431\u043e\u0447\u0438\u0439 \u043e\u0431\u044a\u0435\u043c 79 \u0441\u043c\u00b3, \u0432\u043e\u0437\u0434\u0443\u0448\u043d\u043e\u0435 \u043e\u0445\u043b\u0430\u0436\u0434\u0435\u043d\u0438\u0435, 4-\u0442\u0430\u043a\u0442\u043d\u044b\u0439 \u0431\u0435\u043d\u0437\u0438\u043d\u043e\u0432\u044b\u0439 \u0434\u0432\u0438\u0433\u0430\u0442\u0435\u043b\u044c \u0441 \u0440\u0443\u0447\u043d\u044b\u043c \u0441\u0442\u0430\u0440\u0442\u0435\u0440\u043e\u043c<br \/>\u041a\u043e\u043c\u043f\u0430\u043a\u0442\u043d\u044b\u0439 \u0434\u0438\u0437\u0430\u0439\u043d \u0440\u0430\u0437\u043c\u0435\u0440\u043e\u043c \u0441 \u0441\u0443\u043c\u043a\u0443, \u0432\u044b\u043f\u043e\u043b\u043d\u0435\u043d \u0438\u0437 \u0443\u0434\u0430\u0440\u043e\u043f\u0440\u043e\u0447\u043d\u043e\u0433\u043e \u043f\u043b\u0430\u0441\u0442\u0438\u043a\u0430 \u0441 \u0440\u0443\u0447\u043a\u043e\u0439<br \/>\u0410\u0432\u0442\u043e\u043c\u0430\u0442\u0438\u0447\u0435\u0441\u043a\u043e\u0435 \u043e\u0442\u043a\u043b\u044e\u0447\u0435\u043d\u0438\u0435 \u043f\u0440\u0438 \u043d\u0438\u0437\u043a\u043e\u043c \u0443\u0440\u043e\u0432\u043d\u0435 \u043c\u0430\u0441\u043b\u0430<br \/>\u0422\u043e\u043f\u043b\u0438\u0432\u043d\u044b\u0439 \u0431\u0430\u043a 4,1 \u043b \u0438 \u043e\u0431\u044a\u0435\u043c \u043c\u043e\u0442\u043e\u0440\u043d\u043e\u0433\u043e \u043c\u0430\u0441\u043b\u0430 300 \u043c\u043b<\/p>\n<p>Ar 64,1 dB Scheppach SG2500i ir \u012bpa\u0161i kluss str\u0101vas \u0123enerators ar maksim\u0101lo jaudu 2000 vati. Pateicoties modernajai invertora tehnolo\u0123ijai, t\u0101 nodro\u0161ina t\u012bru elektr\u012bbu, lai pat jut\u012bgas ier\u012bces, piem\u0113ram, kl\u0113pjdatorus, var\u0113tu darbin\u0101t bez probl\u0113m\u0101m. Kompakts, \u0113rts, jaud\u012bgs \u2013 SG2500i ir ide\u0101ls pavadonis kemping\u0101 vai izbraucienos.<\/p><\/p>","protected":false},"excerpt":{"rendered":"<p>SPECIFIK\u0100CIJAS \u2013 MOTORS Modelis: viens cilindrs; 4 taktu benz\u012bna dzin\u0113jsMaks. motora jauda: 3 ZSDarba tilpums: 79 cm\u00b3Palai\u0161anas sist\u0113ma: ar rokas starteriTvertnes saturs: 4,1 l SPECIFIK\u0100CIJAS \u2013 \u0122ENERATORSIzm\u0113ri L x W x H: 520 x 270 x 440 mmSprieguma kontrole: invertorsNomin\u0101l\u0101 jauda \/ Maksim\u0101l\u0101 jauda: 1600\/2000 WSprieguma izeja: 230 V ~Mai\u0146str\u0101vas frekvence: 50 HzP\u0101rslodzes aizsardz\u012bba: J\u0101Br\u012bdin\u0101jums [&hellip;]<\/p>\n","protected":false},"featured_media":23530,"comment_status":"open","ping_status":"closed","template":"","meta":{"_joinchat":[]},"product_brand":[],"product_cat":[318],"product_tag":[],"class_list":{"0":"post-21756","1":"product","2":"type-product","3":"status-publish","4":"has-post-thumbnail","6":"product_cat-darza-tehnika-generatori","8":"first","9":"instock","10":"shipping-taxable","11":"purchasable","12":"product-type-simple"},"yoast_head":"<!-- This site is optimized with the Yoast SEO plugin v27.5 - https:\/\/yoast.com\/product\/yoast-seo-wordpress\/ -->\n<title>Scheppach SG2500i invertora \u0123enerators 2000 W - Continent.lv<\/title>\n<meta name=\"robots\" content=\"index, follow, max-snippet:-1, max-image-preview:large, max-video-preview:-1\" \/>\n<link rel=\"canonical\" href=\"https:\/\/continent.lv\/ru\/product\/scheppach-sg2500i-invertora-generators-2000-w\/\" \/>\n<meta property=\"og:locale\" content=\"ru_RU\" \/>\n<meta property=\"og:type\" content=\"article\" \/>\n<meta property=\"og:title\" content=\"Scheppach SG2500i invertora \u0123enerators 2000 W - Continent.lv\" \/>\n<meta property=\"og:description\" content=\"SPECIFIK\u0100CIJAS \u2013 MOTORS Modelis: viens cilindrs; 4 taktu benz\u012bna dzin\u0113jsMaks. motora jauda: 3 ZSDarba tilpums: 79 cm\u00b3Palai\u0161anas sist\u0113ma: ar rokas starteriTvertnes saturs: 4,1 l SPECIFIK\u0100CIJAS \u2013 \u0122ENERATORSIzm\u0113ri L x W x H: 520 x 270 x 440 mmSprieguma kontrole: invertorsNomin\u0101l\u0101 jauda \/ Maksim\u0101l\u0101 jauda: 1600\/2000 WSprieguma izeja: 230 V ~Mai\u0146str\u0101vas frekvence: 50 HzP\u0101rslodzes aizsardz\u012bba: J\u0101Br\u012bdin\u0101jums [&hellip;]\" \/>\n<meta property=\"og:url\" content=\"https:\/\/continent.lv\/ru\/product\/scheppach-sg2500i-invertora-generators-2000-w\/\" \/>\n<meta property=\"og:site_name\" content=\"Continent.lv\" \/>\n<meta property=\"article:modified_time\" content=\"2026-04-30T21:46:25+00:00\" \/>\n<meta property=\"og:image\" content=\"https:\/\/continent.lv\/wp-content\/uploads\/2026\/04\/21_kg2g-pc-1.jpeg\" \/>\n\t<meta property=\"og:image:width\" content=\"892\" \/>\n\t<meta property=\"og:image:height\" content=\"1064\" \/>\n\t<meta property=\"og:image:type\" content=\"image\/jpeg\" \/>\n<meta name=\"twitter:card\" content=\"summary_large_image\" \/>\n<meta name=\"twitter:label1\" content=\"\u041f\u0440\u0438\u043c\u0435\u0440\u043d\u043e\u0435 \u0432\u0440\u0435\u043c\u044f \u0434\u043b\u044f \u0447\u0442\u0435\u043d\u0438\u044f\" \/>\n\t<meta name=\"twitter:data1\" content=\"1 \u043c\u0438\u043d\u0443\u0442\u0430\" \/>\n<script type=\"application\/ld+json\" class=\"yoast-schema-graph\">{\"@context\":\"https:\\\/\\\/schema.org\",\"@graph\":[{\"@type\":\"WebPage\",\"@id\":\"https:\\\/\\\/continent.lv\\\/product\\\/scheppach-sg2500i-invertora-generators-2000-w\\\/\",\"url\":\"https:\\\/\\\/continent.lv\\\/product\\\/scheppach-sg2500i-invertora-generators-2000-w\\\/\",\"name\":\"Scheppach SG2500i invertora \u0123enerators 2000 W - Continent.lv\",\"isPartOf\":{\"@id\":\"https:\\\/\\\/continent.lv\\\/#website\"},\"primaryImageOfPage\":{\"@id\":\"https:\\\/\\\/continent.lv\\\/product\\\/scheppach-sg2500i-invertora-generators-2000-w\\\/#primaryimage\"},\"image\":{\"@id\":\"https:\\\/\\\/continent.lv\\\/product\\\/scheppach-sg2500i-invertora-generators-2000-w\\\/#primaryimage\"},\"thumbnailUrl\":\"https:\\\/\\\/continent.lv\\\/wp-content\\\/uploads\\\/2026\\\/04\\\/21_kg2g-pc-1.jpeg\",\"datePublished\":\"2026-04-30T20:25:44+00:00\",\"dateModified\":\"2026-04-30T21:46:25+00:00\",\"breadcrumb\":{\"@id\":\"https:\\\/\\\/continent.lv\\\/product\\\/scheppach-sg2500i-invertora-generators-2000-w\\\/#breadcrumb\"},\"inLanguage\":\"ru-RU\",\"potentialAction\":[{\"@type\":\"ReadAction\",\"target\":[\"https:\\\/\\\/continent.lv\\\/product\\\/scheppach-sg2500i-invertora-generators-2000-w\\\/\"]}]},{\"@type\":\"ImageObject\",\"inLanguage\":\"ru-RU\",\"@id\":\"https:\\\/\\\/continent.lv\\\/product\\\/scheppach-sg2500i-invertora-generators-2000-w\\\/#primaryimage\",\"url\":\"https:\\\/\\\/continent.lv\\\/wp-content\\\/uploads\\\/2026\\\/04\\\/21_kg2g-pc-1.jpeg\",\"contentUrl\":\"https:\\\/\\\/continent.lv\\\/wp-content\\\/uploads\\\/2026\\\/04\\\/21_kg2g-pc-1.jpeg\",\"width\":892,\"height\":1064},{\"@type\":\"BreadcrumbList\",\"@id\":\"https:\\\/\\\/continent.lv\\\/product\\\/scheppach-sg2500i-invertora-generators-2000-w\\\/#breadcrumb\",\"itemListElement\":[{\"@type\":\"ListItem\",\"position\":1,\"name\":\"Home\",\"item\":\"https:\\\/\\\/continent.lv\\\/\"},{\"@type\":\"ListItem\",\"position\":2,\"name\":\"Veikals\",\"item\":\"https:\\\/\\\/continent.lv\\\/shop\\\/\"},{\"@type\":\"ListItem\",\"position\":3,\"name\":\"Scheppach SG2500i invertora \u0123enerators 2000 W\"}]},{\"@type\":\"WebSite\",\"@id\":\"https:\\\/\\\/continent.lv\\\/#website\",\"url\":\"https:\\\/\\\/continent.lv\\\/\",\"name\":\"Continent.lv\",\"description\":\"Sadz\u012bves pre\u010du internetveikals\",\"publisher\":{\"@id\":\"https:\\\/\\\/continent.lv\\\/#organization\"},\"potentialAction\":[{\"@type\":\"SearchAction\",\"target\":{\"@type\":\"EntryPoint\",\"urlTemplate\":\"https:\\\/\\\/continent.lv\\\/?s={search_term_string}\"},\"query-input\":{\"@type\":\"PropertyValueSpecification\",\"valueRequired\":true,\"valueName\":\"search_term_string\"}}],\"inLanguage\":\"ru-RU\"},{\"@type\":\"Organization\",\"@id\":\"https:\\\/\\\/continent.lv\\\/#organization\",\"name\":\"Continent.lv\",\"url\":\"https:\\\/\\\/continent.lv\\\/\",\"logo\":{\"@type\":\"ImageObject\",\"inLanguage\":\"ru-RU\",\"@id\":\"https:\\\/\\\/continent.lv\\\/#\\\/schema\\\/logo\\\/image\\\/\",\"url\":\"https:\\\/\\\/continent.lv\\\/wp-content\\\/uploads\\\/2026\\\/05\\\/logo_continent_5nwv-jh.jpg\",\"contentUrl\":\"https:\\\/\\\/continent.lv\\\/wp-content\\\/uploads\\\/2026\\\/05\\\/logo_continent_5nwv-jh.jpg\",\"width\":221,\"height\":50,\"caption\":\"Continent.lv\"},\"image\":{\"@id\":\"https:\\\/\\\/continent.lv\\\/#\\\/schema\\\/logo\\\/image\\\/\"}}]}<\/script>\n<!-- \/ Yoast SEO plugin. -->","yoast_head_json":{"title":"Scheppach SG2500i invertora \u0123enerators 2000 W - Continent.lv","robots":{"index":"index","follow":"follow","max-snippet":"max-snippet:-1","max-image-preview":"max-image-preview:large","max-video-preview":"max-video-preview:-1"},"canonical":"https:\/\/continent.lv\/ru\/product\/scheppach-sg2500i-invertora-generators-2000-w\/","og_locale":"ru_RU","og_type":"article","og_title":"Scheppach SG2500i invertora \u0123enerators 2000 W - Continent.lv","og_description":"SPECIFIK\u0100CIJAS \u2013 MOTORS Modelis: viens cilindrs; 4 taktu benz\u012bna dzin\u0113jsMaks. motora jauda: 3 ZSDarba tilpums: 79 cm\u00b3Palai\u0161anas sist\u0113ma: ar rokas starteriTvertnes saturs: 4,1 l SPECIFIK\u0100CIJAS \u2013 \u0122ENERATORSIzm\u0113ri L x W x H: 520 x 270 x 440 mmSprieguma kontrole: invertorsNomin\u0101l\u0101 jauda \/ Maksim\u0101l\u0101 jauda: 1600\/2000 WSprieguma izeja: 230 V ~Mai\u0146str\u0101vas frekvence: 50 HzP\u0101rslodzes aizsardz\u012bba: J\u0101Br\u012bdin\u0101jums [&hellip;]","og_url":"https:\/\/continent.lv\/ru\/product\/scheppach-sg2500i-invertora-generators-2000-w\/","og_site_name":"Continent.lv","article_modified_time":"2026-04-30T21:46:25+00:00","og_image":[{"width":892,"height":1064,"url":"https:\/\/continent.lv\/wp-content\/uploads\/2026\/04\/21_kg2g-pc-1.jpeg","type":"image\/jpeg"}],"twitter_card":"summary_large_image","twitter_misc":{"\u041f\u0440\u0438\u043c\u0435\u0440\u043d\u043e\u0435 \u0432\u0440\u0435\u043c\u044f \u0434\u043b\u044f \u0447\u0442\u0435\u043d\u0438\u044f":"1 \u043c\u0438\u043d\u0443\u0442\u0430"},"schema":{"@context":"https:\/\/schema.org","@graph":[{"@type":"WebPage","@id":"https:\/\/continent.lv\/product\/scheppach-sg2500i-invertora-generators-2000-w\/","url":"https:\/\/continent.lv\/product\/scheppach-sg2500i-invertora-generators-2000-w\/","name":"Scheppach SG2500i invertora \u0123enerators 2000 W - Continent.lv","isPartOf":{"@id":"https:\/\/continent.lv\/#website"},"primaryImageOfPage":{"@id":"https:\/\/continent.lv\/product\/scheppach-sg2500i-invertora-generators-2000-w\/#primaryimage"},"image":{"@id":"https:\/\/continent.lv\/product\/scheppach-sg2500i-invertora-generators-2000-w\/#primaryimage"},"thumbnailUrl":"https:\/\/continent.lv\/wp-content\/uploads\/2026\/04\/21_kg2g-pc-1.jpeg","datePublished":"2026-04-30T20:25:44+00:00","dateModified":"2026-04-30T21:46:25+00:00","breadcrumb":{"@id":"https:\/\/continent.lv\/product\/scheppach-sg2500i-invertora-generators-2000-w\/#breadcrumb"},"inLanguage":"ru-RU","potentialAction":[{"@type":"ReadAction","target":["https:\/\/continent.lv\/product\/scheppach-sg2500i-invertora-generators-2000-w\/"]}]},{"@type":"ImageObject","inLanguage":"ru-RU","@id":"https:\/\/continent.lv\/product\/scheppach-sg2500i-invertora-generators-2000-w\/#primaryimage","url":"https:\/\/continent.lv\/wp-content\/uploads\/2026\/04\/21_kg2g-pc-1.jpeg","contentUrl":"https:\/\/continent.lv\/wp-content\/uploads\/2026\/04\/21_kg2g-pc-1.jpeg","width":892,"height":1064},{"@type":"BreadcrumbList","@id":"https:\/\/continent.lv\/product\/scheppach-sg2500i-invertora-generators-2000-w\/#breadcrumb","itemListElement":[{"@type":"ListItem","position":1,"name":"Home","item":"https:\/\/continent.lv\/"},{"@type":"ListItem","position":2,"name":"Veikals","item":"https:\/\/continent.lv\/shop\/"},{"@type":"ListItem","position":3,"name":"Scheppach SG2500i invertora \u0123enerators 2000 W"}]},{"@type":"WebSite","@id":"https:\/\/continent.lv\/#website","url":"https:\/\/continent.lv\/","name":"Continent.lv","description":"Sadz\u012bves pre\u010du internetveikals","publisher":{"@id":"https:\/\/continent.lv\/#organization"},"potentialAction":[{"@type":"SearchAction","target":{"@type":"EntryPoint","urlTemplate":"https:\/\/continent.lv\/?s={search_term_string}"},"query-input":{"@type":"PropertyValueSpecification","valueRequired":true,"valueName":"search_term_string"}}],"inLanguage":"ru-RU"},{"@type":"Organization","@id":"https:\/\/continent.lv\/#organization","name":"Continent.lv","url":"https:\/\/continent.lv\/","logo":{"@type":"ImageObject","inLanguage":"ru-RU","@id":"https:\/\/continent.lv\/#\/schema\/logo\/image\/","url":"https:\/\/continent.lv\/wp-content\/uploads\/2026\/05\/logo_continent_5nwv-jh.jpg","contentUrl":"https:\/\/continent.lv\/wp-content\/uploads\/2026\/05\/logo_continent_5nwv-jh.jpg","width":221,"height":50,"caption":"Continent.lv"},"image":{"@id":"https:\/\/continent.lv\/#\/schema\/logo\/image\/"}}]}},"_links":{"self":[{"href":"https:\/\/continent.lv\/ru\/wp-json\/wp\/v2\/product\/21756","targetHints":{"allow":["GET"]}}],"collection":[{"href":"https:\/\/continent.lv\/ru\/wp-json\/wp\/v2\/product"}],"about":[{"href":"https:\/\/continent.lv\/ru\/wp-json\/wp\/v2\/types\/product"}],"replies":[{"embeddable":true,"href":"https:\/\/continent.lv\/ru\/wp-json\/wp\/v2\/comments?post=21756"}],"wp:featuredmedia":[{"embeddable":true,"href":"https:\/\/continent.lv\/ru\/wp-json\/wp\/v2\/media\/23530"}],"wp:attachment":[{"href":"https:\/\/continent.lv\/ru\/wp-json\/wp\/v2\/media?parent=21756"}],"wp:term":[{"taxonomy":"product_brand","embeddable":true,"href":"https:\/\/continent.lv\/ru\/wp-json\/wp\/v2\/product_brand?post=21756"},{"taxonomy":"product_cat","embeddable":true,"href":"https:\/\/continent.lv\/ru\/wp-json\/wp\/v2\/product_cat?post=21756"},{"taxonomy":"product_tag","embeddable":true,"href":"https:\/\/continent.lv\/ru\/wp-json\/wp\/v2\/product_tag?post=21756"}],"curies":[{"name":"wp","href":"https:\/\/api.w.org\/{rel}","templated":true}]}}