{"id":21662,"date":"2026-04-30T20:21:32","date_gmt":"2026-04-30T20:21:32","guid":{"rendered":"https:\/\/continent.lv\/product\/lg-oled48c41la-4k-oled-wifi-2024\/"},"modified":"2026-04-30T21:42:22","modified_gmt":"2026-04-30T21:42:22","slug":"lg-oled48c41la-4k-oled-wifi-2024","status":"publish","type":"product","link":"https:\/\/continent.lv\/ru\/product\/lg-oled48c41la-4k-oled-wifi-2024\/","title":{"rendered":"LG OLED48C41LA 4K OLED WiFi 2024"},"content":{"rendered":"<\/p>\n<p class=\"translation-block\"><p><\/p><p>\u041f\u0440\u043e\u0438\u0437\u0432\u043e\u0434\u0438\u0442\u0435\u043b\u044c LG<br>\u0422\u0438\u043f \u0442\u0435\u043b\u0435\u0432\u0438\u0437\u043e\u0440\u0430 OLED<br>\u0420\u0430\u0437\u043c\u0435\u0440 \u044d\u043a\u0440\u0430\u043d\u0430, \u0434\u044e\u0439\u043c\u044b 48<br>\u042d\u043a\u0440\u0430\u043d<br>\u0420\u0430\u0437\u0440\u0435\u0448\u0435\u043d\u0438\u0435 3840 x 2160 (4K UHD)<br>HDR \u0415\u0441\u0442\u044c<br>\u0417\u0432\u0443\u043a<br>\u041c\u043e\u0449\u043d\u043e\u0441\u0442\u044c \u0437\u0432\u0443\u043a\u0430, \u0412\u0442 40<br>Smart TV \u0438 \u0438\u043d\u0442\u0435\u0440\u043d\u0435\u0442<br>\u0414\u043e\u0441\u0442\u0443\u043f \u0432 \u0438\u043d\u0442\u0435\u0440\u043d\u0435\u0442 (Smart TV) \u0415\u0441\u0442\u044c<br>\u0412\u0435\u0431-\u0431\u0440\u0430\u0443\u0437\u0435\u0440 \u0415\u0441\u0442\u044c<br>\u041e\u043f\u0435\u0440\u0430\u0446\u0438\u043e\u043d\u043d\u0430\u044f \u0441\u0438\u0441\u0442\u0435\u043c\u0430 Smart TV webOS 24<br>\u0423\u043f\u0440\u0430\u0432\u043b\u0435\u043d\u0438\u0435 \u0441 \u043f\u043e\u043c\u043e\u0449\u044c\u044e \u0441\u043c\u0430\u0440\u0442\u0444\u043e\u043d\u0430 \u0415\u0441\u0442\u044c<br>\u0426\u0438\u0444\u0440\u043e\u0432\u043e\u0439 \u0442\u044e\u043d\u0435\u0440<br>DVB-\u0442\u044e\u043d\u0435\u0440 DVB-T2<br>DVB-C<br>DVB-S2<br>\u0422\u0438\u043f\u044b \u043f\u043e\u0434\u043a\u043b\u044e\u0447\u0435\u043d\u0438\u0439<br>\u041f\u043e\u0434\u0434\u0435\u0440\u0436\u043a\u0430 WiFi \u0415\u0441\u0442\u044c (\u0432\u0441\u0442\u0440\u043e\u0435\u043d\u043d\u044b\u0439)<br>\u0412\u0445\u043e\u0434\u044b HDMI 2.1 4<br>\u041a\u043e\u043b\u0438\u0447\u0435\u0441\u0442\u0432\u043e USB \u0432\u0445\u043e\u0434\u043e\u0432 3<br>USB \u043c\u0435\u0434\u0438\u0430\u043f\u043b\u0435\u0435\u0440 (\u0412\u0438\u0434\u0435\u043e, \u041c\u0443\u0437\u044b\u043a\u0430, \u0424\u043e\u0442\u043e) \u0415\u0441\u0442\u044c<br>\u041f\u043e\u0434\u043a\u043b\u044e\u0447\u0435\u043d\u0438\u0435 Wi-Fi Direct \/ Miracast \u041e\u0442\u0441\u0443\u0442\u0441\u0442\u0432\u0443\u0435\u0442<br>\u0420\u0430\u0437\u044a\u0435\u043c \u0434\u043b\u044f \u043d\u0430\u0443\u0448\u043d\u0438\u043a\u043e\u0432 \u041e\u0442\u0441\u0443\u0442\u0441\u0442\u0432\u0443\u0435\u0442<br>Bluetooth \u0415\u0441\u0442\u044c<br>\u0414\u043e\u043f\u043e\u043b\u043d\u0438\u0442\u0435\u043b\u044c\u043d\u044b\u0435 \u043f\u043e\u0434\u043a\u043b\u044e\u0447\u0435\u043d\u0438\u044f Common Interface \u0441\u043b\u043e\u0442<br>\u041e\u043f\u0442\u0438\u0447\u0435\u0441\u043a\u0438\u0439 \u0430\u0443\u0434\u0438\u043e\u0432\u044b\u0445\u043e\u0434<br>\u0412\u0445\u043e\u0434 LAN (RJ45)<br>\u041f\u043e\u0442\u0440\u0435\u0431\u043b\u0435\u043d\u0438\u0435 \u044d\u043d\u0435\u0440\u0433\u0438\u0438<br>\u041a\u043b\u0430\u0441\u0441 \u044d\u043d\u0435\u0440\u0433\u043e\u043f\u043e\u0442\u0440\u0435\u0431\u043b\u0435\u043d\u0438\u044f G<br>\u041e\u0446\u0435\u043d\u043a\u0430 \u044d\u043d\u0435\u0440\u0433\u043e\u043f\u043e\u0442\u0440\u0435\u0431\u043b\u0435\u043d\u0438\u044f (\u043a\u0412\u0442\u00b7\u0447\/1000\u0447) 66<br>\u0420\u0430\u0437\u043c\u0435\u0440 \u0438 \u0432\u0435\u0441<br>\u0420\u0430\u0437\u043c\u0435\u0440 \u0431\u0435\u0437 \u043f\u043e\u0434\u0441\u0442\u0430\u0432\u043a\u0438, (\u0428\u0445\u0412\u0445\u0413, \u043c\u043c) 1071 x 620 x 46,9<br>\u0420\u0430\u0437\u043c\u0435\u0440 \u0441 \u043f\u043e\u0434\u0441\u0442\u0430\u0432\u043a\u043e\u0439, (\u0428\u0445\u0412\u0445\u0413, \u043c\u043c) 1071 x 675 x 230<br>\u0412\u0435\u0441 \u0431\u0435\u0437 \u043f\u043e\u0434\u0441\u0442\u0430\u0432\u043a\u0438, \u043a\u0433 14.9<br>\u0412\u0435\u0441 \u0441 \u043f\u043e\u0434\u0441\u0442\u0430\u0432\u043a\u043e\u0439, \u043a\u0433 16.8<br>\u0412\u0435\u0441<br>\u0411\u0440\u0443\u0442\u0442\u043e \u0432\u0435\u0441 (\u043a\u0433) 20<\/p><\/p>","protected":false},"excerpt":{"rendered":"<p>Ra\u017eot\u0101js LGTelevizora veids OLEDEkr\u0101na izm\u0113rs, collas 48Ekr\u0101nsIz\u0161\u0137irtsp\u0113ja 3840 x 2160 (4K UHD)HDR IrSka\u0146aSka\u0146as jauda, W 40Smart TV un internetsInterneta piek\u013cuve (Smart TV) IrInterneta p\u0101rl\u016bks IrSmart TV oper\u0113t\u0101jsist\u0113ma webOS 24Vad\u012bba, izmantojot viedt\u0101lruni IrDigit\u0101lais uztv\u0113r\u0113jsDVB uztv\u0113r\u0113js DVB-T2DVB-CDVB-S2Savienojumu veidiWiFi atbalsts Ir (ieb\u016bv\u0113ts)HDMI 2.1 ieejas 4USB ieeju skaits 3USB mediaplejeris (Video, Muzika, Foto) IrWi-Fi Direct \/ Miracast piesl\u0113gums NavAusti\u0146u [&hellip;]<\/p>\n","protected":false},"featured_media":23446,"comment_status":"open","ping_status":"closed","template":"","meta":{"_joinchat":[]},"product_brand":[112],"product_cat":[294],"product_tag":[],"class_list":{"0":"post-21662","1":"product","2":"type-product","3":"status-publish","4":"has-post-thumbnail","6":"product_brand-lg","7":"product_cat-tv-foto-video-audio-televizori-un-aksesuari-led-televizori","9":"first","10":"instock","11":"shipping-taxable","12":"purchasable","13":"product-type-simple"},"yoast_head":"<!-- This site is optimized with the Yoast SEO plugin v27.5 - https:\/\/yoast.com\/product\/yoast-seo-wordpress\/ -->\n<title>LG OLED48C41LA 4K OLED WiFi 2024 - Continent.lv<\/title>\n<meta name=\"robots\" content=\"index, follow, max-snippet:-1, max-image-preview:large, max-video-preview:-1\" \/>\n<link rel=\"canonical\" href=\"https:\/\/continent.lv\/ru\/product\/lg-oled48c41la-4k-oled-wifi-2024\/\" \/>\n<meta property=\"og:locale\" content=\"ru_RU\" \/>\n<meta property=\"og:type\" content=\"article\" \/>\n<meta property=\"og:title\" content=\"LG OLED48C41LA 4K OLED WiFi 2024 - Continent.lv\" \/>\n<meta property=\"og:description\" content=\"Ra\u017eot\u0101js LGTelevizora veids OLEDEkr\u0101na izm\u0113rs, collas 48Ekr\u0101nsIz\u0161\u0137irtsp\u0113ja 3840 x 2160 (4K UHD)HDR IrSka\u0146aSka\u0146as jauda, W 40Smart TV un internetsInterneta piek\u013cuve (Smart TV) IrInterneta p\u0101rl\u016bks IrSmart TV oper\u0113t\u0101jsist\u0113ma webOS 24Vad\u012bba, izmantojot viedt\u0101lruni IrDigit\u0101lais uztv\u0113r\u0113jsDVB uztv\u0113r\u0113js DVB-T2DVB-CDVB-S2Savienojumu veidiWiFi atbalsts Ir (ieb\u016bv\u0113ts)HDMI 2.1 ieejas 4USB ieeju skaits 3USB mediaplejeris (Video, Muzika, Foto) IrWi-Fi Direct \/ Miracast piesl\u0113gums NavAusti\u0146u [&hellip;]\" \/>\n<meta property=\"og:url\" content=\"https:\/\/continent.lv\/ru\/product\/lg-oled48c41la-4k-oled-wifi-2024\/\" \/>\n<meta property=\"og:site_name\" content=\"Continent.lv\" \/>\n<meta property=\"article:modified_time\" content=\"2026-04-30T21:42:22+00:00\" \/>\n<meta property=\"og:image\" content=\"https:\/\/continent.lv\/wp-content\/uploads\/2026\/04\/LG_OLED48C41LA-4.jpg\" \/>\n\t<meta property=\"og:image:width\" content=\"1600\" \/>\n\t<meta property=\"og:image:height\" content=\"1062\" \/>\n\t<meta property=\"og:image:type\" content=\"image\/jpeg\" \/>\n<meta name=\"twitter:card\" content=\"summary_large_image\" \/>\n<meta name=\"twitter:label1\" content=\"\u041f\u0440\u0438\u043c\u0435\u0440\u043d\u043e\u0435 \u0432\u0440\u0435\u043c\u044f \u0434\u043b\u044f \u0447\u0442\u0435\u043d\u0438\u044f\" \/>\n\t<meta name=\"twitter:data1\" content=\"1 \u043c\u0438\u043d\u0443\u0442\u0430\" \/>\n<script type=\"application\/ld+json\" class=\"yoast-schema-graph\">{\"@context\":\"https:\\\/\\\/schema.org\",\"@graph\":[{\"@type\":\"WebPage\",\"@id\":\"https:\\\/\\\/continent.lv\\\/product\\\/lg-oled48c41la-4k-oled-wifi-2024\\\/\",\"url\":\"https:\\\/\\\/continent.lv\\\/product\\\/lg-oled48c41la-4k-oled-wifi-2024\\\/\",\"name\":\"LG OLED48C41LA 4K OLED WiFi 2024 - Continent.lv\",\"isPartOf\":{\"@id\":\"https:\\\/\\\/continent.lv\\\/#website\"},\"primaryImageOfPage\":{\"@id\":\"https:\\\/\\\/continent.lv\\\/product\\\/lg-oled48c41la-4k-oled-wifi-2024\\\/#primaryimage\"},\"image\":{\"@id\":\"https:\\\/\\\/continent.lv\\\/product\\\/lg-oled48c41la-4k-oled-wifi-2024\\\/#primaryimage\"},\"thumbnailUrl\":\"https:\\\/\\\/continent.lv\\\/wp-content\\\/uploads\\\/2026\\\/04\\\/LG_OLED48C41LA-4.jpg\",\"datePublished\":\"2026-04-30T20:21:32+00:00\",\"dateModified\":\"2026-04-30T21:42:22+00:00\",\"breadcrumb\":{\"@id\":\"https:\\\/\\\/continent.lv\\\/product\\\/lg-oled48c41la-4k-oled-wifi-2024\\\/#breadcrumb\"},\"inLanguage\":\"ru-RU\",\"potentialAction\":[{\"@type\":\"ReadAction\",\"target\":[\"https:\\\/\\\/continent.lv\\\/product\\\/lg-oled48c41la-4k-oled-wifi-2024\\\/\"]}]},{\"@type\":\"ImageObject\",\"inLanguage\":\"ru-RU\",\"@id\":\"https:\\\/\\\/continent.lv\\\/product\\\/lg-oled48c41la-4k-oled-wifi-2024\\\/#primaryimage\",\"url\":\"https:\\\/\\\/continent.lv\\\/wp-content\\\/uploads\\\/2026\\\/04\\\/LG_OLED48C41LA-4.jpg\",\"contentUrl\":\"https:\\\/\\\/continent.lv\\\/wp-content\\\/uploads\\\/2026\\\/04\\\/LG_OLED48C41LA-4.jpg\",\"width\":1600,\"height\":1062},{\"@type\":\"BreadcrumbList\",\"@id\":\"https:\\\/\\\/continent.lv\\\/product\\\/lg-oled48c41la-4k-oled-wifi-2024\\\/#breadcrumb\",\"itemListElement\":[{\"@type\":\"ListItem\",\"position\":1,\"name\":\"Home\",\"item\":\"https:\\\/\\\/continent.lv\\\/\"},{\"@type\":\"ListItem\",\"position\":2,\"name\":\"Veikals\",\"item\":\"https:\\\/\\\/continent.lv\\\/shop\\\/\"},{\"@type\":\"ListItem\",\"position\":3,\"name\":\"LG OLED48C41LA 4K OLED WiFi 2024\"}]},{\"@type\":\"WebSite\",\"@id\":\"https:\\\/\\\/continent.lv\\\/#website\",\"url\":\"https:\\\/\\\/continent.lv\\\/\",\"name\":\"Continent.lv\",\"description\":\"Sadz\u012bves pre\u010du internetveikals\",\"publisher\":{\"@id\":\"https:\\\/\\\/continent.lv\\\/#organization\"},\"potentialAction\":[{\"@type\":\"SearchAction\",\"target\":{\"@type\":\"EntryPoint\",\"urlTemplate\":\"https:\\\/\\\/continent.lv\\\/?s={search_term_string}\"},\"query-input\":{\"@type\":\"PropertyValueSpecification\",\"valueRequired\":true,\"valueName\":\"search_term_string\"}}],\"inLanguage\":\"ru-RU\"},{\"@type\":\"Organization\",\"@id\":\"https:\\\/\\\/continent.lv\\\/#organization\",\"name\":\"Continent.lv\",\"url\":\"https:\\\/\\\/continent.lv\\\/\",\"logo\":{\"@type\":\"ImageObject\",\"inLanguage\":\"ru-RU\",\"@id\":\"https:\\\/\\\/continent.lv\\\/#\\\/schema\\\/logo\\\/image\\\/\",\"url\":\"https:\\\/\\\/continent.lv\\\/wp-content\\\/uploads\\\/2026\\\/05\\\/logo_continent_5nwv-jh.jpg\",\"contentUrl\":\"https:\\\/\\\/continent.lv\\\/wp-content\\\/uploads\\\/2026\\\/05\\\/logo_continent_5nwv-jh.jpg\",\"width\":221,\"height\":50,\"caption\":\"Continent.lv\"},\"image\":{\"@id\":\"https:\\\/\\\/continent.lv\\\/#\\\/schema\\\/logo\\\/image\\\/\"}}]}<\/script>\n<!-- \/ Yoast SEO plugin. -->","yoast_head_json":{"title":"LG OLED48C41LA 4K OLED WiFi 2024 - Continent.lv","robots":{"index":"index","follow":"follow","max-snippet":"max-snippet:-1","max-image-preview":"max-image-preview:large","max-video-preview":"max-video-preview:-1"},"canonical":"https:\/\/continent.lv\/ru\/product\/lg-oled48c41la-4k-oled-wifi-2024\/","og_locale":"ru_RU","og_type":"article","og_title":"LG OLED48C41LA 4K OLED WiFi 2024 - Continent.lv","og_description":"Ra\u017eot\u0101js LGTelevizora veids OLEDEkr\u0101na izm\u0113rs, collas 48Ekr\u0101nsIz\u0161\u0137irtsp\u0113ja 3840 x 2160 (4K UHD)HDR IrSka\u0146aSka\u0146as jauda, W 40Smart TV un internetsInterneta piek\u013cuve (Smart TV) IrInterneta p\u0101rl\u016bks IrSmart TV oper\u0113t\u0101jsist\u0113ma webOS 24Vad\u012bba, izmantojot viedt\u0101lruni IrDigit\u0101lais uztv\u0113r\u0113jsDVB uztv\u0113r\u0113js DVB-T2DVB-CDVB-S2Savienojumu veidiWiFi atbalsts Ir (ieb\u016bv\u0113ts)HDMI 2.1 ieejas 4USB ieeju skaits 3USB mediaplejeris (Video, Muzika, Foto) IrWi-Fi Direct \/ Miracast piesl\u0113gums NavAusti\u0146u [&hellip;]","og_url":"https:\/\/continent.lv\/ru\/product\/lg-oled48c41la-4k-oled-wifi-2024\/","og_site_name":"Continent.lv","article_modified_time":"2026-04-30T21:42:22+00:00","og_image":[{"width":1600,"height":1062,"url":"https:\/\/continent.lv\/wp-content\/uploads\/2026\/04\/LG_OLED48C41LA-4.jpg","type":"image\/jpeg"}],"twitter_card":"summary_large_image","twitter_misc":{"\u041f\u0440\u0438\u043c\u0435\u0440\u043d\u043e\u0435 \u0432\u0440\u0435\u043c\u044f \u0434\u043b\u044f \u0447\u0442\u0435\u043d\u0438\u044f":"1 \u043c\u0438\u043d\u0443\u0442\u0430"},"schema":{"@context":"https:\/\/schema.org","@graph":[{"@type":"WebPage","@id":"https:\/\/continent.lv\/product\/lg-oled48c41la-4k-oled-wifi-2024\/","url":"https:\/\/continent.lv\/product\/lg-oled48c41la-4k-oled-wifi-2024\/","name":"LG OLED48C41LA 4K OLED WiFi 2024 - Continent.lv","isPartOf":{"@id":"https:\/\/continent.lv\/#website"},"primaryImageOfPage":{"@id":"https:\/\/continent.lv\/product\/lg-oled48c41la-4k-oled-wifi-2024\/#primaryimage"},"image":{"@id":"https:\/\/continent.lv\/product\/lg-oled48c41la-4k-oled-wifi-2024\/#primaryimage"},"thumbnailUrl":"https:\/\/continent.lv\/wp-content\/uploads\/2026\/04\/LG_OLED48C41LA-4.jpg","datePublished":"2026-04-30T20:21:32+00:00","dateModified":"2026-04-30T21:42:22+00:00","breadcrumb":{"@id":"https:\/\/continent.lv\/product\/lg-oled48c41la-4k-oled-wifi-2024\/#breadcrumb"},"inLanguage":"ru-RU","potentialAction":[{"@type":"ReadAction","target":["https:\/\/continent.lv\/product\/lg-oled48c41la-4k-oled-wifi-2024\/"]}]},{"@type":"ImageObject","inLanguage":"ru-RU","@id":"https:\/\/continent.lv\/product\/lg-oled48c41la-4k-oled-wifi-2024\/#primaryimage","url":"https:\/\/continent.lv\/wp-content\/uploads\/2026\/04\/LG_OLED48C41LA-4.jpg","contentUrl":"https:\/\/continent.lv\/wp-content\/uploads\/2026\/04\/LG_OLED48C41LA-4.jpg","width":1600,"height":1062},{"@type":"BreadcrumbList","@id":"https:\/\/continent.lv\/product\/lg-oled48c41la-4k-oled-wifi-2024\/#breadcrumb","itemListElement":[{"@type":"ListItem","position":1,"name":"Home","item":"https:\/\/continent.lv\/"},{"@type":"ListItem","position":2,"name":"Veikals","item":"https:\/\/continent.lv\/shop\/"},{"@type":"ListItem","position":3,"name":"LG OLED48C41LA 4K OLED WiFi 2024"}]},{"@type":"WebSite","@id":"https:\/\/continent.lv\/#website","url":"https:\/\/continent.lv\/","name":"Continent.lv","description":"Sadz\u012bves pre\u010du internetveikals","publisher":{"@id":"https:\/\/continent.lv\/#organization"},"potentialAction":[{"@type":"SearchAction","target":{"@type":"EntryPoint","urlTemplate":"https:\/\/continent.lv\/?s={search_term_string}"},"query-input":{"@type":"PropertyValueSpecification","valueRequired":true,"valueName":"search_term_string"}}],"inLanguage":"ru-RU"},{"@type":"Organization","@id":"https:\/\/continent.lv\/#organization","name":"Continent.lv","url":"https:\/\/continent.lv\/","logo":{"@type":"ImageObject","inLanguage":"ru-RU","@id":"https:\/\/continent.lv\/#\/schema\/logo\/image\/","url":"https:\/\/continent.lv\/wp-content\/uploads\/2026\/05\/logo_continent_5nwv-jh.jpg","contentUrl":"https:\/\/continent.lv\/wp-content\/uploads\/2026\/05\/logo_continent_5nwv-jh.jpg","width":221,"height":50,"caption":"Continent.lv"},"image":{"@id":"https:\/\/continent.lv\/#\/schema\/logo\/image\/"}}]}},"_links":{"self":[{"href":"https:\/\/continent.lv\/ru\/wp-json\/wp\/v2\/product\/21662","targetHints":{"allow":["GET"]}}],"collection":[{"href":"https:\/\/continent.lv\/ru\/wp-json\/wp\/v2\/product"}],"about":[{"href":"https:\/\/continent.lv\/ru\/wp-json\/wp\/v2\/types\/product"}],"replies":[{"embeddable":true,"href":"https:\/\/continent.lv\/ru\/wp-json\/wp\/v2\/comments?post=21662"}],"wp:featuredmedia":[{"embeddable":true,"href":"https:\/\/continent.lv\/ru\/wp-json\/wp\/v2\/media\/23446"}],"wp:attachment":[{"href":"https:\/\/continent.lv\/ru\/wp-json\/wp\/v2\/media?parent=21662"}],"wp:term":[{"taxonomy":"product_brand","embeddable":true,"href":"https:\/\/continent.lv\/ru\/wp-json\/wp\/v2\/product_brand?post=21662"},{"taxonomy":"product_cat","embeddable":true,"href":"https:\/\/continent.lv\/ru\/wp-json\/wp\/v2\/product_cat?post=21662"},{"taxonomy":"product_tag","embeddable":true,"href":"https:\/\/continent.lv\/ru\/wp-json\/wp\/v2\/product_tag?post=21662"}],"curies":[{"name":"wp","href":"https:\/\/api.w.org\/{rel}","templated":true}]}}