{"id":21545,"date":"2026-04-30T20:19:09","date_gmt":"2026-04-30T20:19:09","guid":{"rendered":"https:\/\/continent.lv\/product\/philips-gc9650\/"},"modified":"2026-04-30T21:40:13","modified_gmt":"2026-04-30T21:40:13","slug":"philips-gc9650","status":"publish","type":"product","link":"https:\/\/continent.lv\/ru\/product\/philips-gc9650\/","title":{"rendered":"Philips GC9650"},"content":{"rendered":"<p><\/p>\n<p class=\"translation-block\"><p><br><\/p><p>\u041c\u043e\u0449\u043d\u0435\u0439\u0448\u0438\u0439 \u043f\u0430\u0440 \u0434\u043b\u044f \u0431\u043e\u043b\u0435\u0435 \u0431\u044b\u0441\u0442\u0440\u043e\u0439 \u0433\u043b\u0430\u0436\u043a\u0438*<br>\u041e\u0441\u043e\u0431\u0435\u043d\u043d\u043e \u0443\u0434\u043e\u0431\u043d\u0430\u044f \u0433\u043b\u0430\u0436\u043a\u0430 \u0438 \u0442\u0435\u0445\u043d\u043e\u043b\u043e\u0433\u0438\u044f Silent Steam<br>\u0414\u0430\u0432\u043b\u0435\u043d\u0438\u0435 \u0434\u043e 7,5 \u0431\u0430\u0440<br>\u041f\u0430\u0440\u043e\u0432\u043e\u0439 \u0443\u0434\u0430\u0440 450 \u0433<br>\u0417\u0430\u0449\u0438\u0442\u0430 \u043f\u0440\u0438 \u0442\u0440\u0430\u043d\u0441\u043f\u043e\u0440\u0442\u0438\u0440\u043e\u0432\u043a\u0435<br>\u0421\u044a\u0435\u043c\u043d\u044b\u0439 \u0440\u0435\u0437\u0435\u0440\u0432\u0443\u0430\u0440 \u0434\u043b\u044f \u0432\u043e\u0434\u044b \u043e\u0431\u044a\u0435\u043c\u043e\u043c 1,8 \u043b<br>\u041f\u0440\u043e\u0441\u0442\u0430\u044f \u0438 \u044d\u0444\u0444\u0435\u043a\u0442\u0438\u0432\u043d\u0430\u044f \u043e\u0447\u0438\u0441\u0442\u043a\u0430 \u043e\u0442 \u043d\u0430\u043a\u0438\u043f\u0438 \u0434\u043b\u044f \u043f\u0440\u043e\u0434\u043b\u0435\u043d\u0438\u044f \u0441\u0440\u043e\u043a\u0430 \u0441\u043b\u0443\u0436\u0431\u044b \u0443\u0441\u0442\u0440\u043e\u0439\u0441\u0442\u0432\u0430 \u041f\u0440\u043e\u0441\u0442\u0430 \u0438 \u044d\u0444\u0444\u0435\u043a\u0442\u0438\u0432\u043d\u0430 \u043e\u0447\u0438\u0441\u0442\u043a\u0430 \u043e\u0442 \u043d\u0430\u043a\u0438\u043f\u0438 \u0434\u043b\u044f \u043f\u0440\u043e\u0434\u043b\u0435\u043d\u0438\u044f \u0441\u0440\u043e\u043a\u0430 \u0441\u043b\u0443\u0436\u0431\u044b \u0443\u0441\u0442\u0440\u043e\u0439\u0441\u0442\u0432\u0430<br>\u0414\u043b\u0438\u0442\u0435\u043b\u044c\u043d\u044b\u0439 \u043f\u0430\u0440: \u0443\u043d\u0438\u043a\u0430\u043b\u044c\u043d\u0430\u044f \u0441\u0438\u0441\u0442\u0435\u043c\u0430 \u0437\u0430\u0449\u0438\u0442\u044b \u043e\u0442 \u043d\u0430\u043a\u0438\u043f\u0438 Easy De-Calc Plus \u043e\u0442 Philips, \u0438\u0434\u0435\u0430\u043b\u044c\u043d\u043e \u0440\u0430\u0441\u043f\u043e\u043b\u043e\u0436\u0435\u043d\u043d\u0430\u044f, \u044f\u0432\u043b\u044f\u0435\u0442\u0441\u044f \u0438\u0434\u0435\u0430\u043b\u044c\u043d\u044b\u043c \u0441\u043f\u043e\u0441\u043e\u0431\u043e\u043c \u0438\u0437\u0431\u0430\u0432\u0438\u0442\u044c\u0441\u044f \u043e\u0442 \u043d\u0430\u043a\u0438\u043f\u0438 \u0438 \u043f\u0440\u043e\u0434\u043b\u0438\u0442\u044c \u0441\u0440\u043e\u043a \u0441\u043b\u0443\u0436\u0431\u044b \u043f\u0430\u0440\u043e\u0433\u0435\u043d\u0435\u0440\u0430\u0442\u043e\u0440\u0430. \u0423\u0442\u044e\u0433 \u043d\u0430\u043f\u043e\u043c\u0438\u043d\u0430\u0435\u0442 \u043e \u043d\u0435\u043e\u0431\u0445\u043e\u0434\u0438\u043c\u043e\u0441\u0442\u0438 \u043e\u0447\u0438\u0441\u0442\u043a\u0438 \u0441 \u043f\u043e\u043c\u043e\u0449\u044c\u044e \u0441\u0432\u0435\u0442\u043e\u0432\u044b\u0445 \u0438 \u0437\u0432\u0443\u043a\u043e\u0432\u044b\u0445 \u0441\u0438\u0433\u043d\u0430\u043b\u043e\u0432. \u041a\u043e\u0433\u0434\u0430 \u0443\u0442\u044e\u0433 \u043e\u0441\u0442\u044b\u043d\u0435\u0442, \u043f\u0440\u043e\u0441\u0442\u043e \u043e\u0442\u0432\u0435\u0440\u043d\u0438\u0442\u0435 \u0440\u0443\u0447\u043a\u0443 EasyDe-Calc \u0438 \u0432\u044b\u043b\u0435\u0439\u0442\u0435 \u0437\u0430\u0433\u0440\u044f\u0437\u043d\u0435\u043d\u043d\u0443\u044e \u043d\u0430\u043a\u0438\u043f\u044c\u044e \u0432\u043e\u0434\u0443 \u0432 \u0447\u0430\u0448\u043a\u0443.<\/p><\/p>","protected":false},"excerpt":{"rendered":"<p>Jaud\u012bg\u0101kais tvaiks \u0101tr\u0101kai gludin\u0101\u0161anai*\u012apa\u0161i \u0113rta gludin\u0101\u0161ana un Silent Steam tehnolo\u0123ijaSpiediens l\u012bdz 7,5 b\u0101riemTvaika pastiprin\u0101\u0161ana 450 gTransporta aizsardz\u012bba1,8L no\u0146emama \u016bdens tvertneVienk\u0101r\u0161a un efekt\u012bva ier\u012bces atka\u013c\u0137o\u0161ana, lai pagarin\u0101tu ier\u012bces kalpo\u0161anas laiku Vienk\u0101r\u0161a un efekt\u012bva ier\u012bces atka\u013c\u0137o\u0161ana, lai pagarin\u0101tu ier\u012bces kalpo\u0161anas laikuIlgsto\u0161i tvaiks: Philips unik\u0101l\u0101, ide\u0101li novietot\u0101 Easy De-Calc Plus pretka\u013c\u0137a sist\u0113ma ir ide\u0101ls veids, k\u0101 atbr\u012bvoties no [&hellip;]<\/p>\n","protected":false},"featured_media":23349,"comment_status":"open","ping_status":"closed","template":"","meta":{"_joinchat":[]},"product_brand":[307],"product_cat":[306],"product_tag":[],"class_list":{"0":"post-21545","1":"product","2":"type-product","3":"status-publish","4":"has-post-thumbnail","6":"product_brand-philips","7":"product_cat-maza-sadzives-tehnika-gludekli","9":"first","10":"instock","11":"shipping-taxable","12":"purchasable","13":"product-type-simple"},"yoast_head":"<!-- This site is optimized with the Yoast SEO plugin v27.5 - https:\/\/yoast.com\/product\/yoast-seo-wordpress\/ -->\n<title>Philips GC9650 - Continent.lv<\/title>\n<meta name=\"robots\" content=\"index, follow, max-snippet:-1, max-image-preview:large, max-video-preview:-1\" \/>\n<link rel=\"canonical\" href=\"https:\/\/continent.lv\/ru\/product\/philips-gc9650\/\" \/>\n<meta property=\"og:locale\" content=\"ru_RU\" \/>\n<meta property=\"og:type\" content=\"article\" \/>\n<meta property=\"og:title\" content=\"Philips GC9650 - Continent.lv\" \/>\n<meta property=\"og:description\" content=\"Jaud\u012bg\u0101kais tvaiks \u0101tr\u0101kai gludin\u0101\u0161anai*\u012apa\u0161i \u0113rta gludin\u0101\u0161ana un Silent Steam tehnolo\u0123ijaSpiediens l\u012bdz 7,5 b\u0101riemTvaika pastiprin\u0101\u0161ana 450 gTransporta aizsardz\u012bba1,8L no\u0146emama \u016bdens tvertneVienk\u0101r\u0161a un efekt\u012bva ier\u012bces atka\u013c\u0137o\u0161ana, lai pagarin\u0101tu ier\u012bces kalpo\u0161anas laiku Vienk\u0101r\u0161a un efekt\u012bva ier\u012bces atka\u013c\u0137o\u0161ana, lai pagarin\u0101tu ier\u012bces kalpo\u0161anas laikuIlgsto\u0161i tvaiks: Philips unik\u0101l\u0101, ide\u0101li novietot\u0101 Easy De-Calc Plus pretka\u013c\u0137a sist\u0113ma ir ide\u0101ls veids, k\u0101 atbr\u012bvoties no [&hellip;]\" \/>\n<meta property=\"og:url\" content=\"https:\/\/continent.lv\/ru\/product\/philips-gc9650\/\" \/>\n<meta property=\"og:site_name\" content=\"Continent.lv\" \/>\n<meta property=\"article:modified_time\" content=\"2026-04-30T21:40:13+00:00\" \/>\n<meta property=\"og:image\" content=\"https:\/\/continent.lv\/wp-content\/uploads\/2026\/04\/GC9650-1.jpeg\" \/>\n\t<meta property=\"og:image:width\" content=\"1064\" \/>\n\t<meta property=\"og:image:height\" content=\"678\" \/>\n\t<meta property=\"og:image:type\" content=\"image\/jpeg\" \/>\n<meta name=\"twitter:card\" content=\"summary_large_image\" \/>\n<meta name=\"twitter:label1\" content=\"\u041f\u0440\u0438\u043c\u0435\u0440\u043d\u043e\u0435 \u0432\u0440\u0435\u043c\u044f \u0434\u043b\u044f \u0447\u0442\u0435\u043d\u0438\u044f\" \/>\n\t<meta name=\"twitter:data1\" content=\"1 \u043c\u0438\u043d\u0443\u0442\u0430\" \/>\n<script type=\"application\/ld+json\" class=\"yoast-schema-graph\">{\"@context\":\"https:\\\/\\\/schema.org\",\"@graph\":[{\"@type\":\"WebPage\",\"@id\":\"https:\\\/\\\/continent.lv\\\/product\\\/philips-gc9650\\\/\",\"url\":\"https:\\\/\\\/continent.lv\\\/product\\\/philips-gc9650\\\/\",\"name\":\"Philips GC9650 - Continent.lv\",\"isPartOf\":{\"@id\":\"https:\\\/\\\/continent.lv\\\/#website\"},\"primaryImageOfPage\":{\"@id\":\"https:\\\/\\\/continent.lv\\\/product\\\/philips-gc9650\\\/#primaryimage\"},\"image\":{\"@id\":\"https:\\\/\\\/continent.lv\\\/product\\\/philips-gc9650\\\/#primaryimage\"},\"thumbnailUrl\":\"https:\\\/\\\/continent.lv\\\/wp-content\\\/uploads\\\/2026\\\/04\\\/GC9650-1.jpeg\",\"datePublished\":\"2026-04-30T20:19:09+00:00\",\"dateModified\":\"2026-04-30T21:40:13+00:00\",\"breadcrumb\":{\"@id\":\"https:\\\/\\\/continent.lv\\\/product\\\/philips-gc9650\\\/#breadcrumb\"},\"inLanguage\":\"ru-RU\",\"potentialAction\":[{\"@type\":\"ReadAction\",\"target\":[\"https:\\\/\\\/continent.lv\\\/product\\\/philips-gc9650\\\/\"]}]},{\"@type\":\"ImageObject\",\"inLanguage\":\"ru-RU\",\"@id\":\"https:\\\/\\\/continent.lv\\\/product\\\/philips-gc9650\\\/#primaryimage\",\"url\":\"https:\\\/\\\/continent.lv\\\/wp-content\\\/uploads\\\/2026\\\/04\\\/GC9650-1.jpeg\",\"contentUrl\":\"https:\\\/\\\/continent.lv\\\/wp-content\\\/uploads\\\/2026\\\/04\\\/GC9650-1.jpeg\",\"width\":1064,\"height\":678},{\"@type\":\"BreadcrumbList\",\"@id\":\"https:\\\/\\\/continent.lv\\\/product\\\/philips-gc9650\\\/#breadcrumb\",\"itemListElement\":[{\"@type\":\"ListItem\",\"position\":1,\"name\":\"Home\",\"item\":\"https:\\\/\\\/continent.lv\\\/\"},{\"@type\":\"ListItem\",\"position\":2,\"name\":\"Veikals\",\"item\":\"https:\\\/\\\/continent.lv\\\/shop\\\/\"},{\"@type\":\"ListItem\",\"position\":3,\"name\":\"Philips GC9650\"}]},{\"@type\":\"WebSite\",\"@id\":\"https:\\\/\\\/continent.lv\\\/#website\",\"url\":\"https:\\\/\\\/continent.lv\\\/\",\"name\":\"Continent.lv\",\"description\":\"Sadz\u012bves pre\u010du internetveikals\",\"publisher\":{\"@id\":\"https:\\\/\\\/continent.lv\\\/#organization\"},\"potentialAction\":[{\"@type\":\"SearchAction\",\"target\":{\"@type\":\"EntryPoint\",\"urlTemplate\":\"https:\\\/\\\/continent.lv\\\/?s={search_term_string}\"},\"query-input\":{\"@type\":\"PropertyValueSpecification\",\"valueRequired\":true,\"valueName\":\"search_term_string\"}}],\"inLanguage\":\"ru-RU\"},{\"@type\":\"Organization\",\"@id\":\"https:\\\/\\\/continent.lv\\\/#organization\",\"name\":\"Continent.lv\",\"url\":\"https:\\\/\\\/continent.lv\\\/\",\"logo\":{\"@type\":\"ImageObject\",\"inLanguage\":\"ru-RU\",\"@id\":\"https:\\\/\\\/continent.lv\\\/#\\\/schema\\\/logo\\\/image\\\/\",\"url\":\"https:\\\/\\\/continent.lv\\\/wp-content\\\/uploads\\\/2026\\\/05\\\/logo_continent_5nwv-jh.jpg\",\"contentUrl\":\"https:\\\/\\\/continent.lv\\\/wp-content\\\/uploads\\\/2026\\\/05\\\/logo_continent_5nwv-jh.jpg\",\"width\":221,\"height\":50,\"caption\":\"Continent.lv\"},\"image\":{\"@id\":\"https:\\\/\\\/continent.lv\\\/#\\\/schema\\\/logo\\\/image\\\/\"}}]}<\/script>\n<!-- \/ Yoast SEO plugin. -->","yoast_head_json":{"title":"Philips GC9650 - Continent.lv","robots":{"index":"index","follow":"follow","max-snippet":"max-snippet:-1","max-image-preview":"max-image-preview:large","max-video-preview":"max-video-preview:-1"},"canonical":"https:\/\/continent.lv\/ru\/product\/philips-gc9650\/","og_locale":"ru_RU","og_type":"article","og_title":"Philips GC9650 - Continent.lv","og_description":"Jaud\u012bg\u0101kais tvaiks \u0101tr\u0101kai gludin\u0101\u0161anai*\u012apa\u0161i \u0113rta gludin\u0101\u0161ana un Silent Steam tehnolo\u0123ijaSpiediens l\u012bdz 7,5 b\u0101riemTvaika pastiprin\u0101\u0161ana 450 gTransporta aizsardz\u012bba1,8L no\u0146emama \u016bdens tvertneVienk\u0101r\u0161a un efekt\u012bva ier\u012bces atka\u013c\u0137o\u0161ana, lai pagarin\u0101tu ier\u012bces kalpo\u0161anas laiku Vienk\u0101r\u0161a un efekt\u012bva ier\u012bces atka\u013c\u0137o\u0161ana, lai pagarin\u0101tu ier\u012bces kalpo\u0161anas laikuIlgsto\u0161i tvaiks: Philips unik\u0101l\u0101, ide\u0101li novietot\u0101 Easy De-Calc Plus pretka\u013c\u0137a sist\u0113ma ir ide\u0101ls veids, k\u0101 atbr\u012bvoties no [&hellip;]","og_url":"https:\/\/continent.lv\/ru\/product\/philips-gc9650\/","og_site_name":"Continent.lv","article_modified_time":"2026-04-30T21:40:13+00:00","og_image":[{"width":1064,"height":678,"url":"https:\/\/continent.lv\/wp-content\/uploads\/2026\/04\/GC9650-1.jpeg","type":"image\/jpeg"}],"twitter_card":"summary_large_image","twitter_misc":{"\u041f\u0440\u0438\u043c\u0435\u0440\u043d\u043e\u0435 \u0432\u0440\u0435\u043c\u044f \u0434\u043b\u044f \u0447\u0442\u0435\u043d\u0438\u044f":"1 \u043c\u0438\u043d\u0443\u0442\u0430"},"schema":{"@context":"https:\/\/schema.org","@graph":[{"@type":"WebPage","@id":"https:\/\/continent.lv\/product\/philips-gc9650\/","url":"https:\/\/continent.lv\/product\/philips-gc9650\/","name":"Philips GC9650 - Continent.lv","isPartOf":{"@id":"https:\/\/continent.lv\/#website"},"primaryImageOfPage":{"@id":"https:\/\/continent.lv\/product\/philips-gc9650\/#primaryimage"},"image":{"@id":"https:\/\/continent.lv\/product\/philips-gc9650\/#primaryimage"},"thumbnailUrl":"https:\/\/continent.lv\/wp-content\/uploads\/2026\/04\/GC9650-1.jpeg","datePublished":"2026-04-30T20:19:09+00:00","dateModified":"2026-04-30T21:40:13+00:00","breadcrumb":{"@id":"https:\/\/continent.lv\/product\/philips-gc9650\/#breadcrumb"},"inLanguage":"ru-RU","potentialAction":[{"@type":"ReadAction","target":["https:\/\/continent.lv\/product\/philips-gc9650\/"]}]},{"@type":"ImageObject","inLanguage":"ru-RU","@id":"https:\/\/continent.lv\/product\/philips-gc9650\/#primaryimage","url":"https:\/\/continent.lv\/wp-content\/uploads\/2026\/04\/GC9650-1.jpeg","contentUrl":"https:\/\/continent.lv\/wp-content\/uploads\/2026\/04\/GC9650-1.jpeg","width":1064,"height":678},{"@type":"BreadcrumbList","@id":"https:\/\/continent.lv\/product\/philips-gc9650\/#breadcrumb","itemListElement":[{"@type":"ListItem","position":1,"name":"Home","item":"https:\/\/continent.lv\/"},{"@type":"ListItem","position":2,"name":"Veikals","item":"https:\/\/continent.lv\/shop\/"},{"@type":"ListItem","position":3,"name":"Philips GC9650"}]},{"@type":"WebSite","@id":"https:\/\/continent.lv\/#website","url":"https:\/\/continent.lv\/","name":"Continent.lv","description":"Sadz\u012bves pre\u010du internetveikals","publisher":{"@id":"https:\/\/continent.lv\/#organization"},"potentialAction":[{"@type":"SearchAction","target":{"@type":"EntryPoint","urlTemplate":"https:\/\/continent.lv\/?s={search_term_string}"},"query-input":{"@type":"PropertyValueSpecification","valueRequired":true,"valueName":"search_term_string"}}],"inLanguage":"ru-RU"},{"@type":"Organization","@id":"https:\/\/continent.lv\/#organization","name":"Continent.lv","url":"https:\/\/continent.lv\/","logo":{"@type":"ImageObject","inLanguage":"ru-RU","@id":"https:\/\/continent.lv\/#\/schema\/logo\/image\/","url":"https:\/\/continent.lv\/wp-content\/uploads\/2026\/05\/logo_continent_5nwv-jh.jpg","contentUrl":"https:\/\/continent.lv\/wp-content\/uploads\/2026\/05\/logo_continent_5nwv-jh.jpg","width":221,"height":50,"caption":"Continent.lv"},"image":{"@id":"https:\/\/continent.lv\/#\/schema\/logo\/image\/"}}]}},"_links":{"self":[{"href":"https:\/\/continent.lv\/ru\/wp-json\/wp\/v2\/product\/21545","targetHints":{"allow":["GET"]}}],"collection":[{"href":"https:\/\/continent.lv\/ru\/wp-json\/wp\/v2\/product"}],"about":[{"href":"https:\/\/continent.lv\/ru\/wp-json\/wp\/v2\/types\/product"}],"replies":[{"embeddable":true,"href":"https:\/\/continent.lv\/ru\/wp-json\/wp\/v2\/comments?post=21545"}],"wp:featuredmedia":[{"embeddable":true,"href":"https:\/\/continent.lv\/ru\/wp-json\/wp\/v2\/media\/23349"}],"wp:attachment":[{"href":"https:\/\/continent.lv\/ru\/wp-json\/wp\/v2\/media?parent=21545"}],"wp:term":[{"taxonomy":"product_brand","embeddable":true,"href":"https:\/\/continent.lv\/ru\/wp-json\/wp\/v2\/product_brand?post=21545"},{"taxonomy":"product_cat","embeddable":true,"href":"https:\/\/continent.lv\/ru\/wp-json\/wp\/v2\/product_cat?post=21545"},{"taxonomy":"product_tag","embeddable":true,"href":"https:\/\/continent.lv\/ru\/wp-json\/wp\/v2\/product_tag?post=21545"}],"curies":[{"name":"wp","href":"https:\/\/api.w.org\/{rel}","templated":true}]}}