{"id":21265,"date":"2026-04-30T20:12:52","date_gmt":"2026-04-30T20:12:52","guid":{"rendered":"https:\/\/continent.lv\/product\/geko-dl07d-konvektora-silditajs-2300-w\/"},"modified":"2026-04-30T21:34:52","modified_gmt":"2026-04-30T21:34:52","slug":"geko-dl07d-konvektora-silditajs-2300-w","status":"publish","type":"product","link":"https:\/\/continent.lv\/ru\/product\/geko-dl07d-konvektora-silditajs-2300-w\/","title":{"rendered":"\u041a\u043e\u043d\u0432\u0435\u043a\u0442\u043e\u0440\u043d\u044b\u0439 \u043e\u0431\u043e\u0433\u0440\u0435\u0432\u0430\u0442\u0435\u043b\u044c Geko DL07D 2300 \u0412\u0442"},"content":{"rendered":"<p class=\"translation-block\"><p><span class=\"HwtZe\" lang=\"lv\"><span class=\"jCAhz ChMk0b\"><span class=\"ryNqvb\">\u041f\u0440\u043e\u0438\u0437\u0432\u043e\u0434\u0438\u0442\u0435\u043b\u044c<br>\u041d\u0430\u0437\u0432\u0430\u043d\u0438\u0435 \u043f\u0440\u043e\u0438\u0437\u0432\u043e\u0434\u0438\u0442\u0435\u043b\u044f: GEKO<br>\u041f\u0440\u043e\u0434\u0443\u043a\u0442<br>\u041a\u043e\u0434 \u043f\u0440\u043e\u0438\u0437\u0432\u043e\u0434\u0438\u0442\u0435\u043b\u044f: DL07D<br>EAN5901477164460<br>\u041e\u0441\u043d\u043e\u0432\u043d\u0430\u044f \u0438\u043d\u0444\u043e\u0440\u043c\u0430\u0446\u0438\u044f<br>\u041c\u043e\u0434\u0435\u043b\u044c: DL07D<br>\u0422\u0438\u043f: \u041a\u043e\u043d\u0432\u0435\u043a\u0442\u043e\u0440<br>\u0426\u0432\u0435\u0442: \u0411\u0435\u043b\u044b\u0439<br>\u0422\u0435\u0445\u043d\u0438\u0447\u0435\u0441\u043a\u0438\u0435 \u0445\u0430\u0440\u0430\u043a\u0442\u0435\u0440\u0438\u0441\u0442\u0438\u043a\u0438<br>\u041c\u0430\u043a\u0441\u0438\u043c\u0430\u043b\u044c\u043d\u0430\u044f \u043c\u043e\u0449\u043d\u043e\u0441\u0442\u044c: 2300 \u0412\u0442<br>\u041c\u0438\u043d\u0438\u043c\u0430\u043b\u044c\u043d\u0430\u044f \u043c\u043e\u0449\u043d\u043e\u0441\u0442\u044c: 1000 \u0412\u0442<br>\u0424\u0443\u043d\u043a\u0446\u0438\u0438: \u0421 \u0442\u0430\u0439\u043c\u0435\u0440\u043e\u043c<br>\u041c\u0435\u0445\u0430\u043d\u0438\u0447\u0435\u0441\u043a\u0438\u0439<br>\u041a\u043e\u043b\u0438\u0447\u0435\u0441\u0442\u0432\u043e \u0443\u0440\u043e\u0432\u043d\u0435\u0439 \u043c\u043e\u0449\u043d\u043e\u0441\u0442\u0438: 3<br>\u041a\u0440\u0435\u043f\u043b\u0435\u043d\u0438\u0435 \u043d\u0430 \u0441\u0442\u0435\u043d\u0443<br>\u041a\u043e\u043b\u0451\u0441\u0430: \u0411\u0435\u0437 \u043a\u043e\u043b\u0451\u0441<br>\u041f\u0443\u043b\u044c\u0442 \u0434\u0438\u0441\u0442\u0430\u043d\u0446\u0438\u043e\u043d\u043d\u043e\u0433\u043e \u0443\u043f\u0440\u0430\u0432\u043b\u0435\u043d\u0438\u044f: \u0421 \u043f\u0443\u043b\u044c\u0442\u043e\u043c<br>\u0412\u0435\u043d\u0442\u0438\u043b\u044f\u0442\u043e\u0440: \u0421 \u0432\u0435\u043d\u0442\u0438\u043b\u044f\u0442\u043e\u0440\u043e\u043c<br>\u0423\u043f\u0440\u0430\u0432\u043b\u0435\u043d\u0438\u0435 \u0447\u0435\u0440\u0435\u0437 \u043f\u0440\u0438\u043b\u043e\u0436\u0435\u043d\u0438\u0435: \u041d\u0435\u0442<br>\u0424\u0438\u0437\u0438\u0447\u0435\u0441\u043a\u0438\u0435 \u0445\u0430\u0440\u0430\u043a\u0442\u0435\u0440\u0438\u0441\u0442\u0438\u043a\u0438<br>\u0428\u0438\u0440\u0438\u043d\u0430: 68 \u0441\u043c<br>\u0412\u044b\u0441\u043e\u0442\u0430: 42 \u0441\u043c<br>\u0413\u043b\u0443\u0431\u0438\u043d\u0430: 11 \u0441\u043c<br>\u0412\u0435\u0441: 4,7 \u043a\u0433<\/span><\/span><\/span><\/p><\/p>","protected":false},"excerpt":{"rendered":"<p class=\"translation-block\"><p><span class=\"HwtZe\" lang=\"lv\"><span class=\"jCAhz ChMk0b\"><span class=\"ryNqvb\">\u041f\u0440\u043e\u0438\u0437\u0432\u043e\u0434\u0438\u0442\u0435\u043b\u044c<br>\u041d\u0430\u0437\u0432\u0430\u043d\u0438\u0435 \u043f\u0440\u043e\u0438\u0437\u0432\u043e\u0434\u0438\u0442\u0435\u043b\u044f: GEKO<br>\u041f\u0440\u043e\u0434\u0443\u043a\u0442<br>\u041a\u043e\u0434 \u043f\u0440\u043e\u0438\u0437\u0432\u043e\u0434\u0438\u0442\u0435\u043b\u044f: DL07D<br>EAN5901477164460<br>\u041e\u0441\u043d\u043e\u0432\u043d\u0430\u044f \u0438\u043d\u0444\u043e\u0440\u043c\u0430\u0446\u0438\u044f<br>\u041c\u043e\u0434\u0435\u043b\u044c: DL07D<br>\u0422\u0438\u043f: \u041a\u043e\u043d\u0432\u0435\u043a\u0442\u043e\u0440<br>\u0426\u0432\u0435\u0442: \u0411\u0435\u043b\u044b\u0439<br>\u0422\u0435\u0445\u043d\u0438\u0447\u0435\u0441\u043a\u0438\u0435 \u0445\u0430\u0440\u0430\u043a\u0442\u0435\u0440\u0438\u0441\u0442\u0438\u043a\u0438<br>\u041c\u0430\u043a\u0441\u0438\u043c\u0430\u043b\u044c\u043d\u0430\u044f \u043c\u043e\u0449\u043d\u043e\u0441\u0442\u044c: 2300 \u0412\u0442<br>\u041c\u0438\u043d\u0438\u043c\u0430\u043b\u044c\u043d\u0430\u044f \u043c\u043e\u0449\u043d\u043e\u0441\u0442\u044c: 1000 \u0412\u0442<br>\u0424\u0443\u043d\u043a\u0446\u0438\u0438: \u0421 \u0442\u0430\u0439\u043c\u0435\u0440\u043e\u043c<br>\u041c\u0435\u0445\u0430\u043d\u0438\u0447\u0435\u0441\u043a\u0438\u0439<br>\u041a\u043e\u043b\u0438\u0447\u0435\u0441\u0442\u0432\u043e \u0443\u0440\u043e\u0432\u043d\u0435\u0439 \u043c\u043e\u0449\u043d\u043e\u0441\u0442\u0438: 3<br>\u041a\u0440\u0435\u043f\u043b\u0435\u043d\u0438\u0435 \u043d\u0430 \u0441\u0442\u0435\u043d\u0443<br>\u041a\u043e\u043b\u0451\u0441\u0430: \u0411\u0435\u0437 \u043a\u043e\u043b\u0451\u0441<br>\u041f\u0443\u043b\u044c\u0442 \u0434\u0438\u0441\u0442\u0430\u043d\u0446\u0438\u043e\u043d\u043d\u043e\u0433\u043e \u0443\u043f\u0440\u0430\u0432\u043b\u0435\u043d\u0438\u044f: \u0421 \u043f\u0443\u043b\u044c\u0442\u043e\u043c<br>\u0412\u0435\u043d\u0442\u0438\u043b\u044f\u0442\u043e\u0440: \u0421 \u0432\u0435\u043d\u0442\u0438\u043b\u044f\u0442\u043e\u0440\u043e\u043c<br>\u0423\u043f\u0440\u0430\u0432\u043b\u0435\u043d\u0438\u0435 \u0447\u0435\u0440\u0435\u0437 \u043f\u0440\u0438\u043b\u043e\u0436\u0435\u043d\u0438\u0435: \u041d\u0435\u0442<br>\u0424\u0438\u0437\u0438\u0447\u0435\u0441\u043a\u0438\u0435 \u0445\u0430\u0440\u0430\u043a\u0442\u0435\u0440\u0438\u0441\u0442\u0438\u043a\u0438<br>\u0428\u0438\u0440\u0438\u043d\u0430: 68 \u0441\u043c<br>\u0412\u044b\u0441\u043e\u0442\u0430: 42 \u0441\u043c<br>\u0413\u043b\u0443\u0431\u0438\u043d\u0430: 11 \u0441\u043c<br>\u0412\u0435\u0441: 4,7 \u043a\u0433<\/span><\/span><\/span><\/p><\/p>","protected":false},"featured_media":23117,"comment_status":"open","ping_status":"closed","template":"","meta":{"_joinchat":[]},"product_brand":[],"product_cat":[288],"product_tag":[],"class_list":{"0":"post-21265","1":"product","2":"type-product","3":"status-publish","4":"has-post-thumbnail","6":"product_cat-siltumtehnika-silditaji-ar-gaisu-sildelementu","8":"first","9":"instock","10":"shipping-taxable","11":"purchasable","12":"product-type-simple"},"yoast_head":"<!-- This site is optimized with the Yoast SEO plugin v27.5 - https:\/\/yoast.com\/product\/yoast-seo-wordpress\/ -->\n<title>Geko DL07D konvektora sild\u012bt\u0101js 2300 W - Continent.lv<\/title>\n<meta name=\"robots\" content=\"index, follow, max-snippet:-1, max-image-preview:large, max-video-preview:-1\" \/>\n<link rel=\"canonical\" href=\"https:\/\/continent.lv\/ru\/product\/geko-dl07d-konvektora-silditajs-2300-w\/\" \/>\n<meta property=\"og:locale\" content=\"ru_RU\" \/>\n<meta property=\"og:type\" content=\"article\" \/>\n<meta property=\"og:title\" content=\"Geko DL07D konvektora sild\u012bt\u0101js 2300 W - Continent.lv\" \/>\n<meta property=\"og:description\" content=\"Ra\u017eot\u0101jsRa\u017eot\u0101ja nosaukums: GEKOProduktsRa\u017eot\u0101ja kods: DL07DEAN5901477164460Pamatinform\u0101cijaModelis: DL07DTips: KonvektorsKr\u0101sa: BaltaTehniskie datiMaksim\u0101l\u0101 jauda: 2300 WMinim\u0101l\u0101 jauda: 1000 WFunkcijas: Ar taimeriMeh\u0101niskaJaudas l\u012bme\u0146u skaits: 3Pie sienas stiprin\u0101msRite\u0146i: Bez rite\u0146iemT\u0101lvad\u012bbas pults: Ar t\u0101lvad\u012bbas pultiVentilators: Ar ventilatoruLietotnes vad\u012bba: N\u0113Fizisk\u0101Platums: 68 cmAugstums: 42 cmDzi\u013cums: 11 cmSvars: 4,7 kg\" \/>\n<meta property=\"og:url\" content=\"https:\/\/continent.lv\/ru\/product\/geko-dl07d-konvektora-silditajs-2300-w\/\" \/>\n<meta property=\"og:site_name\" content=\"Continent.lv\" \/>\n<meta property=\"article:modified_time\" content=\"2026-04-30T21:34:52+00:00\" \/>\n<meta property=\"og:image\" content=\"https:\/\/continent.lv\/wp-content\/uploads\/2026\/04\/21_v8m1-63-1.jpeg\" \/>\n\t<meta property=\"og:image:width\" content=\"1627\" \/>\n\t<meta property=\"og:image:height\" content=\"971\" \/>\n\t<meta property=\"og:image:type\" content=\"image\/jpeg\" \/>\n<meta name=\"twitter:card\" content=\"summary_large_image\" \/>\n<script type=\"application\/ld+json\" class=\"yoast-schema-graph\">{\"@context\":\"https:\\\/\\\/schema.org\",\"@graph\":[{\"@type\":\"WebPage\",\"@id\":\"https:\\\/\\\/continent.lv\\\/product\\\/geko-dl07d-konvektora-silditajs-2300-w\\\/\",\"url\":\"https:\\\/\\\/continent.lv\\\/product\\\/geko-dl07d-konvektora-silditajs-2300-w\\\/\",\"name\":\"Geko DL07D konvektora sild\u012bt\u0101js 2300 W - Continent.lv\",\"isPartOf\":{\"@id\":\"https:\\\/\\\/continent.lv\\\/#website\"},\"primaryImageOfPage\":{\"@id\":\"https:\\\/\\\/continent.lv\\\/product\\\/geko-dl07d-konvektora-silditajs-2300-w\\\/#primaryimage\"},\"image\":{\"@id\":\"https:\\\/\\\/continent.lv\\\/product\\\/geko-dl07d-konvektora-silditajs-2300-w\\\/#primaryimage\"},\"thumbnailUrl\":\"https:\\\/\\\/continent.lv\\\/wp-content\\\/uploads\\\/2026\\\/04\\\/21_v8m1-63-1.jpeg\",\"datePublished\":\"2026-04-30T20:12:52+00:00\",\"dateModified\":\"2026-04-30T21:34:52+00:00\",\"breadcrumb\":{\"@id\":\"https:\\\/\\\/continent.lv\\\/product\\\/geko-dl07d-konvektora-silditajs-2300-w\\\/#breadcrumb\"},\"inLanguage\":\"ru-RU\",\"potentialAction\":[{\"@type\":\"ReadAction\",\"target\":[\"https:\\\/\\\/continent.lv\\\/product\\\/geko-dl07d-konvektora-silditajs-2300-w\\\/\"]}]},{\"@type\":\"ImageObject\",\"inLanguage\":\"ru-RU\",\"@id\":\"https:\\\/\\\/continent.lv\\\/product\\\/geko-dl07d-konvektora-silditajs-2300-w\\\/#primaryimage\",\"url\":\"https:\\\/\\\/continent.lv\\\/wp-content\\\/uploads\\\/2026\\\/04\\\/21_v8m1-63-1.jpeg\",\"contentUrl\":\"https:\\\/\\\/continent.lv\\\/wp-content\\\/uploads\\\/2026\\\/04\\\/21_v8m1-63-1.jpeg\",\"width\":1627,\"height\":971},{\"@type\":\"BreadcrumbList\",\"@id\":\"https:\\\/\\\/continent.lv\\\/product\\\/geko-dl07d-konvektora-silditajs-2300-w\\\/#breadcrumb\",\"itemListElement\":[{\"@type\":\"ListItem\",\"position\":1,\"name\":\"Home\",\"item\":\"https:\\\/\\\/continent.lv\\\/\"},{\"@type\":\"ListItem\",\"position\":2,\"name\":\"Veikals\",\"item\":\"https:\\\/\\\/continent.lv\\\/shop\\\/\"},{\"@type\":\"ListItem\",\"position\":3,\"name\":\"Geko DL07D konvektora sild\u012bt\u0101js 2300 W\"}]},{\"@type\":\"WebSite\",\"@id\":\"https:\\\/\\\/continent.lv\\\/#website\",\"url\":\"https:\\\/\\\/continent.lv\\\/\",\"name\":\"Continent.lv\",\"description\":\"Sadz\u012bves pre\u010du internetveikals\",\"publisher\":{\"@id\":\"https:\\\/\\\/continent.lv\\\/#organization\"},\"potentialAction\":[{\"@type\":\"SearchAction\",\"target\":{\"@type\":\"EntryPoint\",\"urlTemplate\":\"https:\\\/\\\/continent.lv\\\/?s={search_term_string}\"},\"query-input\":{\"@type\":\"PropertyValueSpecification\",\"valueRequired\":true,\"valueName\":\"search_term_string\"}}],\"inLanguage\":\"ru-RU\"},{\"@type\":\"Organization\",\"@id\":\"https:\\\/\\\/continent.lv\\\/#organization\",\"name\":\"Continent.lv\",\"url\":\"https:\\\/\\\/continent.lv\\\/\",\"logo\":{\"@type\":\"ImageObject\",\"inLanguage\":\"ru-RU\",\"@id\":\"https:\\\/\\\/continent.lv\\\/#\\\/schema\\\/logo\\\/image\\\/\",\"url\":\"https:\\\/\\\/continent.lv\\\/wp-content\\\/uploads\\\/2026\\\/05\\\/logo_continent_5nwv-jh.jpg\",\"contentUrl\":\"https:\\\/\\\/continent.lv\\\/wp-content\\\/uploads\\\/2026\\\/05\\\/logo_continent_5nwv-jh.jpg\",\"width\":221,\"height\":50,\"caption\":\"Continent.lv\"},\"image\":{\"@id\":\"https:\\\/\\\/continent.lv\\\/#\\\/schema\\\/logo\\\/image\\\/\"}}]}<\/script>\n<!-- \/ Yoast SEO plugin. -->","yoast_head_json":{"title":"Geko DL07D konvektora sild\u012bt\u0101js 2300 W - Continent.lv","robots":{"index":"index","follow":"follow","max-snippet":"max-snippet:-1","max-image-preview":"max-image-preview:large","max-video-preview":"max-video-preview:-1"},"canonical":"https:\/\/continent.lv\/ru\/product\/geko-dl07d-konvektora-silditajs-2300-w\/","og_locale":"ru_RU","og_type":"article","og_title":"Geko DL07D konvektora sild\u012bt\u0101js 2300 W - Continent.lv","og_description":"Ra\u017eot\u0101jsRa\u017eot\u0101ja nosaukums: GEKOProduktsRa\u017eot\u0101ja kods: DL07DEAN5901477164460Pamatinform\u0101cijaModelis: DL07DTips: KonvektorsKr\u0101sa: BaltaTehniskie datiMaksim\u0101l\u0101 jauda: 2300 WMinim\u0101l\u0101 jauda: 1000 WFunkcijas: Ar taimeriMeh\u0101niskaJaudas l\u012bme\u0146u skaits: 3Pie sienas stiprin\u0101msRite\u0146i: Bez rite\u0146iemT\u0101lvad\u012bbas pults: Ar t\u0101lvad\u012bbas pultiVentilators: Ar ventilatoruLietotnes vad\u012bba: N\u0113Fizisk\u0101Platums: 68 cmAugstums: 42 cmDzi\u013cums: 11 cmSvars: 4,7 kg","og_url":"https:\/\/continent.lv\/ru\/product\/geko-dl07d-konvektora-silditajs-2300-w\/","og_site_name":"Continent.lv","article_modified_time":"2026-04-30T21:34:52+00:00","og_image":[{"width":1627,"height":971,"url":"https:\/\/continent.lv\/wp-content\/uploads\/2026\/04\/21_v8m1-63-1.jpeg","type":"image\/jpeg"}],"twitter_card":"summary_large_image","schema":{"@context":"https:\/\/schema.org","@graph":[{"@type":"WebPage","@id":"https:\/\/continent.lv\/product\/geko-dl07d-konvektora-silditajs-2300-w\/","url":"https:\/\/continent.lv\/product\/geko-dl07d-konvektora-silditajs-2300-w\/","name":"Geko DL07D konvektora sild\u012bt\u0101js 2300 W - Continent.lv","isPartOf":{"@id":"https:\/\/continent.lv\/#website"},"primaryImageOfPage":{"@id":"https:\/\/continent.lv\/product\/geko-dl07d-konvektora-silditajs-2300-w\/#primaryimage"},"image":{"@id":"https:\/\/continent.lv\/product\/geko-dl07d-konvektora-silditajs-2300-w\/#primaryimage"},"thumbnailUrl":"https:\/\/continent.lv\/wp-content\/uploads\/2026\/04\/21_v8m1-63-1.jpeg","datePublished":"2026-04-30T20:12:52+00:00","dateModified":"2026-04-30T21:34:52+00:00","breadcrumb":{"@id":"https:\/\/continent.lv\/product\/geko-dl07d-konvektora-silditajs-2300-w\/#breadcrumb"},"inLanguage":"ru-RU","potentialAction":[{"@type":"ReadAction","target":["https:\/\/continent.lv\/product\/geko-dl07d-konvektora-silditajs-2300-w\/"]}]},{"@type":"ImageObject","inLanguage":"ru-RU","@id":"https:\/\/continent.lv\/product\/geko-dl07d-konvektora-silditajs-2300-w\/#primaryimage","url":"https:\/\/continent.lv\/wp-content\/uploads\/2026\/04\/21_v8m1-63-1.jpeg","contentUrl":"https:\/\/continent.lv\/wp-content\/uploads\/2026\/04\/21_v8m1-63-1.jpeg","width":1627,"height":971},{"@type":"BreadcrumbList","@id":"https:\/\/continent.lv\/product\/geko-dl07d-konvektora-silditajs-2300-w\/#breadcrumb","itemListElement":[{"@type":"ListItem","position":1,"name":"Home","item":"https:\/\/continent.lv\/"},{"@type":"ListItem","position":2,"name":"Veikals","item":"https:\/\/continent.lv\/shop\/"},{"@type":"ListItem","position":3,"name":"Geko DL07D konvektora sild\u012bt\u0101js 2300 W"}]},{"@type":"WebSite","@id":"https:\/\/continent.lv\/#website","url":"https:\/\/continent.lv\/","name":"Continent.lv","description":"Sadz\u012bves pre\u010du internetveikals","publisher":{"@id":"https:\/\/continent.lv\/#organization"},"potentialAction":[{"@type":"SearchAction","target":{"@type":"EntryPoint","urlTemplate":"https:\/\/continent.lv\/?s={search_term_string}"},"query-input":{"@type":"PropertyValueSpecification","valueRequired":true,"valueName":"search_term_string"}}],"inLanguage":"ru-RU"},{"@type":"Organization","@id":"https:\/\/continent.lv\/#organization","name":"Continent.lv","url":"https:\/\/continent.lv\/","logo":{"@type":"ImageObject","inLanguage":"ru-RU","@id":"https:\/\/continent.lv\/#\/schema\/logo\/image\/","url":"https:\/\/continent.lv\/wp-content\/uploads\/2026\/05\/logo_continent_5nwv-jh.jpg","contentUrl":"https:\/\/continent.lv\/wp-content\/uploads\/2026\/05\/logo_continent_5nwv-jh.jpg","width":221,"height":50,"caption":"Continent.lv"},"image":{"@id":"https:\/\/continent.lv\/#\/schema\/logo\/image\/"}}]}},"_links":{"self":[{"href":"https:\/\/continent.lv\/ru\/wp-json\/wp\/v2\/product\/21265","targetHints":{"allow":["GET"]}}],"collection":[{"href":"https:\/\/continent.lv\/ru\/wp-json\/wp\/v2\/product"}],"about":[{"href":"https:\/\/continent.lv\/ru\/wp-json\/wp\/v2\/types\/product"}],"replies":[{"embeddable":true,"href":"https:\/\/continent.lv\/ru\/wp-json\/wp\/v2\/comments?post=21265"}],"wp:featuredmedia":[{"embeddable":true,"href":"https:\/\/continent.lv\/ru\/wp-json\/wp\/v2\/media\/23117"}],"wp:attachment":[{"href":"https:\/\/continent.lv\/ru\/wp-json\/wp\/v2\/media?parent=21265"}],"wp:term":[{"taxonomy":"product_brand","embeddable":true,"href":"https:\/\/continent.lv\/ru\/wp-json\/wp\/v2\/product_brand?post=21265"},{"taxonomy":"product_cat","embeddable":true,"href":"https:\/\/continent.lv\/ru\/wp-json\/wp\/v2\/product_cat?post=21265"},{"taxonomy":"product_tag","embeddable":true,"href":"https:\/\/continent.lv\/ru\/wp-json\/wp\/v2\/product_tag?post=21265"}],"curies":[{"name":"wp","href":"https:\/\/api.w.org\/{rel}","templated":true}]}}