{"id":21208,"date":"2026-04-30T20:11:26","date_gmt":"2026-04-30T20:11:26","guid":{"rendered":"https:\/\/continent.lv\/product\/hoover-hwcb-15-1\/"},"modified":"2026-04-30T21:33:47","modified_gmt":"2026-04-30T21:33:47","slug":"hoover-hwcb-15-1","status":"publish","type":"product","link":"https:\/\/continent.lv\/ru\/product\/hoover-hwcb-15-1\/","title":{"rendered":"Hoover HWCB 15\/1"},"content":{"rendered":"<\/p>\n<p class=\"translation-block\"><p><\/p><p><span class=\"jCAhz ChMk0b\"><span class=\"ryNqvb\">\u0426\u0432\u0435\u0442<\/span><\/span><span class=\"jCAhz\"><span class=\"ryNqvb\"><br><\/span><\/span><span class=\"jCAhz ChMk0b\"><span class=\"ryNqvb\">\u0427\u0435\u0440\u043d\u044b\u0439\/\u043d\u0435\u0440\u0436\u0430\u0432\u0435\u044e\u0449\u0430\u044f \u0441\u0442\u0430\u043b\u044c<\/span><\/span><span class=\"jCAhz\"><span class=\"ryNqvb\"><br><\/span><\/span><span class=\"jCAhz ChMk0b\"><span class=\"ryNqvb\">\u042d\u043d\u0435\u0440\u0433\u0438\u044f<\/span><\/span><span class=\"jCAhz\"><span class=\"ryNqvb\"><br><\/span><\/span><span class=\"jCAhz ChMk0b\"><span class=\"ryNqvb\">\u0423\u0440\u043e\u0432\u0435\u043d\u044c \u0448\u0443\u043c\u0430 (\u0434\u0411)39<\/span><\/span><span class=\"jCAhz\"><span class=\"ryNqvb\"><br><\/span><\/span><span class=\"jCAhz ChMk0b\"><span class=\"ryNqvb\">\u0423\u0440\u043e\u0432\u0435\u043d\u044c \u0448\u0443\u043c\u0430 (\u043a\u043b\u0430\u0441\u0441)C<\/span><\/span><span class=\"jCAhz\"><span class=\"ryNqvb\"><br><\/span><\/span><span class=\"jCAhz ChMk0b\"><span class=\"ryNqvb\">\u041a\u043b\u0430\u0441\u0441 \u044d\u043d\u0435\u0440\u0433\u043e\u044d\u0444\u0444\u0435\u043a\u0442\u0438\u0432\u043d\u043e\u0441\u0442\u0438 G<\/span><\/span><span class=\"jCAhz\"><span class=\"ryNqvb\"><br><\/span><\/span><span class=\"jCAhz ChMk0b\"><span class=\"ryNqvb\">\u0413\u043e\u0434\u043e\u0432\u043e\u0435 \u043f\u043e\u0442\u0440\u0435\u0431\u043b\u0435\u043d\u0438\u0435 \u044d\u043d\u0435\u0440\u0433\u0438\u0438 (\u041a\u0412\u0442\u0447)133<\/span><\/span><span class=\"jCAhz\"><span class=\"ryNqvb\"><br><\/span><\/span><span class=\"jCAhz ChMk0b\"><span class=\"ryNqvb\">\u041e\u0431\u044a\u0435\u043c, \u043a\u043e\u043b\u0438\u0447\u0435\u0441\u0442\u0432\u043e \u0431\u0443\u0442\u044b\u043b\u043e\u043a (\u0448\u0442.)7<\/span><\/span><span class=\"jCAhz\"><span class=\"ryNqvb\"><br><\/span><\/span><span class=\"jCAhz ChMk0b\"><span class=\"ryNqvb\">\u0420\u0430\u0437\u043c\u0435\u0440\u044b<\/span><\/span><span class=\"jCAhz\"><span class=\"ryNqvb\"><br><\/span><\/span><span class=\"jCAhz ChMk0b\"><span class=\"ryNqvb\">\u0412\u044b\u0441\u043e\u0442\u0430 (\u0441\u043c)86,5<\/span><\/span><span class=\"jCAhz\"><span class=\"ryNqvb\"><br><\/span><\/span><span class=\"jCAhz ChMk0b\"><span class=\"ryNqvb\">\u0428\u0438\u0440\u0438\u043d\u0430 (\u0441\u043c) 14,5<\/span><\/span><span class=\"jCAhz\"><span class=\"ryNqvb\"><br><\/span><\/span><span class=\"jCAhz ChMk0b\"><span class=\"ryNqvb\">\u0413\u043b\u0443\u0431\u0438\u043d\u0430 (\u0441\u043c)47,5<\/span><\/span><span class=\"jCAhz\"><span class=\"ryNqvb\"><br><\/span><\/span><span class=\"jCAhz ChMk0b\"><span class=\"ryNqvb\">\u0412\u0435\u0441 (\u043a\u0433)19<\/span><\/span><span class=\"jCAhz\"><span class=\"ryNqvb\"><br><\/span><\/span><span class=\"jCAhz ChMk0b\"><span class=\"ryNqvb\">\u0412\u0435\u0441 \u0431\u0440\u0443\u0442\u0442\u043e (\u0443\u043f\u0430\u043a\u043e\u0432\u043a\u0430 \u043a\u0433)20,54<\/span><\/span><span class=\"jCAhz\"><span class=\"ryNqvb\"><br><\/span><\/span><span class=\"jCAhz ChMk0b\"><span class=\"ryNqvb\">\u0422\u0438\u043f \u0445\u043e\u043b\u043e\u0434\u0438\u043b\u044c\u043d\u0438\u043a\u0430<\/span><\/span><span class=\"jCAhz\"><span class=\"ryNqvb\"><br><\/span><\/span><span class=\"jCAhz ChMk0b\"><span class=\"ryNqvb\">\u0412\u0438\u043d\u043d\u044b\u0439 \u0448\u043a\u0430\u0444<\/span><\/span><span class=\"jCAhz\"><span class=\"ryNqvb\"><br><\/span><\/span><span class=\"jCAhz ChMk0b\"><span class=\"ryNqvb\">\u0422\u0438\u043f LED-\u043e\u0441\u0432\u0435\u0449\u0435\u043d\u0438\u044f<\/span><\/span><span class=\"jCAhz\"><span class=\"ryNqvb\"><br><\/span><\/span><span class=\"jCAhz ChMk0b\"><span class=\"ryNqvb\">\u041c\u0430\u0442\u0435\u0440\u0438\u0430\u043b \u043f\u043e\u043b\u043e\u043a<\/span><\/span><span class=\"jCAhz\"><span class=\"ryNqvb\"><br><\/span><\/span><span class=\"jCAhz ChMk0b\"><span class=\"ryNqvb\">\u0414\u0435\u0440\u0435\u0432\u044f\u043d\u043d\u044b\u0435 \u043f\u043e\u043b\u043a\u0438<\/span><\/span><\/p><p><\/p><\/p><\/p>","protected":false},"excerpt":{"rendered":"<p class=\"translation-block\"><p><\/p><p><span class=\"jCAhz ChMk0b\"><span class=\"ryNqvb\">\u0426\u0432\u0435\u0442<\/span><\/span><span class=\"jCAhz\"><span class=\"ryNqvb\"><br><\/span><\/span><span class=\"jCAhz ChMk0b\"><span class=\"ryNqvb\">\u0427\u0435\u0440\u043d\u044b\u0439\/\u043d\u0435\u0440\u0436\u0430\u0432\u0435\u044e\u0449\u0430\u044f \u0441\u0442\u0430\u043b\u044c<\/span><\/span><span class=\"jCAhz\"><span class=\"ryNqvb\"><br><\/span><\/span><span class=\"jCAhz ChMk0b\"><span class=\"ryNqvb\">\u042d\u043d\u0435\u0440\u0433\u0438\u044f<\/span><\/span><span class=\"jCAhz\"><span class=\"ryNqvb\"><br><\/span><\/span><span class=\"jCAhz ChMk0b\"><span class=\"ryNqvb\">\u0423\u0440\u043e\u0432\u0435\u043d\u044c \u0448\u0443\u043c\u0430 (\u0434\u0411)39<\/span><\/span><span class=\"jCAhz\"><span class=\"ryNqvb\"><br><\/span><\/span><span class=\"jCAhz ChMk0b\"><span class=\"ryNqvb\">\u0423\u0440\u043e\u0432\u0435\u043d\u044c \u0448\u0443\u043c\u0430 (\u043a\u043b\u0430\u0441\u0441)C<\/span><\/span><span class=\"jCAhz\"><span class=\"ryNqvb\"><br><\/span><\/span><span class=\"jCAhz ChMk0b\"><span class=\"ryNqvb\">\u041a\u043b\u0430\u0441\u0441 \u044d\u043d\u0435\u0440\u0433\u043e\u044d\u0444\u0444\u0435\u043a\u0442\u0438\u0432\u043d\u043e\u0441\u0442\u0438 G<\/span><\/span><span class=\"jCAhz\"><span class=\"ryNqvb\"><br><\/span><\/span><span class=\"jCAhz ChMk0b\"><span class=\"ryNqvb\">\u0413\u043e\u0434\u043e\u0432\u043e\u0435 \u043f\u043e\u0442\u0440\u0435\u0431\u043b\u0435\u043d\u0438\u0435 \u044d\u043d\u0435\u0440\u0433\u0438\u0438 (\u041a\u0412\u0442\u0447)133<\/span><\/span><span class=\"jCAhz\"><span class=\"ryNqvb\"><br><\/span><\/span><span class=\"jCAhz ChMk0b\"><span class=\"ryNqvb\">\u041e\u0431\u044a\u0435\u043c, \u043a\u043e\u043b\u0438\u0447\u0435\u0441\u0442\u0432\u043e \u0431\u0443\u0442\u044b\u043b\u043e\u043a (\u0448\u0442.)7<\/span><\/span><span class=\"jCAhz\"><span class=\"ryNqvb\"><br><\/span><\/span><span class=\"jCAhz ChMk0b\"><span class=\"ryNqvb\">\u0420\u0430\u0437\u043c\u0435\u0440\u044b<\/span><\/span><span class=\"jCAhz\"><span class=\"ryNqvb\"><br><\/span><\/span><span class=\"jCAhz ChMk0b\"><span class=\"ryNqvb\">\u0412\u044b\u0441\u043e\u0442\u0430 (\u0441\u043c)86,5<\/span><\/span><span class=\"jCAhz\"><span class=\"ryNqvb\"><br><\/span><\/span><span class=\"jCAhz ChMk0b\"><span class=\"ryNqvb\">\u0428\u0438\u0440\u0438\u043d\u0430 (\u0441\u043c) 14,5<\/span><\/span><span class=\"jCAhz\"><span class=\"ryNqvb\"><br><\/span><\/span><span class=\"jCAhz ChMk0b\"><span class=\"ryNqvb\">\u0413\u043b\u0443\u0431\u0438\u043d\u0430 (\u0441\u043c)47,5<\/span><\/span><span class=\"jCAhz\"><span class=\"ryNqvb\"><br><\/span><\/span><span class=\"jCAhz ChMk0b\"><span class=\"ryNqvb\">\u0412\u0435\u0441 (\u043a\u0433)19<\/span><\/span><span class=\"jCAhz\"><span class=\"ryNqvb\"><br><\/span><\/span><span class=\"jCAhz ChMk0b\"><span class=\"ryNqvb\">\u0412\u0435\u0441 \u0431\u0440\u0443\u0442\u0442\u043e (\u0443\u043f\u0430\u043a\u043e\u0432\u043a\u0430 \u043a\u0433)20,54<\/span><\/span><span class=\"jCAhz\"><span class=\"ryNqvb\"><br><\/span><\/span><span class=\"jCAhz ChMk0b\"><span class=\"ryNqvb\">\u0422\u0438\u043f \u0445\u043e\u043b\u043e\u0434\u0438\u043b\u044c\u043d\u0438\u043a\u0430<\/span><\/span><span class=\"jCAhz\"><span class=\"ryNqvb\"><br><\/span><\/span><span class=\"jCAhz ChMk0b\"><span class=\"ryNqvb\">\u0412\u0438\u043d\u043d\u044b\u0439 \u0448\u043a\u0430\u0444<\/span><\/span><span class=\"jCAhz\"><span class=\"ryNqvb\"><br><\/span><\/span><span class=\"jCAhz ChMk0b\"><span class=\"ryNqvb\">\u0422\u0438\u043f LED-\u043e\u0441\u0432\u0435\u0449\u0435\u043d\u0438\u044f<\/span><\/span><span class=\"jCAhz\"><span class=\"ryNqvb\"><br><\/span><\/span><span class=\"jCAhz ChMk0b\"><span class=\"ryNqvb\">\u041c\u0430\u0442\u0435\u0440\u0438\u0430\u043b \u043f\u043e\u043b\u043e\u043a<\/span><\/span><span class=\"jCAhz\"><span class=\"ryNqvb\"><br><\/span><\/span><span class=\"jCAhz ChMk0b\"><span class=\"ryNqvb\">\u0414\u0435\u0440\u0435\u0432\u044f\u043d\u043d\u044b\u0435 \u043f\u043e\u043b\u043a\u0438<\/span><\/span><\/p><p><\/p><\/p>","protected":false},"featured_media":23068,"comment_status":"open","ping_status":"closed","template":"","meta":{"_joinchat":[]},"product_brand":[279],"product_cat":[278],"product_tag":[],"class_list":{"0":"post-21208","1":"product","2":"type-product","3":"status-publish","4":"has-post-thumbnail","6":"product_brand-hoover","7":"product_cat-sadzives-tehnika-vina-skapji","9":"first","10":"instock","11":"shipping-taxable","12":"purchasable","13":"product-type-simple"},"yoast_head":"<!-- This site is optimized with the Yoast SEO plugin v27.5 - https:\/\/yoast.com\/product\/yoast-seo-wordpress\/ -->\n<title>Hoover HWCB 15\/1 - Continent.lv<\/title>\n<meta name=\"robots\" content=\"index, follow, max-snippet:-1, max-image-preview:large, max-video-preview:-1\" \/>\n<link rel=\"canonical\" href=\"https:\/\/continent.lv\/ru\/product\/hoover-hwcb-15-1\/\" \/>\n<meta property=\"og:locale\" content=\"ru_RU\" \/>\n<meta property=\"og:type\" content=\"article\" \/>\n<meta property=\"og:title\" content=\"Hoover HWCB 15\/1 - Continent.lv\" \/>\n<meta property=\"og:description\" content=\"Kr\u0101saMelns\/ner\u016bs\u0113jo\u0161ais t\u0113raudsEner\u0123ijaTrok\u0161\u0146a l\u012bmenis (dB)39Trok\u0161\u0146a l\u012bmenis (klase)CEnergoefektivit\u0101tes klase GEner\u0123ijas pat\u0113ri\u0146\u0161 gad\u0101 (KWh)133Tilpums, Pude\u013cu skaits (gab.)7Izm\u0113riAugstums (cm)86,5Platums (cm) 14,5Dzi\u013cums (cm)47,5Svars (Kg)19Bruto svars (iepakojuma kg)20,54Ledusskapja tipsV\u012bna skapisLED apgaismojuma veidsPlaukta materi\u0101lskoka plaukti\" \/>\n<meta property=\"og:url\" content=\"https:\/\/continent.lv\/ru\/product\/hoover-hwcb-15-1\/\" \/>\n<meta property=\"og:site_name\" content=\"Continent.lv\" \/>\n<meta property=\"article:modified_time\" content=\"2026-04-30T21:33:47+00:00\" \/>\n<meta property=\"og:image\" content=\"https:\/\/continent.lv\/wp-content\/uploads\/2026\/04\/Hoover_HWCB_153-1.jpg\" \/>\n\t<meta property=\"og:image:width\" content=\"370\" \/>\n\t<meta property=\"og:image:height\" content=\"423\" \/>\n\t<meta property=\"og:image:type\" content=\"image\/jpeg\" \/>\n<meta name=\"twitter:card\" content=\"summary_large_image\" \/>\n<script type=\"application\/ld+json\" class=\"yoast-schema-graph\">{\"@context\":\"https:\\\/\\\/schema.org\",\"@graph\":[{\"@type\":\"WebPage\",\"@id\":\"https:\\\/\\\/continent.lv\\\/product\\\/hoover-hwcb-15-1\\\/\",\"url\":\"https:\\\/\\\/continent.lv\\\/product\\\/hoover-hwcb-15-1\\\/\",\"name\":\"Hoover HWCB 15\\\/1 - Continent.lv\",\"isPartOf\":{\"@id\":\"https:\\\/\\\/continent.lv\\\/#website\"},\"primaryImageOfPage\":{\"@id\":\"https:\\\/\\\/continent.lv\\\/product\\\/hoover-hwcb-15-1\\\/#primaryimage\"},\"image\":{\"@id\":\"https:\\\/\\\/continent.lv\\\/product\\\/hoover-hwcb-15-1\\\/#primaryimage\"},\"thumbnailUrl\":\"https:\\\/\\\/continent.lv\\\/wp-content\\\/uploads\\\/2026\\\/04\\\/Hoover_HWCB_153-1.jpg\",\"datePublished\":\"2026-04-30T20:11:26+00:00\",\"dateModified\":\"2026-04-30T21:33:47+00:00\",\"breadcrumb\":{\"@id\":\"https:\\\/\\\/continent.lv\\\/product\\\/hoover-hwcb-15-1\\\/#breadcrumb\"},\"inLanguage\":\"ru-RU\",\"potentialAction\":[{\"@type\":\"ReadAction\",\"target\":[\"https:\\\/\\\/continent.lv\\\/product\\\/hoover-hwcb-15-1\\\/\"]}]},{\"@type\":\"ImageObject\",\"inLanguage\":\"ru-RU\",\"@id\":\"https:\\\/\\\/continent.lv\\\/product\\\/hoover-hwcb-15-1\\\/#primaryimage\",\"url\":\"https:\\\/\\\/continent.lv\\\/wp-content\\\/uploads\\\/2026\\\/04\\\/Hoover_HWCB_153-1.jpg\",\"contentUrl\":\"https:\\\/\\\/continent.lv\\\/wp-content\\\/uploads\\\/2026\\\/04\\\/Hoover_HWCB_153-1.jpg\",\"width\":370,\"height\":423},{\"@type\":\"BreadcrumbList\",\"@id\":\"https:\\\/\\\/continent.lv\\\/product\\\/hoover-hwcb-15-1\\\/#breadcrumb\",\"itemListElement\":[{\"@type\":\"ListItem\",\"position\":1,\"name\":\"Home\",\"item\":\"https:\\\/\\\/continent.lv\\\/\"},{\"@type\":\"ListItem\",\"position\":2,\"name\":\"Veikals\",\"item\":\"https:\\\/\\\/continent.lv\\\/shop\\\/\"},{\"@type\":\"ListItem\",\"position\":3,\"name\":\"Hoover HWCB 15\\\/1\"}]},{\"@type\":\"WebSite\",\"@id\":\"https:\\\/\\\/continent.lv\\\/#website\",\"url\":\"https:\\\/\\\/continent.lv\\\/\",\"name\":\"Continent.lv\",\"description\":\"Sadz\u012bves pre\u010du internetveikals\",\"publisher\":{\"@id\":\"https:\\\/\\\/continent.lv\\\/#organization\"},\"potentialAction\":[{\"@type\":\"SearchAction\",\"target\":{\"@type\":\"EntryPoint\",\"urlTemplate\":\"https:\\\/\\\/continent.lv\\\/?s={search_term_string}\"},\"query-input\":{\"@type\":\"PropertyValueSpecification\",\"valueRequired\":true,\"valueName\":\"search_term_string\"}}],\"inLanguage\":\"ru-RU\"},{\"@type\":\"Organization\",\"@id\":\"https:\\\/\\\/continent.lv\\\/#organization\",\"name\":\"Continent.lv\",\"url\":\"https:\\\/\\\/continent.lv\\\/\",\"logo\":{\"@type\":\"ImageObject\",\"inLanguage\":\"ru-RU\",\"@id\":\"https:\\\/\\\/continent.lv\\\/#\\\/schema\\\/logo\\\/image\\\/\",\"url\":\"https:\\\/\\\/continent.lv\\\/wp-content\\\/uploads\\\/2026\\\/05\\\/logo_continent_5nwv-jh.jpg\",\"contentUrl\":\"https:\\\/\\\/continent.lv\\\/wp-content\\\/uploads\\\/2026\\\/05\\\/logo_continent_5nwv-jh.jpg\",\"width\":221,\"height\":50,\"caption\":\"Continent.lv\"},\"image\":{\"@id\":\"https:\\\/\\\/continent.lv\\\/#\\\/schema\\\/logo\\\/image\\\/\"}}]}<\/script>\n<!-- \/ Yoast SEO plugin. -->","yoast_head_json":{"title":"Hoover HWCB 15\/1 - Continent.lv","robots":{"index":"index","follow":"follow","max-snippet":"max-snippet:-1","max-image-preview":"max-image-preview:large","max-video-preview":"max-video-preview:-1"},"canonical":"https:\/\/continent.lv\/ru\/product\/hoover-hwcb-15-1\/","og_locale":"ru_RU","og_type":"article","og_title":"Hoover HWCB 15\/1 - Continent.lv","og_description":"Kr\u0101saMelns\/ner\u016bs\u0113jo\u0161ais t\u0113raudsEner\u0123ijaTrok\u0161\u0146a l\u012bmenis (dB)39Trok\u0161\u0146a l\u012bmenis (klase)CEnergoefektivit\u0101tes klase GEner\u0123ijas pat\u0113ri\u0146\u0161 gad\u0101 (KWh)133Tilpums, Pude\u013cu skaits (gab.)7Izm\u0113riAugstums (cm)86,5Platums (cm) 14,5Dzi\u013cums (cm)47,5Svars (Kg)19Bruto svars (iepakojuma kg)20,54Ledusskapja tipsV\u012bna skapisLED apgaismojuma veidsPlaukta materi\u0101lskoka plaukti","og_url":"https:\/\/continent.lv\/ru\/product\/hoover-hwcb-15-1\/","og_site_name":"Continent.lv","article_modified_time":"2026-04-30T21:33:47+00:00","og_image":[{"width":370,"height":423,"url":"https:\/\/continent.lv\/wp-content\/uploads\/2026\/04\/Hoover_HWCB_153-1.jpg","type":"image\/jpeg"}],"twitter_card":"summary_large_image","schema":{"@context":"https:\/\/schema.org","@graph":[{"@type":"WebPage","@id":"https:\/\/continent.lv\/product\/hoover-hwcb-15-1\/","url":"https:\/\/continent.lv\/product\/hoover-hwcb-15-1\/","name":"Hoover HWCB 15\/1 - Continent.lv","isPartOf":{"@id":"https:\/\/continent.lv\/#website"},"primaryImageOfPage":{"@id":"https:\/\/continent.lv\/product\/hoover-hwcb-15-1\/#primaryimage"},"image":{"@id":"https:\/\/continent.lv\/product\/hoover-hwcb-15-1\/#primaryimage"},"thumbnailUrl":"https:\/\/continent.lv\/wp-content\/uploads\/2026\/04\/Hoover_HWCB_153-1.jpg","datePublished":"2026-04-30T20:11:26+00:00","dateModified":"2026-04-30T21:33:47+00:00","breadcrumb":{"@id":"https:\/\/continent.lv\/product\/hoover-hwcb-15-1\/#breadcrumb"},"inLanguage":"ru-RU","potentialAction":[{"@type":"ReadAction","target":["https:\/\/continent.lv\/product\/hoover-hwcb-15-1\/"]}]},{"@type":"ImageObject","inLanguage":"ru-RU","@id":"https:\/\/continent.lv\/product\/hoover-hwcb-15-1\/#primaryimage","url":"https:\/\/continent.lv\/wp-content\/uploads\/2026\/04\/Hoover_HWCB_153-1.jpg","contentUrl":"https:\/\/continent.lv\/wp-content\/uploads\/2026\/04\/Hoover_HWCB_153-1.jpg","width":370,"height":423},{"@type":"BreadcrumbList","@id":"https:\/\/continent.lv\/product\/hoover-hwcb-15-1\/#breadcrumb","itemListElement":[{"@type":"ListItem","position":1,"name":"Home","item":"https:\/\/continent.lv\/"},{"@type":"ListItem","position":2,"name":"Veikals","item":"https:\/\/continent.lv\/shop\/"},{"@type":"ListItem","position":3,"name":"Hoover HWCB 15\/1"}]},{"@type":"WebSite","@id":"https:\/\/continent.lv\/#website","url":"https:\/\/continent.lv\/","name":"Continent.lv","description":"Sadz\u012bves pre\u010du internetveikals","publisher":{"@id":"https:\/\/continent.lv\/#organization"},"potentialAction":[{"@type":"SearchAction","target":{"@type":"EntryPoint","urlTemplate":"https:\/\/continent.lv\/?s={search_term_string}"},"query-input":{"@type":"PropertyValueSpecification","valueRequired":true,"valueName":"search_term_string"}}],"inLanguage":"ru-RU"},{"@type":"Organization","@id":"https:\/\/continent.lv\/#organization","name":"Continent.lv","url":"https:\/\/continent.lv\/","logo":{"@type":"ImageObject","inLanguage":"ru-RU","@id":"https:\/\/continent.lv\/#\/schema\/logo\/image\/","url":"https:\/\/continent.lv\/wp-content\/uploads\/2026\/05\/logo_continent_5nwv-jh.jpg","contentUrl":"https:\/\/continent.lv\/wp-content\/uploads\/2026\/05\/logo_continent_5nwv-jh.jpg","width":221,"height":50,"caption":"Continent.lv"},"image":{"@id":"https:\/\/continent.lv\/#\/schema\/logo\/image\/"}}]}},"_links":{"self":[{"href":"https:\/\/continent.lv\/ru\/wp-json\/wp\/v2\/product\/21208","targetHints":{"allow":["GET"]}}],"collection":[{"href":"https:\/\/continent.lv\/ru\/wp-json\/wp\/v2\/product"}],"about":[{"href":"https:\/\/continent.lv\/ru\/wp-json\/wp\/v2\/types\/product"}],"replies":[{"embeddable":true,"href":"https:\/\/continent.lv\/ru\/wp-json\/wp\/v2\/comments?post=21208"}],"wp:featuredmedia":[{"embeddable":true,"href":"https:\/\/continent.lv\/ru\/wp-json\/wp\/v2\/media\/23068"}],"wp:attachment":[{"href":"https:\/\/continent.lv\/ru\/wp-json\/wp\/v2\/media?parent=21208"}],"wp:term":[{"taxonomy":"product_brand","embeddable":true,"href":"https:\/\/continent.lv\/ru\/wp-json\/wp\/v2\/product_brand?post=21208"},{"taxonomy":"product_cat","embeddable":true,"href":"https:\/\/continent.lv\/ru\/wp-json\/wp\/v2\/product_cat?post=21208"},{"taxonomy":"product_tag","embeddable":true,"href":"https:\/\/continent.lv\/ru\/wp-json\/wp\/v2\/product_tag?post=21208"}],"curies":[{"name":"wp","href":"https:\/\/api.w.org\/{rel}","templated":true}]}}