{"id":21068,"date":"2026-04-30T20:00:20","date_gmt":"2026-04-30T20:00:20","guid":{"rendered":"https:\/\/continent.lv\/product\/electrolux-eis8648\/"},"modified":"2026-04-30T21:32:20","modified_gmt":"2026-04-30T21:32:20","slug":"electrolux-eis8648","status":"publish","type":"product","link":"https:\/\/continent.lv\/ru\/product\/electrolux-eis8648\/","title":{"rendered":"Electrolux EIS8648"},"content":{"rendered":"<\/p>\n<p class=\"translation-block\"><p><\/p><p><span class=\"jCAhz ChMk0b\"><span class=\"ryNqvb\">\u0414\u0435\u0442\u0441\u043a\u0438\u0439 \u0437\u0430\u043c\u043e\u043a<\/span><\/span><span class=\"jCAhz\"><span class=\"ryNqvb\"><br><\/span><\/span><span class=\"jCAhz ChMk0b\"><span class=\"ryNqvb\">\u0421\u0432\u044f\u0437\u044c \u043c\u0435\u0436\u0434\u0443 \u043f\u043b\u0438\u0442\u043e\u0439 \u0438 \u0432\u044b\u0442\u044f\u0436\u043a\u043e\u0439<\/span><\/span><span class=\"jCAhz\"><span class=\"ryNqvb\"><br><\/span><\/span><span class=\"jCAhz ChMk0b\"><span class=\"ryNqvb\">\u0422\u0430\u0439\u043c\u0435\u0440<\/span><\/span><span class=\"jCAhz\"><span class=\"ryNqvb\"><br><\/span><\/span><span class=\"jCAhz ChMk0b\"><span class=\"ryNqvb\">\u041e\u0441\u043e\u0431\u044b\u0435 \u0444\u0443\u043d\u043a\u0446\u0438\u0438<\/span><\/span><span class=\"jCAhz\"><span class=\"ryNqvb\"><br><\/span><\/span><span class=\"jCAhz ChMk0b\"><span class=\"ryNqvb\">3 \u0443\u0440\u043e\u0432\u043d\u044f \u043e\u0441\u0442\u0430\u0442\u043e\u0447\u043d\u043e\u0433\u043e \u0442\u0435\u043f\u043b\u0430, \u0434\u0435\u0442\u0441\u043a\u0438\u0439 \u0437\u0430\u043c\u043e\u043a, \u044d\u043a\u043e\u043b\u043e\u0433\u0438\u0447\u043d\u044b\u0439 \u0442\u0430\u0439\u043c\u0435\u0440, \u0441\u043e\u0435\u0434\u0438\u043d\u0435\u043d\u0438\u0435 \u043f\u043e\u0432\u0435\u0440\u0445\u043d\u043e\u0441\u0442\u0438 \u043f\u043b\u0438\u0442\u044b \u0441 \u0432\u043e\u0437\u0434\u0443\u0448\u043d\u044b\u043c \u0444\u0438\u043b\u044c\u0442\u0440\u043e\u043c, SenseCook Fry, SenseCook Pro, \u0446\u0432\u0435\u0442\u043d\u0430\u044f \u043f\u0430\u043d\u0435\u043b\u044c \u0443\u043f\u0440\u0430\u0432\u043b\u0435\u043d\u0438\u044f InfiSight&trade;<\/span><\/span><span class=\"jCAhz\"><span class=\"ryNqvb\"><br><\/span><\/span><span class=\"jCAhz ChMk0b\"><span class=\"ryNqvb\">\u0426\u0432\u0435\u0442 \u0422\u0435\u043c\u043d\u043e-\u0441\u0435\u0440\u044b\u0439<\/span><\/span><span class=\"jCAhz\"><span class=\"ryNqvb\"><br><\/span><\/span><span class=\"jCAhz ChMk0b\"><span class=\"ryNqvb\">\u0422\u0438\u043f \u043f\u043b\u0438\u0442\u044b<\/span><\/span><span class=\"jCAhz\"><span class=\"ryNqvb\"><br><\/span><\/span><span class=\"jCAhz ChMk0b\"><span class=\"ryNqvb\">\u0418\u043d\u0434\u0443\u043a\u0446\u0438\u043e\u043d\u043d\u0430\u044f \u043f\u043b\u0438\u0442\u0430<\/span><\/span><span class=\"jCAhz\"><span class=\"ryNqvb\"><br><\/span><\/span><span class=\"jCAhz ChMk0b\"><span class=\"ryNqvb\">\u041a\u043e\u043b\u0438\u0447\u0435\u0441\u0442\u0432\u043e \u043a\u043e\u043d\u0444\u043e\u0440\u043e\u043a 4<\/span><\/span><span class=\"jCAhz\"><span class=\"ryNqvb\"><br><\/span><\/span><span class=\"jCAhz ChMk0b\"><span class=\"ryNqvb\">\u041f\u0435\u0440\u0435\u0434\u043d\u044f\u044f \u043b\u0435\u0432\u0430\u044f \u0437\u043e\u043d\u0430: 210 \u043c\u043c, 2300\/3200 \u0412\u0442<\/span><\/span><span class=\"jCAhz\"><span class=\"ryNqvb\"><br><\/span><\/span><span class=\"jCAhz ChMk0b\"><span class=\"ryNqvb\">\u0417\u0430\u0434\u043d\u044f\u044f \u043b\u0435\u0432\u0430\u044f \u0437\u043e\u043d\u0430: 210 \u043c\u043c, 2300\/3200 \u0412\u0442<\/span><\/span><span class=\"jCAhz\"><span class=\"ryNqvb\"><br><\/span><\/span><span class=\"jCAhz ChMk0b\"><span class=\"ryNqvb\">\u0417\u0430\u0434\u043d\u044f\u044f \u043f\u0440\u0430\u0432\u0430\u044f \u0437\u043e\u043d\u0430: 240 \u043c\u043c, 2300\/3600 \u0412\u0442<\/span><\/span><span class=\"jCAhz\"><span class=\"ryNqvb\"><br><\/span><\/span><span class=\"jCAhz ChMk0b\"><span class=\"ryNqvb\">\u0421\u043e\u0435\u0434\u0438\u043d\u0435\u043d\u0438\u0435 \u0437\u043e\u043d \u043d\u0430\u0433\u0440\u0435\u0432\u0430<\/span><\/span><span class=\"jCAhz\"><span class=\"ryNqvb\"><br><\/span><\/span><span class=\"jCAhz ChMk0b\"><span class=\"ryNqvb\">\u0411\u044b\u0441\u0442\u0440\u044b\u0439 \u0440\u0430\u0437\u043e\u0433\u0440\u0435\u0432<\/span><\/span><span class=\"jCAhz\"><span class=\"ryNqvb\"><br><\/span><\/span><span class=\"jCAhz ChMk0b\"><span class=\"ryNqvb\">\u041a\u0440\u0430\u0439 \u0431\u044b\u043b \u043d\u0435\u0440\u043e\u0432\u043d\u044b\u043c<\/span><\/span><span class=\"jCAhz\"><span class=\"ryNqvb\"><br><\/span><\/span><span class=\"jCAhz ChMk0b\"><span class=\"ryNqvb\">\u0421\u0435\u043d\u0441\u043e\u0440\u043d\u043e\u0435 \u0443\u043f\u0440\u0430\u0432\u043b\u0435\u043d\u0438\u0435<\/span><\/span><span class=\"jCAhz\"><span class=\"ryNqvb\"><br><\/span><\/span><span class=\"jCAhz ChMk0b\"><span class=\"ryNqvb\">\u0420\u0430\u0437\u043c\u0435\u0440\u044b<\/span><\/span><span class=\"jCAhz\"><span class=\"ryNqvb\"><br><\/span><\/span><span class=\"jCAhz ChMk0b\"><span class=\"ryNqvb\">\u0428\u0438\u0440\u0438\u043d\u0430 (\u0441\u043c) 78<\/span><\/span><span class=\"jCAhz\"><span class=\"ryNqvb\"><br><\/span><\/span><span class=\"jCAhz ChMk0b\"><span class=\"ryNqvb\">\u0413\u043b\u0443\u0431\u0438\u043d\u0430 (\u0441\u043c) 52<\/span><\/span><span class=\"jCAhz\"><span class=\"ryNqvb\"><br><\/span><\/span><span class=\"jCAhz ChMk0b\"><span class=\"ryNqvb\">\u0412\u0435\u0441 (\u043a\u0433) 12.12<\/span><\/span><span class=\"jCAhz\"><span class=\"ryNqvb\"><br><\/span><\/span><span class=\"jCAhz ChMk0b\"><span class=\"ryNqvb\">\u0412\u0435\u0441 \u0431\u0440\u0443\u0442\u0442\u043e (\u0443\u043f\u0430\u043a\u043e\u0432\u0430\u043d\u043d\u044b\u0439, \u043a\u0433) 13,86<\/span><\/span><\/p><p><\/p><\/p><\/p>","protected":false},"excerpt":{"rendered":"<p>B\u0113rnu sl\u0113dzeneSavienojums starp pl\u012bti un tvaika nos\u016bc\u0113juTaimerisSpeci\u0101las iesp\u0113jas3 atliku\u0161\u0101 siltuma l\u012bme\u0146i, b\u0113rnu atsl\u0113ga, ekolo\u0123iskais taimeris, pl\u012bts virsmas savienojums ar gaisa filtru, SenseCook Fry, SenseCook Pro, InfiSight\u2122 kr\u0101su vad\u012bbas panelisKr\u0101sa Tum\u0161i pel\u0113kaPl\u0101ksnes tipsIndukcijas pl\u012btsDeg\u013cu skaits 4Kreis\u0101 priek\u0161\u0113j\u0101 zona: 210 mm, 2300\/3200 WKreis\u0101 aizmugur\u0113j\u0101 zona: 210 mm, 2300\/3200 WLab\u0101 aizmugur\u0113j\u0101 zona: 240mm, 2300\/3600WGatavo\u0161anas zonu savieno\u0161ana\u0100tra iesild\u012b\u0161an\u0101sMala bija [&hellip;]<\/p>\n","protected":false},"featured_media":22999,"comment_status":"open","ping_status":"closed","template":"","meta":{"_joinchat":[]},"product_brand":[265],"product_cat":[264],"product_tag":[],"class_list":{"0":"post-21068","1":"product","2":"type-product","3":"status-publish","4":"has-post-thumbnail","6":"product_brand-electrolux","7":"product_cat-iebuvejama-sadzives-tehnika-iebuvejamas-elektriskas-plits-virsmas","9":"first","10":"instock","11":"shipping-taxable","12":"purchasable","13":"product-type-simple"},"yoast_head":"<!-- This site is optimized with the Yoast SEO plugin v27.5 - https:\/\/yoast.com\/product\/yoast-seo-wordpress\/ -->\n<title>Electrolux EIS8648 - Continent.lv<\/title>\n<meta name=\"robots\" content=\"index, follow, max-snippet:-1, max-image-preview:large, max-video-preview:-1\" \/>\n<link rel=\"canonical\" href=\"https:\/\/continent.lv\/ru\/product\/electrolux-eis8648\/\" \/>\n<meta property=\"og:locale\" content=\"ru_RU\" \/>\n<meta property=\"og:type\" content=\"article\" \/>\n<meta property=\"og:title\" content=\"Electrolux EIS8648 - Continent.lv\" \/>\n<meta property=\"og:description\" content=\"B\u0113rnu sl\u0113dzeneSavienojums starp pl\u012bti un tvaika nos\u016bc\u0113juTaimerisSpeci\u0101las iesp\u0113jas3 atliku\u0161\u0101 siltuma l\u012bme\u0146i, b\u0113rnu atsl\u0113ga, ekolo\u0123iskais taimeris, pl\u012bts virsmas savienojums ar gaisa filtru, SenseCook Fry, SenseCook Pro, InfiSight\u2122 kr\u0101su vad\u012bbas panelisKr\u0101sa Tum\u0161i pel\u0113kaPl\u0101ksnes tipsIndukcijas pl\u012btsDeg\u013cu skaits 4Kreis\u0101 priek\u0161\u0113j\u0101 zona: 210 mm, 2300\/3200 WKreis\u0101 aizmugur\u0113j\u0101 zona: 210 mm, 2300\/3200 WLab\u0101 aizmugur\u0113j\u0101 zona: 240mm, 2300\/3600WGatavo\u0161anas zonu savieno\u0161ana\u0100tra iesild\u012b\u0161an\u0101sMala bija [&hellip;]\" \/>\n<meta property=\"og:url\" content=\"https:\/\/continent.lv\/ru\/product\/electrolux-eis8648\/\" \/>\n<meta property=\"og:site_name\" content=\"Continent.lv\" \/>\n<meta property=\"article:modified_time\" content=\"2026-04-30T21:32:20+00:00\" \/>\n<meta property=\"og:image\" content=\"https:\/\/continent.lv\/wp-content\/uploads\/2026\/04\/Electrolux_EIS8648-5.jpg\" \/>\n\t<meta property=\"og:image:width\" content=\"1200\" \/>\n\t<meta property=\"og:image:height\" content=\"1372\" \/>\n\t<meta property=\"og:image:type\" content=\"image\/jpeg\" \/>\n<meta name=\"twitter:card\" content=\"summary_large_image\" \/>\n<script type=\"application\/ld+json\" class=\"yoast-schema-graph\">{\"@context\":\"https:\\\/\\\/schema.org\",\"@graph\":[{\"@type\":\"WebPage\",\"@id\":\"https:\\\/\\\/continent.lv\\\/product\\\/electrolux-eis8648\\\/\",\"url\":\"https:\\\/\\\/continent.lv\\\/product\\\/electrolux-eis8648\\\/\",\"name\":\"Electrolux EIS8648 - Continent.lv\",\"isPartOf\":{\"@id\":\"https:\\\/\\\/continent.lv\\\/#website\"},\"primaryImageOfPage\":{\"@id\":\"https:\\\/\\\/continent.lv\\\/product\\\/electrolux-eis8648\\\/#primaryimage\"},\"image\":{\"@id\":\"https:\\\/\\\/continent.lv\\\/product\\\/electrolux-eis8648\\\/#primaryimage\"},\"thumbnailUrl\":\"https:\\\/\\\/continent.lv\\\/wp-content\\\/uploads\\\/2026\\\/04\\\/Electrolux_EIS8648-5.jpg\",\"datePublished\":\"2026-04-30T20:00:20+00:00\",\"dateModified\":\"2026-04-30T21:32:20+00:00\",\"breadcrumb\":{\"@id\":\"https:\\\/\\\/continent.lv\\\/product\\\/electrolux-eis8648\\\/#breadcrumb\"},\"inLanguage\":\"ru-RU\",\"potentialAction\":[{\"@type\":\"ReadAction\",\"target\":[\"https:\\\/\\\/continent.lv\\\/product\\\/electrolux-eis8648\\\/\"]}]},{\"@type\":\"ImageObject\",\"inLanguage\":\"ru-RU\",\"@id\":\"https:\\\/\\\/continent.lv\\\/product\\\/electrolux-eis8648\\\/#primaryimage\",\"url\":\"https:\\\/\\\/continent.lv\\\/wp-content\\\/uploads\\\/2026\\\/04\\\/Electrolux_EIS8648-5.jpg\",\"contentUrl\":\"https:\\\/\\\/continent.lv\\\/wp-content\\\/uploads\\\/2026\\\/04\\\/Electrolux_EIS8648-5.jpg\",\"width\":1200,\"height\":1372},{\"@type\":\"BreadcrumbList\",\"@id\":\"https:\\\/\\\/continent.lv\\\/product\\\/electrolux-eis8648\\\/#breadcrumb\",\"itemListElement\":[{\"@type\":\"ListItem\",\"position\":1,\"name\":\"Home\",\"item\":\"https:\\\/\\\/continent.lv\\\/\"},{\"@type\":\"ListItem\",\"position\":2,\"name\":\"Veikals\",\"item\":\"https:\\\/\\\/continent.lv\\\/shop\\\/\"},{\"@type\":\"ListItem\",\"position\":3,\"name\":\"Electrolux EIS8648\"}]},{\"@type\":\"WebSite\",\"@id\":\"https:\\\/\\\/continent.lv\\\/#website\",\"url\":\"https:\\\/\\\/continent.lv\\\/\",\"name\":\"Continent.lv\",\"description\":\"Sadz\u012bves pre\u010du internetveikals\",\"publisher\":{\"@id\":\"https:\\\/\\\/continent.lv\\\/#organization\"},\"potentialAction\":[{\"@type\":\"SearchAction\",\"target\":{\"@type\":\"EntryPoint\",\"urlTemplate\":\"https:\\\/\\\/continent.lv\\\/?s={search_term_string}\"},\"query-input\":{\"@type\":\"PropertyValueSpecification\",\"valueRequired\":true,\"valueName\":\"search_term_string\"}}],\"inLanguage\":\"ru-RU\"},{\"@type\":\"Organization\",\"@id\":\"https:\\\/\\\/continent.lv\\\/#organization\",\"name\":\"Continent.lv\",\"url\":\"https:\\\/\\\/continent.lv\\\/\",\"logo\":{\"@type\":\"ImageObject\",\"inLanguage\":\"ru-RU\",\"@id\":\"https:\\\/\\\/continent.lv\\\/#\\\/schema\\\/logo\\\/image\\\/\",\"url\":\"https:\\\/\\\/continent.lv\\\/wp-content\\\/uploads\\\/2026\\\/05\\\/logo_continent_5nwv-jh.jpg\",\"contentUrl\":\"https:\\\/\\\/continent.lv\\\/wp-content\\\/uploads\\\/2026\\\/05\\\/logo_continent_5nwv-jh.jpg\",\"width\":221,\"height\":50,\"caption\":\"Continent.lv\"},\"image\":{\"@id\":\"https:\\\/\\\/continent.lv\\\/#\\\/schema\\\/logo\\\/image\\\/\"}}]}<\/script>\n<!-- \/ Yoast SEO plugin. -->","yoast_head_json":{"title":"Electrolux EIS8648 - Continent.lv","robots":{"index":"index","follow":"follow","max-snippet":"max-snippet:-1","max-image-preview":"max-image-preview:large","max-video-preview":"max-video-preview:-1"},"canonical":"https:\/\/continent.lv\/ru\/product\/electrolux-eis8648\/","og_locale":"ru_RU","og_type":"article","og_title":"Electrolux EIS8648 - Continent.lv","og_description":"B\u0113rnu sl\u0113dzeneSavienojums starp pl\u012bti un tvaika nos\u016bc\u0113juTaimerisSpeci\u0101las iesp\u0113jas3 atliku\u0161\u0101 siltuma l\u012bme\u0146i, b\u0113rnu atsl\u0113ga, ekolo\u0123iskais taimeris, pl\u012bts virsmas savienojums ar gaisa filtru, SenseCook Fry, SenseCook Pro, InfiSight\u2122 kr\u0101su vad\u012bbas panelisKr\u0101sa Tum\u0161i pel\u0113kaPl\u0101ksnes tipsIndukcijas pl\u012btsDeg\u013cu skaits 4Kreis\u0101 priek\u0161\u0113j\u0101 zona: 210 mm, 2300\/3200 WKreis\u0101 aizmugur\u0113j\u0101 zona: 210 mm, 2300\/3200 WLab\u0101 aizmugur\u0113j\u0101 zona: 240mm, 2300\/3600WGatavo\u0161anas zonu savieno\u0161ana\u0100tra iesild\u012b\u0161an\u0101sMala bija [&hellip;]","og_url":"https:\/\/continent.lv\/ru\/product\/electrolux-eis8648\/","og_site_name":"Continent.lv","article_modified_time":"2026-04-30T21:32:20+00:00","og_image":[{"width":1200,"height":1372,"url":"https:\/\/continent.lv\/wp-content\/uploads\/2026\/04\/Electrolux_EIS8648-5.jpg","type":"image\/jpeg"}],"twitter_card":"summary_large_image","schema":{"@context":"https:\/\/schema.org","@graph":[{"@type":"WebPage","@id":"https:\/\/continent.lv\/product\/electrolux-eis8648\/","url":"https:\/\/continent.lv\/product\/electrolux-eis8648\/","name":"Electrolux EIS8648 - Continent.lv","isPartOf":{"@id":"https:\/\/continent.lv\/#website"},"primaryImageOfPage":{"@id":"https:\/\/continent.lv\/product\/electrolux-eis8648\/#primaryimage"},"image":{"@id":"https:\/\/continent.lv\/product\/electrolux-eis8648\/#primaryimage"},"thumbnailUrl":"https:\/\/continent.lv\/wp-content\/uploads\/2026\/04\/Electrolux_EIS8648-5.jpg","datePublished":"2026-04-30T20:00:20+00:00","dateModified":"2026-04-30T21:32:20+00:00","breadcrumb":{"@id":"https:\/\/continent.lv\/product\/electrolux-eis8648\/#breadcrumb"},"inLanguage":"ru-RU","potentialAction":[{"@type":"ReadAction","target":["https:\/\/continent.lv\/product\/electrolux-eis8648\/"]}]},{"@type":"ImageObject","inLanguage":"ru-RU","@id":"https:\/\/continent.lv\/product\/electrolux-eis8648\/#primaryimage","url":"https:\/\/continent.lv\/wp-content\/uploads\/2026\/04\/Electrolux_EIS8648-5.jpg","contentUrl":"https:\/\/continent.lv\/wp-content\/uploads\/2026\/04\/Electrolux_EIS8648-5.jpg","width":1200,"height":1372},{"@type":"BreadcrumbList","@id":"https:\/\/continent.lv\/product\/electrolux-eis8648\/#breadcrumb","itemListElement":[{"@type":"ListItem","position":1,"name":"Home","item":"https:\/\/continent.lv\/"},{"@type":"ListItem","position":2,"name":"Veikals","item":"https:\/\/continent.lv\/shop\/"},{"@type":"ListItem","position":3,"name":"Electrolux EIS8648"}]},{"@type":"WebSite","@id":"https:\/\/continent.lv\/#website","url":"https:\/\/continent.lv\/","name":"Continent.lv","description":"Sadz\u012bves pre\u010du internetveikals","publisher":{"@id":"https:\/\/continent.lv\/#organization"},"potentialAction":[{"@type":"SearchAction","target":{"@type":"EntryPoint","urlTemplate":"https:\/\/continent.lv\/?s={search_term_string}"},"query-input":{"@type":"PropertyValueSpecification","valueRequired":true,"valueName":"search_term_string"}}],"inLanguage":"ru-RU"},{"@type":"Organization","@id":"https:\/\/continent.lv\/#organization","name":"Continent.lv","url":"https:\/\/continent.lv\/","logo":{"@type":"ImageObject","inLanguage":"ru-RU","@id":"https:\/\/continent.lv\/#\/schema\/logo\/image\/","url":"https:\/\/continent.lv\/wp-content\/uploads\/2026\/05\/logo_continent_5nwv-jh.jpg","contentUrl":"https:\/\/continent.lv\/wp-content\/uploads\/2026\/05\/logo_continent_5nwv-jh.jpg","width":221,"height":50,"caption":"Continent.lv"},"image":{"@id":"https:\/\/continent.lv\/#\/schema\/logo\/image\/"}}]}},"_links":{"self":[{"href":"https:\/\/continent.lv\/ru\/wp-json\/wp\/v2\/product\/21068","targetHints":{"allow":["GET"]}}],"collection":[{"href":"https:\/\/continent.lv\/ru\/wp-json\/wp\/v2\/product"}],"about":[{"href":"https:\/\/continent.lv\/ru\/wp-json\/wp\/v2\/types\/product"}],"replies":[{"embeddable":true,"href":"https:\/\/continent.lv\/ru\/wp-json\/wp\/v2\/comments?post=21068"}],"wp:featuredmedia":[{"embeddable":true,"href":"https:\/\/continent.lv\/ru\/wp-json\/wp\/v2\/media\/22999"}],"wp:attachment":[{"href":"https:\/\/continent.lv\/ru\/wp-json\/wp\/v2\/media?parent=21068"}],"wp:term":[{"taxonomy":"product_brand","embeddable":true,"href":"https:\/\/continent.lv\/ru\/wp-json\/wp\/v2\/product_brand?post=21068"},{"taxonomy":"product_cat","embeddable":true,"href":"https:\/\/continent.lv\/ru\/wp-json\/wp\/v2\/product_cat?post=21068"},{"taxonomy":"product_tag","embeddable":true,"href":"https:\/\/continent.lv\/ru\/wp-json\/wp\/v2\/product_tag?post=21068"}],"curies":[{"name":"wp","href":"https:\/\/api.w.org\/{rel}","templated":true}]}}