{"id":49558,"date":"2026-05-01T23:38:28","date_gmt":"2026-05-01T23:38:28","guid":{"rendered":"https:\/\/continent.lv\/?page_id=49558"},"modified":"2026-05-01T23:38:29","modified_gmt":"2026-05-01T23:38:29","slug":"apmaksa","status":"publish","type":"page","link":"https:\/\/continent.lv\/ru\/apmaksa\/","title":{"rendered":"\u041e\u043f\u043b\u0430\u0442\u0430"},"content":{"rendered":"<p><strong>\u0421\u043f\u043e\u0441\u043e\u0431\u044b \u043e\u043f\u043b\u0430\u0442\u044b<\/strong><\/p>\n\n\n\n<p>\u041f\u043e \u043d\u0430\u043b\u0438\u0447\u0438\u044e \u0442\u043e\u0432\u0430\u0440\u043e\u0432 \u0438 \u0441\u043a\u0438\u0434\u043a\u0430\u043c \u0443\u0442\u043e\u0447\u043d\u044f\u0439\u0442\u0435 \u0443 \u043a\u043e\u043d\u0441\u0443\u043b\u044c\u0442\u0430\u043d\u0442\u0430.<\/p>\n\n\n\n<p><strong>\u041a\u0430\u043a \u043f\u0440\u0438\u043e\u0431\u0440\u0435\u0441\u0442\u0438 \u0442\u043e\u0432\u0430\u0440\u044b:<\/strong><\/p>\n\n\n\n<p>1.\u0412\u044b\u0431\u0435\u0440\u0438\u0442\u0435 \u0442\u043e\u0432\u0430\u0440 \u0438\u0437 \u043a\u0430\u0442\u0430\u043b\u043e\u0433\u0430.<\/p>\n\n\n\n<p>2.\u041d\u0430\u0436\u043c\u0438\u0442\u0435 \u043d\u0430 \u043a\u043d\u043e\u043f\u043a\u0443 \u00ab\u041a\u0443\u043f\u0438\u0442\u044c\u00bb.<\/p>\n\n\n\n<p>3.\u0412\u044b\u0431\u0435\u0440\u0438\u0442\u0435 \u043f\u043e\u0434\u0445\u043e\u0434\u044f\u0449\u0438\u0439 \u0441\u043f\u043e\u0441\u043e\u0431 \u043e\u043f\u043b\u0430\u0442\u044b.<\/p>\n\n\n\n<p>4.\u041d\u0430\u0436\u043c\u0438\u0442\u0435 \u043d\u0430 \u043a\u043d\u043e\u043f\u043a\u0443 \u00ab\u041e\u0444\u043e\u0440\u043c\u0438\u0442\u044c \u0437\u0430\u043a\u0430\u0437\u00bb.<\/p>\n\n\n\n<p>5.\u0412\u0432\u0435\u0434\u0438\u0442\u0435 \u043a\u043e\u043d\u0442\u0430\u043a\u0442\u043d\u0443\u044e \u0438\u043d\u0444\u043e\u0440\u043c\u0430\u0446\u0438\u044e \u0432 \u0441\u043e\u043e\u0442\u0432\u0435\u0442\u0441\u0442\u0432\u0443\u044e\u0449\u0438\u0435 \u043f\u043e\u043b\u044f.<\/p>\n\n\n\n<p>6.\u041d\u0430\u0436\u043c\u0438\u0442\u0435 \u043d\u0430 \u043a\u043d\u043e\u043f\u043a\u0443 \u00ab\u0417\u0430\u043a\u0430\u0437\u0430\u0442\u044c\u00bb.<\/p>\n\n\n\n<p>\u041f\u043e\u044f\u0432\u0438\u0442\u0441\u044f \u0441\u043e\u043e\u0431\u0449\u0435\u043d\u0438\u0435: \u00ab\u0412\u0430\u0448 \u0437\u0430\u043a\u0430\u0437 \u043f\u0440\u0438\u043d\u044f\u0442\u00bb.<\/p>\n\n\n\n<p>\u0421\u043f\u043e\u0441\u043e\u0431\u044b \u043e\u043f\u043b\u0430\u0442\u044b: \u0432\u0441\u0435 \u0446\u0435\u043d\u044b \u0443\u043a\u0430\u0437\u0430\u043d\u044b \u0441 \u041d\u0414\u0421 21%, \u043e\u043f\u043b\u0430\u0442\u0430 \u0432\u043e\u0437\u043c\u043e\u0436\u043d\u0430 \u043d\u0430\u043b\u0438\u0447\u043d\u044b\u043c\u0438 \u0438\u043b\u0438 \u0431\u0430\u043d\u043a\u043e\u0432\u0441\u043a\u0438\u043c \u043f\u0435\u0440\u0435\u0432\u043e\u0434\u043e\u043c (\u0432 \u0420\u0438\u0433\u0435 \u0438 \u0435\u0451 \u043e\u043a\u0440\u0435\u0441\u0442\u043d\u043e\u0441\u0442\u044f\u0445 \u2014 \u043d\u0430\u043b\u0438\u0447\u043d\u044b\u043c\u0438 \u0438\u043b\u0438 \u043f\u0435\u0440\u0435\u0432\u043e\u0434\u043e\u043c), \u043f\u0440\u0438 \u043e\u043f\u043b\u0430\u0442\u0435 \u043d\u0430\u043b\u0438\u0447\u043d\u044b\u043c\u0438 \u0440\u0430\u0441\u0447\u0451\u0442 \u043f\u0440\u043e\u0438\u0437\u0432\u043e\u0434\u0438\u0442\u0441\u044f \u043f\u0440\u0438 \u043f\u043e\u043b\u0443\u0447\u0435\u043d\u0438\u0438 \u0442\u043e\u0432\u0430\u0440\u0430, \u043f\u0440\u0438 \u043e\u043f\u043b\u0430\u0442\u0435 \u043f\u0435\u0440\u0435\u0432\u043e\u0434\u043e\u043c \u043f\u043e\u0441\u043b\u0435 \u043e\u0444\u043e\u0440\u043c\u043b\u0435\u043d\u0438\u044f \u0437\u0430\u043a\u0430\u0437\u0430 \u0432\u0430\u043c \u0431\u0443\u0434\u0435\u0442 \u043e\u0442\u043f\u0440\u0430\u0432\u043b\u0435\u043d \u0441\u0447\u0451\u0442 \u043d\u0430 \u044d\u043b\u0435\u043a\u0442\u0440\u043e\u043d\u043d\u0443\u044e \u043f\u043e\u0447\u0442\u0443, \u0434\u043e\u0441\u0442\u0430\u0432\u043a\u0430 \u043e\u0441\u0443\u0449\u0435\u0441\u0442\u0432\u043b\u044f\u0435\u0442\u0441\u044f \u043f\u043e\u0441\u043b\u0435 \u043f\u043e\u0441\u0442\u0443\u043f\u043b\u0435\u043d\u0438\u044f \u043e\u043f\u043b\u0430\u0442\u044b \u043d\u0430 \u043d\u0430\u0448 \u0441\u0447\u0451\u0442, \u043d\u0430 \u0442\u0435\u0440\u0440\u0438\u0442\u043e\u0440\u0438\u0438 \u041b\u0430\u0442\u0432\u0438\u0438 \u043e\u043f\u043b\u0430\u0442\u0430 \u043f\u0440\u0438\u043d\u0438\u043c\u0430\u0435\u0442\u0441\u044f \u043d\u0430\u043b\u0438\u0447\u043d\u044b\u043c\u0438 \u0438\u043b\u0438 \u0431\u0430\u043d\u043a\u043e\u0432\u0441\u043a\u0438\u043c \u043f\u0435\u0440\u0435\u0432\u043e\u0434\u043e\u043c, \u0434\u043e\u0441\u0442\u0430\u0432\u043a\u0430 \u0437\u0430\u043d\u0438\u043c\u0430\u0435\u0442 2\u20133 \u0440\u0430\u0431\u043e\u0447\u0438\u0445 \u0434\u043d\u044f, \u043f\u0440\u0438 \u0432\u043e\u0437\u043d\u0438\u043a\u043d\u043e\u0432\u0435\u043d\u0438\u0438 \u0432\u043e\u043f\u0440\u043e\u0441\u043e\u0432 \u0441\u0432\u044f\u0436\u0438\u0442\u0435\u0441\u044c \u0441 \u043d\u0430\u043c\u0438 \u043f\u043e \u0442\u0435\u043b\u0435\u0444\u043e\u043d\u0443 \u0438\u043b\u0438 \u044d\u043b\u0435\u043a\u0442\u0440\u043e\u043d\u043d\u043e\u0439 \u043f\u043e\u0447\u0442\u0435.<\/p>","protected":false},"excerpt":{"rendered":"<p>Apmaksas iesp\u0113jas Par pre\u010du pieejam\u012bbu un atlaidi pras\u012bt konsultantam. K\u0101 ieg\u0101d\u0101ties preces: 1.Izv\u0113las preci no pre\u010du kataloga. 2.Spie\u017e uz ikonas pirkt. 3.Izv\u0113las v\u0113lamo apmaksas veidu. 4.Spie\u017e uz ikonas nor\u0113\u0137in\u0101ties. 5.Ieraksta nepiecie\u0161amaj\u0101s ail\u012bt\u0113s kontaktinform\u0101ciju. 6.Spie\u017e uz ikonas pas\u016bt\u012bt. Par\u0101d\u012bsies uzraksts,,J\u016bsu pas\u016bt\u012bjums ir pie\u0146emts,, Apmaksas veidi. Visas pre\u010du cenas nor\u0101d\u012btas ar PVN 21% Skaidr\u0101 naud\u0101, P\u0101rskait\u012bjums., Skaidr\u0101 [&hellip;]<\/p>\n","protected":false},"author":1,"featured_media":0,"parent":0,"menu_order":0,"comment_status":"closed","ping_status":"closed","template":"","meta":{"_joinchat":[],"footnotes":""},"class_list":["post-49558","page","type-page","status-publish","hentry"],"yoast_head":"<!-- This site is optimized with the Yoast SEO plugin v27.5 - https:\/\/yoast.com\/product\/yoast-seo-wordpress\/ -->\n<title>Apmaksa - Continent.lv<\/title>\n<meta name=\"robots\" content=\"index, follow, max-snippet:-1, max-image-preview:large, max-video-preview:-1\" \/>\n<link rel=\"canonical\" href=\"https:\/\/continent.lv\/ru\/apmaksa\/\" \/>\n<meta property=\"og:locale\" content=\"ru_RU\" \/>\n<meta property=\"og:type\" content=\"article\" \/>\n<meta property=\"og:title\" content=\"Apmaksa - Continent.lv\" \/>\n<meta property=\"og:description\" content=\"Apmaksas iesp\u0113jas Par pre\u010du pieejam\u012bbu un atlaidi pras\u012bt konsultantam. K\u0101 ieg\u0101d\u0101ties preces: 1.Izv\u0113las preci no pre\u010du kataloga. 2.Spie\u017e uz ikonas pirkt. 3.Izv\u0113las v\u0113lamo apmaksas veidu. 4.Spie\u017e uz ikonas nor\u0113\u0137in\u0101ties. 5.Ieraksta nepiecie\u0161amaj\u0101s ail\u012bt\u0113s kontaktinform\u0101ciju. 6.Spie\u017e uz ikonas pas\u016bt\u012bt. Par\u0101d\u012bsies uzraksts,,J\u016bsu pas\u016bt\u012bjums ir pie\u0146emts,, Apmaksas veidi. Visas pre\u010du cenas nor\u0101d\u012btas ar PVN 21% Skaidr\u0101 naud\u0101, P\u0101rskait\u012bjums., Skaidr\u0101 [&hellip;]\" \/>\n<meta property=\"og:url\" content=\"https:\/\/continent.lv\/ru\/apmaksa\/\" \/>\n<meta property=\"og:site_name\" content=\"Continent.lv\" \/>\n<meta property=\"article:modified_time\" content=\"2026-05-01T23:38:29+00:00\" \/>\n<meta name=\"twitter:card\" content=\"summary_large_image\" \/>\n<meta name=\"twitter:label1\" content=\"\u041f\u0440\u0438\u043c\u0435\u0440\u043d\u043e\u0435 \u0432\u0440\u0435\u043c\u044f \u0434\u043b\u044f \u0447\u0442\u0435\u043d\u0438\u044f\" \/>\n\t<meta name=\"twitter:data1\" content=\"1 \u043c\u0438\u043d\u0443\u0442\u0430\" \/>\n<script type=\"application\/ld+json\" class=\"yoast-schema-graph\">{\"@context\":\"https:\\\/\\\/schema.org\",\"@graph\":[{\"@type\":\"WebPage\",\"@id\":\"https:\\\/\\\/continent.lv\\\/apmaksa\\\/\",\"url\":\"https:\\\/\\\/continent.lv\\\/apmaksa\\\/\",\"name\":\"Apmaksa - Continent.lv\",\"isPartOf\":{\"@id\":\"https:\\\/\\\/continent.lv\\\/#website\"},\"datePublished\":\"2026-05-01T23:38:28+00:00\",\"dateModified\":\"2026-05-01T23:38:29+00:00\",\"breadcrumb\":{\"@id\":\"https:\\\/\\\/continent.lv\\\/apmaksa\\\/#breadcrumb\"},\"inLanguage\":\"ru-RU\",\"potentialAction\":[{\"@type\":\"ReadAction\",\"target\":[\"https:\\\/\\\/continent.lv\\\/apmaksa\\\/\"]}]},{\"@type\":\"BreadcrumbList\",\"@id\":\"https:\\\/\\\/continent.lv\\\/apmaksa\\\/#breadcrumb\",\"itemListElement\":[{\"@type\":\"ListItem\",\"position\":1,\"name\":\"Home\",\"item\":\"https:\\\/\\\/continent.lv\\\/\"},{\"@type\":\"ListItem\",\"position\":2,\"name\":\"Apmaksa\"}]},{\"@type\":\"WebSite\",\"@id\":\"https:\\\/\\\/continent.lv\\\/#website\",\"url\":\"https:\\\/\\\/continent.lv\\\/\",\"name\":\"Continent.lv\",\"description\":\"Sadz\u012bves pre\u010du internetveikals\",\"publisher\":{\"@id\":\"https:\\\/\\\/continent.lv\\\/#organization\"},\"potentialAction\":[{\"@type\":\"SearchAction\",\"target\":{\"@type\":\"EntryPoint\",\"urlTemplate\":\"https:\\\/\\\/continent.lv\\\/?s={search_term_string}\"},\"query-input\":{\"@type\":\"PropertyValueSpecification\",\"valueRequired\":true,\"valueName\":\"search_term_string\"}}],\"inLanguage\":\"ru-RU\"},{\"@type\":\"Organization\",\"@id\":\"https:\\\/\\\/continent.lv\\\/#organization\",\"name\":\"Continent.lv\",\"url\":\"https:\\\/\\\/continent.lv\\\/\",\"logo\":{\"@type\":\"ImageObject\",\"inLanguage\":\"ru-RU\",\"@id\":\"https:\\\/\\\/continent.lv\\\/#\\\/schema\\\/logo\\\/image\\\/\",\"url\":\"https:\\\/\\\/continent.lv\\\/wp-content\\\/uploads\\\/2026\\\/05\\\/logo_continent_5nwv-jh.jpg\",\"contentUrl\":\"https:\\\/\\\/continent.lv\\\/wp-content\\\/uploads\\\/2026\\\/05\\\/logo_continent_5nwv-jh.jpg\",\"width\":221,\"height\":50,\"caption\":\"Continent.lv\"},\"image\":{\"@id\":\"https:\\\/\\\/continent.lv\\\/#\\\/schema\\\/logo\\\/image\\\/\"}}]}<\/script>\n<!-- \/ Yoast SEO plugin. -->","yoast_head_json":{"title":"Apmaksa - Continent.lv","robots":{"index":"index","follow":"follow","max-snippet":"max-snippet:-1","max-image-preview":"max-image-preview:large","max-video-preview":"max-video-preview:-1"},"canonical":"https:\/\/continent.lv\/ru\/apmaksa\/","og_locale":"ru_RU","og_type":"article","og_title":"Apmaksa - Continent.lv","og_description":"Apmaksas iesp\u0113jas Par pre\u010du pieejam\u012bbu un atlaidi pras\u012bt konsultantam. K\u0101 ieg\u0101d\u0101ties preces: 1.Izv\u0113las preci no pre\u010du kataloga. 2.Spie\u017e uz ikonas pirkt. 3.Izv\u0113las v\u0113lamo apmaksas veidu. 4.Spie\u017e uz ikonas nor\u0113\u0137in\u0101ties. 5.Ieraksta nepiecie\u0161amaj\u0101s ail\u012bt\u0113s kontaktinform\u0101ciju. 6.Spie\u017e uz ikonas pas\u016bt\u012bt. Par\u0101d\u012bsies uzraksts,,J\u016bsu pas\u016bt\u012bjums ir pie\u0146emts,, Apmaksas veidi. Visas pre\u010du cenas nor\u0101d\u012btas ar PVN 21% Skaidr\u0101 naud\u0101, P\u0101rskait\u012bjums., Skaidr\u0101 [&hellip;]","og_url":"https:\/\/continent.lv\/ru\/apmaksa\/","og_site_name":"Continent.lv","article_modified_time":"2026-05-01T23:38:29+00:00","twitter_card":"summary_large_image","twitter_misc":{"\u041f\u0440\u0438\u043c\u0435\u0440\u043d\u043e\u0435 \u0432\u0440\u0435\u043c\u044f \u0434\u043b\u044f \u0447\u0442\u0435\u043d\u0438\u044f":"1 \u043c\u0438\u043d\u0443\u0442\u0430"},"schema":{"@context":"https:\/\/schema.org","@graph":[{"@type":"WebPage","@id":"https:\/\/continent.lv\/apmaksa\/","url":"https:\/\/continent.lv\/apmaksa\/","name":"Apmaksa - Continent.lv","isPartOf":{"@id":"https:\/\/continent.lv\/#website"},"datePublished":"2026-05-01T23:38:28+00:00","dateModified":"2026-05-01T23:38:29+00:00","breadcrumb":{"@id":"https:\/\/continent.lv\/apmaksa\/#breadcrumb"},"inLanguage":"ru-RU","potentialAction":[{"@type":"ReadAction","target":["https:\/\/continent.lv\/apmaksa\/"]}]},{"@type":"BreadcrumbList","@id":"https:\/\/continent.lv\/apmaksa\/#breadcrumb","itemListElement":[{"@type":"ListItem","position":1,"name":"Home","item":"https:\/\/continent.lv\/"},{"@type":"ListItem","position":2,"name":"Apmaksa"}]},{"@type":"WebSite","@id":"https:\/\/continent.lv\/#website","url":"https:\/\/continent.lv\/","name":"Continent.lv","description":"Sadz\u012bves pre\u010du internetveikals","publisher":{"@id":"https:\/\/continent.lv\/#organization"},"potentialAction":[{"@type":"SearchAction","target":{"@type":"EntryPoint","urlTemplate":"https:\/\/continent.lv\/?s={search_term_string}"},"query-input":{"@type":"PropertyValueSpecification","valueRequired":true,"valueName":"search_term_string"}}],"inLanguage":"ru-RU"},{"@type":"Organization","@id":"https:\/\/continent.lv\/#organization","name":"Continent.lv","url":"https:\/\/continent.lv\/","logo":{"@type":"ImageObject","inLanguage":"ru-RU","@id":"https:\/\/continent.lv\/#\/schema\/logo\/image\/","url":"https:\/\/continent.lv\/wp-content\/uploads\/2026\/05\/logo_continent_5nwv-jh.jpg","contentUrl":"https:\/\/continent.lv\/wp-content\/uploads\/2026\/05\/logo_continent_5nwv-jh.jpg","width":221,"height":50,"caption":"Continent.lv"},"image":{"@id":"https:\/\/continent.lv\/#\/schema\/logo\/image\/"}}]}},"_links":{"self":[{"href":"https:\/\/continent.lv\/ru\/wp-json\/wp\/v2\/pages\/49558","targetHints":{"allow":["GET"]}}],"collection":[{"href":"https:\/\/continent.lv\/ru\/wp-json\/wp\/v2\/pages"}],"about":[{"href":"https:\/\/continent.lv\/ru\/wp-json\/wp\/v2\/types\/page"}],"author":[{"embeddable":true,"href":"https:\/\/continent.lv\/ru\/wp-json\/wp\/v2\/users\/1"}],"replies":[{"embeddable":true,"href":"https:\/\/continent.lv\/ru\/wp-json\/wp\/v2\/comments?post=49558"}],"version-history":[{"count":1,"href":"https:\/\/continent.lv\/ru\/wp-json\/wp\/v2\/pages\/49558\/revisions"}],"predecessor-version":[{"id":49559,"href":"https:\/\/continent.lv\/ru\/wp-json\/wp\/v2\/pages\/49558\/revisions\/49559"}],"wp:attachment":[{"href":"https:\/\/continent.lv\/ru\/wp-json\/wp\/v2\/media?parent=49558"}],"curies":[{"name":"wp","href":"https:\/\/api.w.org\/{rel}","templated":true}]}}